{"id":16529,"date":"2021-04-18T16:36:30","date_gmt":"2021-04-18T15:36:30","guid":{"rendered":"https:\/\/mamaterra.lt\/parduotuve\/maaratlemata\/apteegitill-pure-doterra-eeterlik-oli-15ml\/"},"modified":"2021-04-18T16:36:30","modified_gmt":"2021-04-18T15:36:30","slug":"apteegitill-puhas-doterra-eeterlik-oli-15ml","status":"publish","type":"product","link":"https:\/\/mamaterra.lt\/et\/parduotuve\/eeterlikud-olid\/puhtad-eeterlikud-olid\/apteegitill-puhas-doterra-eeterlik-oli-15ml\/","title":{"rendered":"APTEEGITILL Pure doTERRA eeterlik \u00f5li 15ml"},"content":{"rendered":"<p><strong>APTEEGITILL Pure doTERRA eeterlik \u00f5li<\/strong><\/p>\n<p>Foeniculum vulgare | 15ml<\/p>\n<p>&nbsp;<\/p>\n<p><strong>FENNEL Pure doTERRA eeterliku \u00f5li kirjeldus:<\/strong><\/p>\n<p>Apteegitillil, mida on kasutatud sajandeid, on mitmeid kasulikke omadusi ja peen lagritsa aroom.<\/p>\n<ul>\n<li>Maitsev lisand suppidele, kastmetele ja salatitele<\/li>\n<li>Nahale kandmine rahustab ja leevendab valu. Enne nahale kandmist lahjendage.<\/li>\n<li>Annab enesekindlust ja energiat<\/li>\n<li>Aitab seedes\u00fcsteemil toimida<\/li>\n<li>Sissepoole kasutamisel parandab see ainevahetust ja vereringet.<\/li>\n<li>  1-3 tilka (lahjendatud baas\u00f5liga) mao piirkonna m\u00e4\u00e4rimiseks enne ja p\u00e4rast s\u00f6\u00f6mist &#8211; s\u00f6\u00f6mish\u00e4irete leevendamiseks<\/li>\n<li>Tilgutage 1 -2 tilka vette v\u00f5i teele, kui teid maiustused v\u00e4ga k\u00f6idavad.<\/li>\n<li>Tilgutage ainevahetuse parandamiseks 1-2 tilka t\u00fchja kapslisse<\/li>\n<li>Aurutage hajutiga.<\/li>\n<\/ul>\n<p>Samal ajal sobivad ingveri, mandariinide, greibi, pat\u0161uli, eukal\u00fcpti, kurkumi eeterlikud \u00f5lid.<\/p>\n<p>&nbsp;<\/p>\n<p>Lisateave <strong>apteegitilli <\/strong><strong>doTERRA<\/strong> kohta<strong> <\/strong><strong>Eeterliku \u00f5li <\/strong>leiate allolevast videost.<\/p>\n<p><iframe title=\"Avastage doTERRA apteegitilli eeterliku \u00f5li eelised\" src=\"https:\/\/www.youtube.com\/embed\/N73KBACVwn4\" width=\"853\" height=\"480\" frameborder=\"0\" allowfullscreen=\"allowfullscreen\"><\/iframe><\/p>\n","protected":false},"excerpt":{"rendered":"<ul>\n<li>Maitsev lisand suppidele, kastmetele ja salatitele<\/li>\n<li>Nahale kandmine rahustab ja leevendab valu<\/li>\n<li>Annab enesekindlust ja energiat<\/li>\n<\/ul>\n","protected":false},"featured_media":12560,"template":"","meta":{"site-sidebar-layout":"default","site-content-layout":"default","ast-site-content-layout":"default","site-content-style":"default","site-sidebar-style":"default","ast-global-header-display":"","ast-banner-title-visibility":"","ast-main-header-display":"","ast-hfb-above-header-display":"","ast-hfb-below-header-display":"","ast-hfb-mobile-header-display":"","site-post-title":"","ast-breadcrumbs-content":"","ast-featured-img":"","footer-sml-layout":"","ast-disable-related-posts":"","theme-transparent-header-meta":"default","adv-header-id-meta":"","stick-header-meta":"","header-above-stick-meta":"","header-main-stick-meta":"","header-below-stick-meta":"","astra-migrate-meta-layouts":"default","ast-page-background-enabled":"default","ast-page-background-meta":{"desktop":{"background-color":"","background-image":"","background-repeat":"repeat","background-position":"center center","background-size":"auto","background-attachment":"scroll","background-type":"","background-media":"","overlay-type":"","overlay-color":"","overlay-opacity":"","overlay-gradient":""},"tablet":{"background-color":"","background-image":"","background-repeat":"repeat","background-position":"center center","background-size":"auto","background-attachment":"scroll","background-type":"","background-media":"","overlay-type":"","overlay-color":"","overlay-opacity":"","overlay-gradient":""},"mobile":{"background-color":"","background-image":"","background-repeat":"repeat","background-position":"center center","background-size":"auto","background-attachment":"scroll","background-type":"","background-media":"","overlay-type":"","overlay-color":"","overlay-opacity":"","overlay-gradient":""}},"ast-content-background-meta":{"desktop":{"background-color":"var(--ast-global-color-5)","background-image":"","background-repeat":"repeat","background-position":"center center","background-size":"auto","background-attachment":"scroll","background-type":"","background-media":"","overlay-type":"","overlay-color":"","overlay-opacity":"","overlay-gradient":""},"tablet":{"background-color":"var(--ast-global-color-5)","background-image":"","background-repeat":"repeat","background-position":"center center","background-size":"auto","background-attachment":"scroll","background-type":"","background-media":"","overlay-type":"","overlay-color":"","overlay-opacity":"","overlay-gradient":""},"mobile":{"background-color":"var(--ast-global-color-5)","background-image":"","background-repeat":"repeat","background-position":"center center","background-size":"auto","background-attachment":"scroll","background-type":"","background-media":"","overlay-type":"","overlay-color":"","overlay-opacity":"","overlay-gradient":""}}},"product_brand":[],"product_cat":[1699,1756,1705,1759],"product_tag":[724,1532,1235],"class_list":{"0":"post-16529","1":"product","2":"type-product","3":"status-publish","4":"has-post-thumbnail","6":"product_cat-eeterlikud-olid","7":"product_cat-lastele","8":"product_cat-puhtad-eeterlikud-olid","9":"product_cat-seedimine","10":"product_tag-15-ml-et-2","11":"product_tag-eeterlikud-olid","12":"product_tag-fennel-et","13":"desktop-align-left","14":"tablet-align-left","15":"mobile-align-left","17":"first","18":"instock","19":"taxable","20":"shipping-taxable","21":"purchasable","22":"product-type-simple"},"_links":{"self":[{"href":"https:\/\/mamaterra.lt\/et\/wp-json\/wp\/v2\/product\/16529","targetHints":{"allow":["GET"]}}],"collection":[{"href":"https:\/\/mamaterra.lt\/et\/wp-json\/wp\/v2\/product"}],"about":[{"href":"https:\/\/mamaterra.lt\/et\/wp-json\/wp\/v2\/types\/product"}],"wp:featuredmedia":[{"embeddable":true,"href":"https:\/\/mamaterra.lt\/et\/wp-json\/wp\/v2\/media\/12560"}],"wp:attachment":[{"href":"https:\/\/mamaterra.lt\/et\/wp-json\/wp\/v2\/media?parent=16529"}],"wp:term":[{"taxonomy":"product_brand","embeddable":true,"href":"https:\/\/mamaterra.lt\/et\/wp-json\/wp\/v2\/product_brand?post=16529"},{"taxonomy":"product_cat","embeddable":true,"href":"https:\/\/mamaterra.lt\/et\/wp-json\/wp\/v2\/product_cat?post=16529"},{"taxonomy":"product_tag","embeddable":true,"href":"https:\/\/mamaterra.lt\/et\/wp-json\/wp\/v2\/product_tag?post=16529"}],"curies":[{"name":"wp","href":"https:\/\/api.w.org\/{rel}","templated":true}]}}