{"id":16525,"date":"2021-04-18T16:41:23","date_gmt":"2021-04-18T15:41:23","guid":{"rendered":"https:\/\/mamaterra.lt\/parduotuve\/maaratlemata\/sidrun-eukalupti-pure-doterra-eeterlik-oli-15ml\/"},"modified":"2021-04-18T16:41:23","modified_gmt":"2021-04-18T15:41:23","slug":"sidrun-eukalupt-puhas-doterra-eeterlik-oli-15ml","status":"publish","type":"product","link":"https:\/\/mamaterra.lt\/et\/parduotuve\/eeterlikud-olid\/puhtad-eeterlikud-olid\/sidrun-eukalupt-puhas-doterra-eeterlik-oli-15ml\/","title":{"rendered":"SIDRUN EUKAL\u00dcPTI Pure doTERRA eeterlik \u00f5li 15ml"},"content":{"rendered":"<p><strong>SIDRUN EUKAL\u00dcPT Pure doTERRA eeterlik \u00f5li<\/strong><\/p>\n<p>Eukal\u00fcpti citriodora | 15ml<\/p>\n<p>&nbsp;<\/p>\n<p><strong>SIDRUNI EUKAL\u00dcPTI Pure doTERRA eeterliku \u00f5li kirjeldus:<\/strong><\/p>\n<p>Sidruni rukkilille eeterlik \u00f5li on nahale v\u00e4ga kasulik ja sellel on palju omadusi, millel on kasulik m\u00f5ju nahale. Sidruni koralli\u00f5li on tuntud ka oma v\u00e4rskendava aroomi poolest, mis aitab keskkonda elavdada.<\/p>\n<ul>\n<li>Puhastab nahka ja s\u00e4ilitab selle hea seisundi<\/li>\n<li>Meeleolu t\u00f5stev ja kosutav aroom<\/li>\n<li>Seda iseloomustab eriti tugev kaitse s\u00e4\u00e4skede, ruloode, puugide eest<\/li>\n<li>Puhastab ja helendab \u00f5hku<\/li>\n<li>Suurep\u00e4rane lisand rahustavale massaa\u017eile<\/li>\n<\/ul>\n<p>&nbsp;<\/p>\n<p>Rohkem infot <strong>LEMON EUCALYPTUS<\/strong><strong>doTERRA<\/strong> kohta<strong> <\/strong><strong>Eeterliku \u00f5li <\/strong>leiate allolevast videost.<\/p>\n<p><iframe title=\"Avasta doTERRA sidruni eukal\u00fcpti eeterlik \u00f5li\" src=\"https:\/\/www.youtube.com\/embed\/TNddOYjY4FU\" width=\"853\" height=\"480\" frameborder=\"0\" allowfullscreen=\"allowfullscreen\"><\/iframe><\/p>\n","protected":false},"excerpt":{"rendered":"<ul>\n<li>Puhastab nahka ja s\u00e4ilitab selle hea seisundi<\/li>\n<li>Meeleolu t\u00f5stev ja kosutav aroom<\/li>\n<li>Nahal kasutataval on palju kasulikke omadusi<\/li>\n<li>Suurep\u00e4rane lisand rahustavale massaa\u017eile<\/li>\n<\/ul>\n","protected":false},"featured_media":12758,"template":"","meta":{"site-sidebar-layout":"default","site-content-layout":"default","ast-site-content-layout":"default","site-content-style":"default","site-sidebar-style":"default","ast-global-header-display":"","ast-banner-title-visibility":"","ast-main-header-display":"","ast-hfb-above-header-display":"","ast-hfb-below-header-display":"","ast-hfb-mobile-header-display":"","site-post-title":"","ast-breadcrumbs-content":"","ast-featured-img":"","footer-sml-layout":"","ast-disable-related-posts":"","theme-transparent-header-meta":"default","adv-header-id-meta":"","stick-header-meta":"","header-above-stick-meta":"","header-main-stick-meta":"","header-below-stick-meta":"","astra-migrate-meta-layouts":"default","ast-page-background-enabled":"default","ast-page-background-meta":{"desktop":{"background-color":"","background-image":"","background-repeat":"repeat","background-position":"center center","background-size":"auto","background-attachment":"scroll","background-type":"","background-media":"","overlay-type":"","overlay-color":"","overlay-opacity":"","overlay-gradient":""},"tablet":{"background-color":"","background-image":"","background-repeat":"repeat","background-position":"center center","background-size":"auto","background-attachment":"scroll","background-type":"","background-media":"","overlay-type":"","overlay-color":"","overlay-opacity":"","overlay-gradient":""},"mobile":{"background-color":"","background-image":"","background-repeat":"repeat","background-position":"center center","background-size":"auto","background-attachment":"scroll","background-type":"","background-media":"","overlay-type":"","overlay-color":"","overlay-opacity":"","overlay-gradient":""}},"ast-content-background-meta":{"desktop":{"background-color":"var(--ast-global-color-5)","background-image":"","background-repeat":"repeat","background-position":"center center","background-size":"auto","background-attachment":"scroll","background-type":"","background-media":"","overlay-type":"","overlay-color":"","overlay-opacity":"","overlay-gradient":""},"tablet":{"background-color":"var(--ast-global-color-5)","background-image":"","background-repeat":"repeat","background-position":"center center","background-size":"auto","background-attachment":"scroll","background-type":"","background-media":"","overlay-type":"","overlay-color":"","overlay-opacity":"","overlay-gradient":""},"mobile":{"background-color":"var(--ast-global-color-5)","background-image":"","background-repeat":"repeat","background-position":"center center","background-size":"auto","background-attachment":"scroll","background-type":"","background-media":"","overlay-type":"","overlay-color":"","overlay-opacity":"","overlay-gradient":""}}},"product_brand":[],"product_cat":[1699,1729,1734,1705,1744],"product_tag":[724,1532,1126],"class_list":{"0":"post-16525","1":"product","2":"type-product","3":"status-publish","4":"has-post-thumbnail","6":"product_cat-eeterlikud-olid","7":"product_cat-immuunsuse-tugevdamiseks","8":"product_cat-massaaz","9":"product_cat-puhtad-eeterlikud-olid","10":"product_cat-saaskedest-ja-puukidest","11":"product_tag-15-ml-et-2","12":"product_tag-eeterlikud-olid","13":"product_tag-lemon-eucalyptus-et","14":"desktop-align-left","15":"tablet-align-left","16":"mobile-align-left","18":"first","19":"instock","20":"taxable","21":"shipping-taxable","22":"purchasable","23":"product-type-simple"},"_links":{"self":[{"href":"https:\/\/mamaterra.lt\/et\/wp-json\/wp\/v2\/product\/16525","targetHints":{"allow":["GET"]}}],"collection":[{"href":"https:\/\/mamaterra.lt\/et\/wp-json\/wp\/v2\/product"}],"about":[{"href":"https:\/\/mamaterra.lt\/et\/wp-json\/wp\/v2\/types\/product"}],"wp:featuredmedia":[{"embeddable":true,"href":"https:\/\/mamaterra.lt\/et\/wp-json\/wp\/v2\/media\/12758"}],"wp:attachment":[{"href":"https:\/\/mamaterra.lt\/et\/wp-json\/wp\/v2\/media?parent=16525"}],"wp:term":[{"taxonomy":"product_brand","embeddable":true,"href":"https:\/\/mamaterra.lt\/et\/wp-json\/wp\/v2\/product_brand?post=16525"},{"taxonomy":"product_cat","embeddable":true,"href":"https:\/\/mamaterra.lt\/et\/wp-json\/wp\/v2\/product_cat?post=16525"},{"taxonomy":"product_tag","embeddable":true,"href":"https:\/\/mamaterra.lt\/et\/wp-json\/wp\/v2\/product_tag?post=16525"}],"curies":[{"name":"wp","href":"https:\/\/api.w.org\/{rel}","templated":true}]}}