{"id":16516,"date":"2021-04-18T16:37:44","date_gmt":"2021-04-18T15:37:44","guid":{"rendered":"https:\/\/mamaterra.lt\/parduotuve\/maaratlemata\/geranium-pure-doterra-eeterlik-oli-15ml\/"},"modified":"2021-04-18T16:37:44","modified_gmt":"2021-04-18T15:37:44","slug":"pelargoonium-geraanium-puhas-doterra-eeterlik-oli-15ml","status":"publish","type":"product","link":"https:\/\/mamaterra.lt\/et\/parduotuve\/eeterlikud-olid\/puhtad-eeterlikud-olid\/pelargoonium-geraanium-puhas-doterra-eeterlik-oli-15ml\/","title":{"rendered":"GERANIUM Pure doTERRA eeterlik \u00f5li 15ml"},"content":{"rendered":"<p><strong>GERANIUM Pure doTERRA eeterlik \u00f5li<\/strong><\/p>\n<p>Pelargoonium graveolens | 15ml<\/p>\n<p>&nbsp;<\/p>\n<p><strong>GERANIUM Pure doTERRA eeterlik \u00f5li Kirjeldus:<\/strong><\/p>\n<p>Geranium puhastab nahka ja annab juustele terve v\u00e4limuse, seega sobib see ideaalselt kasutamiseks naha- ja juuksehooldustoodetes.<\/p>\n<ul>\n<li>Kandke otse nahale v\u00f5i hellitage n\u00e4onahka auruga<\/li>\n<li>P\u00e4rast du\u0161i all k\u00e4imist nahale kandmisel on valuvaigistav toime<\/li>\n<li>Lisage \u0161ampoonile v\u00f5i palsamile paar tilka: juuksed muutuvad terveks ja s\u00e4ravaks<\/li>\n<\/ul>\n<p>&nbsp;<\/p>\n<p>Lisateave <strong>GERANIUM<\/strong> kohta<strong> <\/strong><strong>doTERRA<\/strong><strong> <\/strong><strong>Eeterliku \u00f5li <\/strong>leiate allolevast videost.<\/p>\n<p><iframe title=\"Geranium eeterliku \u00f5li eelised, kasutusalad, &gt; hankimine doTERRA | abil Co Impact Sourcing seeria\" src=\"https:\/\/www.youtube.com\/embed\/HjudA5KQcoY\" width=\"853\" height=\"480\" frameborder=\"0\" allowfullscreen=\"allowfullscreen\"><\/iframe><\/p>\n","protected":false},"excerpt":{"rendered":"<ul>\n<li>Kandke otse nahale v\u00f5i hellitage n\u00e4onahka auruga<\/li>\n<li>P\u00e4rast du\u0161i all k\u00e4imist nahale kandmisel on valuvaigistav toime<\/li>\n<li>Lisage \u0161ampoonile v\u00f5i palsamile paar tilka: juuksed muutuvad terveks ja s\u00e4ravaks<\/li>\n<\/ul>\n","protected":false},"featured_media":12554,"template":"","meta":{"site-sidebar-layout":"default","site-content-layout":"default","ast-site-content-layout":"default","site-content-style":"default","site-sidebar-style":"default","ast-global-header-display":"","ast-banner-title-visibility":"","ast-main-header-display":"","ast-hfb-above-header-display":"","ast-hfb-below-header-display":"","ast-hfb-mobile-header-display":"","site-post-title":"","ast-breadcrumbs-content":"","ast-featured-img":"","footer-sml-layout":"","ast-disable-related-posts":"","theme-transparent-header-meta":"default","adv-header-id-meta":"","stick-header-meta":"","header-above-stick-meta":"","header-main-stick-meta":"","header-below-stick-meta":"","astra-migrate-meta-layouts":"default","ast-page-background-enabled":"default","ast-page-background-meta":{"desktop":{"background-color":"","background-image":"","background-repeat":"repeat","background-position":"center center","background-size":"auto","background-attachment":"scroll","background-type":"","background-media":"","overlay-type":"","overlay-color":"","overlay-opacity":"","overlay-gradient":""},"tablet":{"background-color":"","background-image":"","background-repeat":"repeat","background-position":"center center","background-size":"auto","background-attachment":"scroll","background-type":"","background-media":"","overlay-type":"","overlay-color":"","overlay-opacity":"","overlay-gradient":""},"mobile":{"background-color":"","background-image":"","background-repeat":"repeat","background-position":"center center","background-size":"auto","background-attachment":"scroll","background-type":"","background-media":"","overlay-type":"","overlay-color":"","overlay-opacity":"","overlay-gradient":""}},"ast-content-background-meta":{"desktop":{"background-color":"var(--ast-global-color-5)","background-image":"","background-repeat":"repeat","background-position":"center center","background-size":"auto","background-attachment":"scroll","background-type":"","background-media":"","overlay-type":"","overlay-color":"","overlay-opacity":"","overlay-gradient":""},"tablet":{"background-color":"var(--ast-global-color-5)","background-image":"","background-repeat":"repeat","background-position":"center center","background-size":"auto","background-attachment":"scroll","background-type":"","background-media":"","overlay-type":"","overlay-color":"","overlay-opacity":"","overlay-gradient":""},"mobile":{"background-color":"var(--ast-global-color-5)","background-image":"","background-repeat":"repeat","background-position":"center center","background-size":"auto","background-attachment":"scroll","background-type":"","background-media":"","overlay-type":"","overlay-color":"","overlay-opacity":"","overlay-gradient":""}}},"product_brand":[],"product_cat":[1699,1710,1734,1749,1705,1753],"product_tag":[724,1532,1200],"class_list":{"0":"post-16516","1":"product","2":"type-product","3":"status-publish","4":"has-post-thumbnail","6":"product_cat-eeterlikud-olid","7":"product_cat-hugieen-ja-nahahooldus","8":"product_cat-massaaz","9":"product_cat-ohu-puhastamine","10":"product_cat-puhtad-eeterlikud-olid","11":"product_cat-stressi-juhtimine","12":"product_tag-15-ml-et-2","13":"product_tag-eeterlikud-olid","14":"product_tag-geranium-et","15":"desktop-align-left","16":"tablet-align-left","17":"mobile-align-left","19":"first","20":"instock","21":"sale","22":"taxable","23":"shipping-taxable","24":"purchasable","25":"product-type-simple"},"_links":{"self":[{"href":"https:\/\/mamaterra.lt\/et\/wp-json\/wp\/v2\/product\/16516","targetHints":{"allow":["GET"]}}],"collection":[{"href":"https:\/\/mamaterra.lt\/et\/wp-json\/wp\/v2\/product"}],"about":[{"href":"https:\/\/mamaterra.lt\/et\/wp-json\/wp\/v2\/types\/product"}],"wp:featuredmedia":[{"embeddable":true,"href":"https:\/\/mamaterra.lt\/et\/wp-json\/wp\/v2\/media\/12554"}],"wp:attachment":[{"href":"https:\/\/mamaterra.lt\/et\/wp-json\/wp\/v2\/media?parent=16516"}],"wp:term":[{"taxonomy":"product_brand","embeddable":true,"href":"https:\/\/mamaterra.lt\/et\/wp-json\/wp\/v2\/product_brand?post=16516"},{"taxonomy":"product_cat","embeddable":true,"href":"https:\/\/mamaterra.lt\/et\/wp-json\/wp\/v2\/product_cat?post=16516"},{"taxonomy":"product_tag","embeddable":true,"href":"https:\/\/mamaterra.lt\/et\/wp-json\/wp\/v2\/product_tag?post=16516"}],"curies":[{"name":"wp","href":"https:\/\/api.w.org\/{rel}","templated":true}]}}