{"id":16508,"date":"2021-04-18T16:40:54","date_gmt":"2021-04-18T15:40:54","guid":{"rendered":"https:\/\/mamaterra.lt\/parduotuve\/maaratlemata\/sidruni-pure-doterra-eeterlik-oli-15ml\/"},"modified":"2021-04-18T16:40:54","modified_gmt":"2021-04-18T15:40:54","slug":"sidrun-puhas-doterra-eeterlik-oli-15ml","status":"publish","type":"product","link":"https:\/\/mamaterra.lt\/et\/parduotuve\/eeterlikud-olid\/puhtad-eeterlikud-olid\/sidrun-puhas-doterra-eeterlik-oli-15ml\/","title":{"rendered":"SIDRUNI Pure doTERRA eeterlik \u00f5li 15ml"},"content":{"rendered":"<p><strong>SIDRUN Pure doTERRA eeterlik \u00f5li<\/strong><\/p>\n<p>Tsitruselised limon | 15ml<\/p>\n<p>&nbsp;<\/p>\n<p><strong>LEMON Pure doTERRA eeterliku \u00f5li kirjeldus:<\/strong><\/p>\n<p>Sellel \u00f5lil, mis on \u00fcks meie enimm\u00fc\u00fcdud \u00f5lisid, on palju kasutusv\u00f5imalusi ja eeliseid. Seda pressitakse sidrunikoorest k\u00fclmas, s\u00e4ilitades seel\u00e4bi oma soolase aroomi ja tugevad omadused. Kasutatakse k\u00f5igil 3 viisil- v\u00e4liselt, aromaatselt ja sissepoole.<\/p>\n<ul>\n<li>Meeli\u00fclendav ja energiat andev \u00f5li meeleolu parandamiseks<\/li>\n<li>Ekspressiivne toidu maitsestamine<\/li>\n<li>T\u00f5hus lisand kodupuhastusvahenditele ja seebile<\/li>\n<\/ul>\n<p>&nbsp;<\/p>\n<p>Rohkem infot <strong>LEMON <\/strong><strong>doTERRA<\/strong> kohta<strong> <\/strong><strong>Eeterliku \u00f5li <\/strong>leiate allolevast videost.<\/p>\n<p><iframe title=\"doTERRA\u00ae sidruni\u00f5li kasutusalad ja eelised\" src=\"https:\/\/www.youtube.com\/embed\/nm6YPHuchCk\" width=\"853\" height=\"480\" frameborder=\"0\" allowfullscreen=\"allowfullscreen\"><\/iframe><\/p>\n","protected":false},"excerpt":{"rendered":"<ul>\n<li>Meeli\u00fclendav ja energiat andev \u00f5li aitab meeleolu parandada<\/li>\n<li>Ekspressiivne toidu maitsestamine<\/li>\n<li>T\u00f5hus lisand kodupuhastusvahenditele ja seebile<\/li>\n<\/ul>\n","protected":false},"featured_media":12755,"template":"","meta":{"site-sidebar-layout":"default","site-content-layout":"default","ast-site-content-layout":"default","site-content-style":"default","site-sidebar-style":"default","ast-global-header-display":"","ast-banner-title-visibility":"","ast-main-header-display":"","ast-hfb-above-header-display":"","ast-hfb-below-header-display":"","ast-hfb-mobile-header-display":"","site-post-title":"","ast-breadcrumbs-content":"","ast-featured-img":"","footer-sml-layout":"","ast-disable-related-posts":"","theme-transparent-header-meta":"default","adv-header-id-meta":"","stick-header-meta":"","header-above-stick-meta":"","header-main-stick-meta":"","header-below-stick-meta":"","astra-migrate-meta-layouts":"default","ast-page-background-enabled":"default","ast-page-background-meta":{"desktop":{"background-color":"","background-image":"","background-repeat":"repeat","background-position":"center center","background-size":"auto","background-attachment":"scroll","background-type":"","background-media":"","overlay-type":"","overlay-color":"","overlay-opacity":"","overlay-gradient":""},"tablet":{"background-color":"","background-image":"","background-repeat":"repeat","background-position":"center center","background-size":"auto","background-attachment":"scroll","background-type":"","background-media":"","overlay-type":"","overlay-color":"","overlay-opacity":"","overlay-gradient":""},"mobile":{"background-color":"","background-image":"","background-repeat":"repeat","background-position":"center center","background-size":"auto","background-attachment":"scroll","background-type":"","background-media":"","overlay-type":"","overlay-color":"","overlay-opacity":"","overlay-gradient":""}},"ast-content-background-meta":{"desktop":{"background-color":"var(--ast-global-color-5)","background-image":"","background-repeat":"repeat","background-position":"center center","background-size":"auto","background-attachment":"scroll","background-type":"","background-media":"","overlay-type":"","overlay-color":"","overlay-opacity":"","overlay-gradient":""},"tablet":{"background-color":"var(--ast-global-color-5)","background-image":"","background-repeat":"repeat","background-position":"center center","background-size":"auto","background-attachment":"scroll","background-type":"","background-media":"","overlay-type":"","overlay-color":"","overlay-opacity":"","overlay-gradient":""},"mobile":{"background-color":"var(--ast-global-color-5)","background-image":"","background-repeat":"repeat","background-position":"center center","background-size":"auto","background-attachment":"scroll","background-type":"","background-media":"","overlay-type":"","overlay-color":"","overlay-opacity":"","overlay-gradient":""}}},"product_brand":[],"product_cat":[1699,1729,1731,1756,1705,1744],"product_tag":[724,1532,1579],"class_list":{"0":"post-16508","1":"product","2":"type-product","3":"status-publish","4":"has-post-thumbnail","6":"product_cat-eeterlikud-olid","7":"product_cat-immuunsuse-tugevdamiseks","8":"product_cat-keskendumiseks","9":"product_cat-lastele","10":"product_cat-puhtad-eeterlikud-olid","11":"product_cat-saaskedest-ja-puukidest","12":"product_tag-15-ml-et-2","13":"product_tag-eeterlikud-olid","14":"product_tag-populaarne","15":"desktop-align-left","16":"tablet-align-left","17":"mobile-align-left","19":"first","20":"instock","21":"sale","22":"taxable","23":"shipping-taxable","24":"purchasable","25":"product-type-simple"},"_links":{"self":[{"href":"https:\/\/mamaterra.lt\/et\/wp-json\/wp\/v2\/product\/16508","targetHints":{"allow":["GET"]}}],"collection":[{"href":"https:\/\/mamaterra.lt\/et\/wp-json\/wp\/v2\/product"}],"about":[{"href":"https:\/\/mamaterra.lt\/et\/wp-json\/wp\/v2\/types\/product"}],"wp:featuredmedia":[{"embeddable":true,"href":"https:\/\/mamaterra.lt\/et\/wp-json\/wp\/v2\/media\/12755"}],"wp:attachment":[{"href":"https:\/\/mamaterra.lt\/et\/wp-json\/wp\/v2\/media?parent=16508"}],"wp:term":[{"taxonomy":"product_brand","embeddable":true,"href":"https:\/\/mamaterra.lt\/et\/wp-json\/wp\/v2\/product_brand?post=16508"},{"taxonomy":"product_cat","embeddable":true,"href":"https:\/\/mamaterra.lt\/et\/wp-json\/wp\/v2\/product_cat?post=16508"},{"taxonomy":"product_tag","embeddable":true,"href":"https:\/\/mamaterra.lt\/et\/wp-json\/wp\/v2\/product_tag?post=16508"}],"curies":[{"name":"wp","href":"https:\/\/api.w.org\/{rel}","templated":true}]}}