{"id":16499,"date":"2021-04-18T16:37:09","date_gmt":"2021-04-18T15:37:09","guid":{"rendered":"https:\/\/mamaterra.lt\/parduotuve\/maaratlemata\/boswellia-frankincense-puhas-doterra-eeterlik-oli-15ml\/"},"modified":"2021-04-18T16:37:09","modified_gmt":"2021-04-18T15:37:09","slug":"boswelliju-frankincense-pure-doterra-eeterlik-oli-15ml","status":"publish","type":"product","link":"https:\/\/mamaterra.lt\/et\/parduotuve\/eeterlikud-olid\/puhtad-eeterlikud-olid\/boswelliju-frankincense-pure-doterra-eeterlik-oli-15ml\/","title":{"rendered":"Boswellia (FRANKINCENSE) Puhas doTERRA eeterlik \u00f5li 15ml"},"content":{"rendered":"<p><strong>Boswellia (FRANKINCENSE) Puhas doTERRA eeterlik \u00f5li<\/strong><\/p>\n<p>Boswellia carterii, frereana, sacra | 15ml<\/p>\n<p>&nbsp;<\/p>\n<p><strong>Boswellia (FRANKINCENSE) Pure doTERRA eeterlik \u00f5li Kirjeldus, kasutusalad ja \u00fcldised omadused:<\/strong><\/p>\n<ul>\n<li><strong>Populaarne ja eriline eeterlik \u00f5li<\/strong><\/li>\n<\/ul>\n<p>Viiruki boswellia eeterlik \u00f5li ekstraheeritakse boswelliapuust ja seda kasutatakse aroomiteraapias. Selle puu koores tehakse sissel\u00f5iked, millega voolab valkja taime mahl, mis \u00f5huga reageerides muutub m\u00f5ne n\u00e4dala p\u00e4rast k\u00f5vaks vaigul.<\/p>\n<p>See puuvaik ehk teisis\u00f5nu vaik destilleeritakse, eraldades seel\u00e4bi viiruki eeterliku \u00f5li. Selle l\u00f5hn on s\u00e4rav, m\u00f5nev\u00f5rra sarnane meile tuttavale vaigusale aroomile ja seda peetakse \u00fcheks k\u00f5ige luksuslikumaks l\u00f5hnaaineks maailmas. Sest iidsetel aegadel p\u00f5letati altaritel ja templites boswelli vaiku, kuna need aeglustavad ja s\u00fcvendavad hingamist, mis rahustab ja loob tingimused palvetamiseks ja mediteerimiseks.<\/p>\n<ul>\n<li><strong>V\u00f5itleb negatiivsete emotsioonidega ja t\u00f5stab meeleolu<\/strong><\/li>\n<\/ul>\n<p>Nimi Frankincense p\u00e4rineb prantsuskeelsest terminist &#8220;franc encens&#8221;, mis t\u00e4hendab &#8220;kvaliteetset viirukit&#8221;, nii et v\u00f5ime eeldada, et see maine l\u00f5hn v\u00f5itleb negatiivsete emotsioonidega ja aitab rahuneda.<\/p>\n<p>Alguses mainisime, et seda l\u00f5hna kasutati iidsetel aegadel, templites, abimehena rahunemiseks ja s\u00fcgavasse meditatsiooni sukeldumiseks. Vaid paar tilka hajutis \u00fcmbritseb keskkonda rahulikkus ja peseb \u00e4ra k\u00f5ik negatiivsed energiad, mis ruumis p\u00fcsivad. Tilk vannis l\u00f5dvestab nii lihaseid kui ka hinge. Sa tunned end rahulikult ja puhanuna.<\/p>\n<ul>\n<li><strong>Osa nahahooldusest<\/strong><\/li>\n<\/ul>\n<p>V\u00f5ib-olla k\u00f5ige v\u00e4\u00e4rtuslikum k\u00f5igist iidsetest \u00f5lidest, boswellia eeterlik \u00f5li on v\u00e4ga mitmek\u00fclgne ja omab mitmeid kasulikke omadusi.<\/p>\n<p>Segades eeterlikku \u00f5li baas\u00f5lidega, nagu kookos- v\u00f5i oliiv\u00f5li, on teil suurep\u00e4rane vahend kortsude ja naha vananemise vastu. Viirukite eeterlik \u00f5li sobib h\u00e4sti tsitruseliste eeterlike \u00f5lidega nagu bergamott, sidrun ja apelsin. Kui eelistate rikkalikumaid l\u00f5hnu, segage seedri, sandlipuu ja m\u00fcrri eeterlike \u00f5lidega. Ja \u00f5rnade, naiselike l\u00f5hnade saamiseks: ylang ylang, roosi ja lavendli eeterlikud \u00f5lid.<\/p>\n<p>See \u00f5li, mis l\u00f5hnab iidse puidu, vaigu, looduse ja religiooni j\u00e4rele, on t\u00e4nap\u00e4evalgi asjakohane. Kaasaegses maailmas, kus on nii palju s\u00fcnteetilisi tooteid, ebakindla koostisega kaupu ja uurimata keemiat, p\u00f6\u00f6rduge looduse poole, toetuge selle pakutavatele maiuspaladele. Sa oled looduse laps.<\/p>\n<p>National Geographic oli avaldanud artikli, mis r\u00e4\u00e4kis sellest, miks Boswellia puud on ohus, kus mainitakse ka doTERRA-d, mis kaevandab Frantsinence&#8217;i naftat eetilisel viisil selle rikkuse s\u00e4ilitamiseks.<\/p>\n<p>&nbsp;<\/p>\n<p>Rohkem infot <strong>boswellia (FRANKINCENSE) <\/strong><strong>doTERRA eeterliku \u00f5li<\/strong> kohta<strong> <\/strong><strong>leiate<\/strong> allolevast videost.<\/p>\n<p><iframe title=\"Kuidas kasutada doTERRA viirukit\" src=\"https:\/\/www.youtube.com\/embed\/L4fIcGq0QO8\" width=\"853\" height=\"480\" frameborder=\"0\" allowfullscreen=\"allowfullscreen\"><\/iframe><\/p>\n","protected":false},"excerpt":{"rendered":"<ul>\n<li>V\u00e4hendab naha puudusi ja noorendab nahka<\/li>\n<li>Aitab l\u00f5\u00f5gastuda ja annab emotsionaalse tasakaalu<\/li>\n<li>Rahustab nahka<\/li>\n<\/ul>\n","protected":false},"featured_media":13376,"template":"","meta":{"site-sidebar-layout":"default","site-content-layout":"default","ast-site-content-layout":"default","site-content-style":"default","site-sidebar-style":"default","ast-global-header-display":"","ast-banner-title-visibility":"","ast-main-header-display":"","ast-hfb-above-header-display":"","ast-hfb-below-header-display":"","ast-hfb-mobile-header-display":"","site-post-title":"","ast-breadcrumbs-content":"","ast-featured-img":"","footer-sml-layout":"","ast-disable-related-posts":"","theme-transparent-header-meta":"default","adv-header-id-meta":"","stick-header-meta":"","header-above-stick-meta":"","header-main-stick-meta":"","header-below-stick-meta":"","astra-migrate-meta-layouts":"default","ast-page-background-enabled":"default","ast-page-background-meta":{"desktop":{"background-color":"","background-image":"","background-repeat":"repeat","background-position":"center center","background-size":"auto","background-attachment":"scroll","background-type":"","background-media":"","overlay-type":"","overlay-color":"","overlay-opacity":"","overlay-gradient":""},"tablet":{"background-color":"","background-image":"","background-repeat":"repeat","background-position":"center center","background-size":"auto","background-attachment":"scroll","background-type":"","background-media":"","overlay-type":"","overlay-color":"","overlay-opacity":"","overlay-gradient":""},"mobile":{"background-color":"","background-image":"","background-repeat":"repeat","background-position":"center center","background-size":"auto","background-attachment":"scroll","background-type":"","background-media":"","overlay-type":"","overlay-color":"","overlay-opacity":"","overlay-gradient":""}},"ast-content-background-meta":{"desktop":{"background-color":"var(--ast-global-color-5)","background-image":"","background-repeat":"repeat","background-position":"center center","background-size":"auto","background-attachment":"scroll","background-type":"","background-media":"","overlay-type":"","overlay-color":"","overlay-opacity":"","overlay-gradient":""},"tablet":{"background-color":"var(--ast-global-color-5)","background-image":"","background-repeat":"repeat","background-position":"center center","background-size":"auto","background-attachment":"scroll","background-type":"","background-media":"","overlay-type":"","overlay-color":"","overlay-opacity":"","overlay-gradient":""},"mobile":{"background-color":"var(--ast-global-color-5)","background-image":"","background-repeat":"repeat","background-position":"center center","background-size":"auto","background-attachment":"scroll","background-type":"","background-media":"","overlay-type":"","overlay-color":"","overlay-opacity":"","overlay-gradient":""}}},"product_brand":[],"product_cat":[1699,1710,1729,1731,1734,1705,1753],"product_tag":[724,1532,1200],"class_list":{"0":"post-16499","1":"product","2":"type-product","3":"status-publish","4":"has-post-thumbnail","6":"product_cat-eeterlikud-olid","7":"product_cat-hugieen-ja-nahahooldus","8":"product_cat-immuunsuse-tugevdamiseks","9":"product_cat-keskendumiseks","10":"product_cat-massaaz","11":"product_cat-puhtad-eeterlikud-olid","12":"product_cat-stressi-juhtimine","13":"product_tag-15-ml-et-2","14":"product_tag-eeterlikud-olid","15":"product_tag-geranium-et","16":"desktop-align-left","17":"tablet-align-left","18":"mobile-align-left","20":"first","21":"instock","22":"taxable","23":"shipping-taxable","24":"purchasable","25":"product-type-simple"},"_links":{"self":[{"href":"https:\/\/mamaterra.lt\/et\/wp-json\/wp\/v2\/product\/16499","targetHints":{"allow":["GET"]}}],"collection":[{"href":"https:\/\/mamaterra.lt\/et\/wp-json\/wp\/v2\/product"}],"about":[{"href":"https:\/\/mamaterra.lt\/et\/wp-json\/wp\/v2\/types\/product"}],"wp:featuredmedia":[{"embeddable":true,"href":"https:\/\/mamaterra.lt\/et\/wp-json\/wp\/v2\/media\/13376"}],"wp:attachment":[{"href":"https:\/\/mamaterra.lt\/et\/wp-json\/wp\/v2\/media?parent=16499"}],"wp:term":[{"taxonomy":"product_brand","embeddable":true,"href":"https:\/\/mamaterra.lt\/et\/wp-json\/wp\/v2\/product_brand?post=16499"},{"taxonomy":"product_cat","embeddable":true,"href":"https:\/\/mamaterra.lt\/et\/wp-json\/wp\/v2\/product_cat?post=16499"},{"taxonomy":"product_tag","embeddable":true,"href":"https:\/\/mamaterra.lt\/et\/wp-json\/wp\/v2\/product_tag?post=16499"}],"curies":[{"name":"wp","href":"https:\/\/api.w.org\/{rel}","templated":true}]}}