{"id":16488,"date":"2021-04-18T16:38:15","date_gmt":"2021-04-18T15:38:15","guid":{"rendered":"https:\/\/mamaterra.lt\/parduotuve\/maaratlemata\/ginger-pure-doterra-eeterlik-oli-15ml\/"},"modified":"2021-04-18T16:38:15","modified_gmt":"2021-04-18T15:38:15","slug":"ingver-puhas-doterra-eeterlik-oli-15ml","status":"publish","type":"product","link":"https:\/\/mamaterra.lt\/et\/parduotuve\/eeterlikud-olid\/puhtad-eeterlikud-olid\/ingver-puhas-doterra-eeterlik-oli-15ml\/","title":{"rendered":"GINGER Pure doTERRA eeterlik \u00f5li 15ml"},"content":{"rendered":"<p><strong>GINGER Pure doTERRA eeterlik \u00f5li<\/strong><\/p>\n<p>Zingiber officinale | 15ml<\/p>\n<p>&nbsp;<\/p>\n<p><strong>GINGER Pure doTERRA eeterliku \u00f5li kirjeldus:<\/strong><\/p>\n<p>doTERRA ingveri eeterlik \u00f5li ekstraheeritakse v\u00e4rsketest ingveri risoomidest. Ingveri eeterlik \u00f5li on k\u00f5ige paremini tuntud oma magusa aroomi poolest.<\/p>\n<ul>\n<li>L\u00f5hnav ja rahustav aroom<\/li>\n<li>Populaarne v\u00fcrts, mida kasutatakse paljudes roogades \u00fcle maailma<\/li>\n<li>Nahale kandmisel soojendab see seda<\/li>\n<\/ul>\n<p>&nbsp;<\/p>\n<p>Rohkem infot <strong>INGVERI<\/strong> kohta<strong> <\/strong><strong>doTERRA<\/strong><strong> <\/strong><strong>Eeterliku \u00f5li <\/strong>leiate allolevast videost.<\/p>\n<p><iframe title=\"INGVERI EETERLIKU \u00d5LI KASUTUSALAD JA EELISED| Rullpudeli retseptid ja hajutisegud\" src=\"https:\/\/www.youtube.com\/embed\/9Lh6HI4GIQA\" width=\"853\" height=\"480\" frameborder=\"0\" allowfullscreen=\"allowfullscreen\"><\/iframe><\/p>\n","protected":false},"excerpt":{"rendered":"<ul>\n<li>L\u00f5hnav ja rahustav aroom<\/li>\n<li>Populaarne v\u00fcrts, mida kasutatakse paljudes roogades \u00fcle maailma<\/li>\n<li>Nahale kandmisel soojendab see seda<\/li>\n<\/ul>\n","protected":false},"featured_media":12641,"template":"","meta":{"site-sidebar-layout":"default","site-content-layout":"default","ast-site-content-layout":"default","site-content-style":"default","site-sidebar-style":"default","ast-global-header-display":"","ast-banner-title-visibility":"","ast-main-header-display":"","ast-hfb-above-header-display":"","ast-hfb-below-header-display":"","ast-hfb-mobile-header-display":"","site-post-title":"","ast-breadcrumbs-content":"","ast-featured-img":"","footer-sml-layout":"","ast-disable-related-posts":"","theme-transparent-header-meta":"default","adv-header-id-meta":"","stick-header-meta":"","header-above-stick-meta":"","header-main-stick-meta":"","header-below-stick-meta":"","astra-migrate-meta-layouts":"default","ast-page-background-enabled":"default","ast-page-background-meta":{"desktop":{"background-color":"","background-image":"","background-repeat":"repeat","background-position":"center center","background-size":"auto","background-attachment":"scroll","background-type":"","background-media":"","overlay-type":"","overlay-color":"","overlay-opacity":"","overlay-gradient":""},"tablet":{"background-color":"","background-image":"","background-repeat":"repeat","background-position":"center center","background-size":"auto","background-attachment":"scroll","background-type":"","background-media":"","overlay-type":"","overlay-color":"","overlay-opacity":"","overlay-gradient":""},"mobile":{"background-color":"","background-image":"","background-repeat":"repeat","background-position":"center center","background-size":"auto","background-attachment":"scroll","background-type":"","background-media":"","overlay-type":"","overlay-color":"","overlay-opacity":"","overlay-gradient":""}},"ast-content-background-meta":{"desktop":{"background-color":"var(--ast-global-color-5)","background-image":"","background-repeat":"repeat","background-position":"center center","background-size":"auto","background-attachment":"scroll","background-type":"","background-media":"","overlay-type":"","overlay-color":"","overlay-opacity":"","overlay-gradient":""},"tablet":{"background-color":"var(--ast-global-color-5)","background-image":"","background-repeat":"repeat","background-position":"center center","background-size":"auto","background-attachment":"scroll","background-type":"","background-media":"","overlay-type":"","overlay-color":"","overlay-opacity":"","overlay-gradient":""},"mobile":{"background-color":"var(--ast-global-color-5)","background-image":"","background-repeat":"repeat","background-position":"center center","background-size":"auto","background-attachment":"scroll","background-type":"","background-media":"","overlay-type":"","overlay-color":"","overlay-opacity":"","overlay-gradient":""}}},"product_brand":[],"product_cat":[1699,1734,1705,1759],"product_tag":[724,1532,1197],"class_list":{"0":"post-16488","1":"product","2":"type-product","3":"status-publish","4":"has-post-thumbnail","6":"product_cat-eeterlikud-olid","7":"product_cat-massaaz","8":"product_cat-puhtad-eeterlikud-olid","9":"product_cat-seedimine","10":"product_tag-15-ml-et-2","11":"product_tag-eeterlikud-olid","12":"product_tag-ginger-et","13":"desktop-align-left","14":"tablet-align-left","15":"mobile-align-left","17":"first","18":"instock","19":"sale","20":"taxable","21":"shipping-taxable","22":"purchasable","23":"product-type-simple"},"_links":{"self":[{"href":"https:\/\/mamaterra.lt\/et\/wp-json\/wp\/v2\/product\/16488","targetHints":{"allow":["GET"]}}],"collection":[{"href":"https:\/\/mamaterra.lt\/et\/wp-json\/wp\/v2\/product"}],"about":[{"href":"https:\/\/mamaterra.lt\/et\/wp-json\/wp\/v2\/types\/product"}],"wp:featuredmedia":[{"embeddable":true,"href":"https:\/\/mamaterra.lt\/et\/wp-json\/wp\/v2\/media\/12641"}],"wp:attachment":[{"href":"https:\/\/mamaterra.lt\/et\/wp-json\/wp\/v2\/media?parent=16488"}],"wp:term":[{"taxonomy":"product_brand","embeddable":true,"href":"https:\/\/mamaterra.lt\/et\/wp-json\/wp\/v2\/product_brand?post=16488"},{"taxonomy":"product_cat","embeddable":true,"href":"https:\/\/mamaterra.lt\/et\/wp-json\/wp\/v2\/product_cat?post=16488"},{"taxonomy":"product_tag","embeddable":true,"href":"https:\/\/mamaterra.lt\/et\/wp-json\/wp\/v2\/product_tag?post=16488"}],"curies":[{"name":"wp","href":"https:\/\/api.w.org\/{rel}","templated":true}]}}