{"id":16475,"date":"2021-04-18T16:45:33","date_gmt":"2021-04-18T15:45:33","guid":{"rendered":"https:\/\/mamaterra.lt\/parduotuve\/maaratlemata\/petitgrain-pure-doterra-eeterlik-oli-15ml\/"},"modified":"2021-04-18T16:45:33","modified_gmt":"2021-04-18T15:45:33","slug":"petitgrain-pure-doterra-eeterlik-oli-15ml","status":"publish","type":"product","link":"https:\/\/mamaterra.lt\/et\/parduotuve\/eeterlikud-olid\/puhtad-eeterlikud-olid\/petitgrain-pure-doterra-eeterlik-oli-15ml\/","title":{"rendered":"PETITGRAIN Pure doTERRA eeterlik \u00f5li 15ml"},"content":{"rendered":"<p><strong>PETITGRAIN Pure doTERRA eeterlik \u00f5li<\/strong><\/p>\n<p>Citrus aurantium | 15ml<\/p>\n<p>&nbsp;<\/p>\n<p><strong>PETITGRAIN Tyro doTERRA eeterlik \u00f5li Kirjeldus:<\/strong><\/p>\n<p>Petitgreini eeterlikul \u00f5lil on v\u00e4rskendav, kergelt taimne aroom ja rohkesti kasutusv\u00f5imalusi.<\/p>\n<ul>\n<li>Rahustav ja l\u00f5\u00f5gastav aroom<\/li>\n<li>Ideaalne l\u00f5\u00f5gastavaks massaa\u017eiks<\/li>\n<li>V\u00e4hendab naha puudusi<\/li>\n<\/ul>\n<p>&nbsp;<\/p>\n<p>Lisateave <strong>PETITGRAINi<\/strong> kohta<strong> <\/strong><strong>doTERRA<\/strong><strong> <\/strong><strong>Eeterliku \u00f5li <\/strong>leiate allolevast videost.<\/p>\n<p><iframe title=\"doTERRA allikas sulle Lugu: Petitgraini eeterlik \u00f5li\" src=\"https:\/\/www.youtube.com\/embed\/JfN93MxZ-wk\" width=\"853\" height=\"480\" frameborder=\"0\" allowfullscreen=\"allowfullscreen\"><\/iframe><\/p>\n","protected":false},"excerpt":{"rendered":"<ul>\n<li>Rahustav ja l\u00f5\u00f5gastav aroom<\/li>\n<li>Ideaalne l\u00f5\u00f5gastavaks massaa\u017eiks<\/li>\n<li>V\u00e4hendab naha puudusi<\/li>\n<\/ul>\n","protected":false},"featured_media":12791,"template":"","meta":{"site-sidebar-layout":"default","site-content-layout":"default","ast-site-content-layout":"default","site-content-style":"default","site-sidebar-style":"default","ast-global-header-display":"","ast-banner-title-visibility":"","ast-main-header-display":"","ast-hfb-above-header-display":"","ast-hfb-below-header-display":"","ast-hfb-mobile-header-display":"","site-post-title":"","ast-breadcrumbs-content":"","ast-featured-img":"","footer-sml-layout":"","ast-disable-related-posts":"","theme-transparent-header-meta":"default","adv-header-id-meta":"","stick-header-meta":"","header-above-stick-meta":"","header-main-stick-meta":"","header-below-stick-meta":"","astra-migrate-meta-layouts":"default","ast-page-background-enabled":"default","ast-page-background-meta":{"desktop":{"background-color":"","background-image":"","background-repeat":"repeat","background-position":"center center","background-size":"auto","background-attachment":"scroll","background-type":"","background-media":"","overlay-type":"","overlay-color":"","overlay-opacity":"","overlay-gradient":""},"tablet":{"background-color":"","background-image":"","background-repeat":"repeat","background-position":"center center","background-size":"auto","background-attachment":"scroll","background-type":"","background-media":"","overlay-type":"","overlay-color":"","overlay-opacity":"","overlay-gradient":""},"mobile":{"background-color":"","background-image":"","background-repeat":"repeat","background-position":"center center","background-size":"auto","background-attachment":"scroll","background-type":"","background-media":"","overlay-type":"","overlay-color":"","overlay-opacity":"","overlay-gradient":""}},"ast-content-background-meta":{"desktop":{"background-color":"var(--ast-global-color-5)","background-image":"","background-repeat":"repeat","background-position":"center center","background-size":"auto","background-attachment":"scroll","background-type":"","background-media":"","overlay-type":"","overlay-color":"","overlay-opacity":"","overlay-gradient":""},"tablet":{"background-color":"var(--ast-global-color-5)","background-image":"","background-repeat":"repeat","background-position":"center center","background-size":"auto","background-attachment":"scroll","background-type":"","background-media":"","overlay-type":"","overlay-color":"","overlay-opacity":"","overlay-gradient":""},"mobile":{"background-color":"var(--ast-global-color-5)","background-image":"","background-repeat":"repeat","background-position":"center center","background-size":"auto","background-attachment":"scroll","background-type":"","background-media":"","overlay-type":"","overlay-color":"","overlay-opacity":"","overlay-gradient":""}}},"product_brand":[],"product_cat":[1699,1737,1705],"product_tag":[724,1532,1021],"class_list":{"0":"post-16475","1":"product","2":"type-product","3":"status-publish","4":"has-post-thumbnail","6":"product_cat-eeterlikud-olid","7":"product_cat-magamiseks","8":"product_cat-puhtad-eeterlikud-olid","9":"product_tag-15-ml-et-2","10":"product_tag-eeterlikud-olid","11":"product_tag-petitgrain-et","12":"desktop-align-left","13":"tablet-align-left","14":"mobile-align-left","16":"first","17":"instock","18":"taxable","19":"shipping-taxable","20":"purchasable","21":"product-type-simple"},"_links":{"self":[{"href":"https:\/\/mamaterra.lt\/et\/wp-json\/wp\/v2\/product\/16475","targetHints":{"allow":["GET"]}}],"collection":[{"href":"https:\/\/mamaterra.lt\/et\/wp-json\/wp\/v2\/product"}],"about":[{"href":"https:\/\/mamaterra.lt\/et\/wp-json\/wp\/v2\/types\/product"}],"wp:featuredmedia":[{"embeddable":true,"href":"https:\/\/mamaterra.lt\/et\/wp-json\/wp\/v2\/media\/12791"}],"wp:attachment":[{"href":"https:\/\/mamaterra.lt\/et\/wp-json\/wp\/v2\/media?parent=16475"}],"wp:term":[{"taxonomy":"product_brand","embeddable":true,"href":"https:\/\/mamaterra.lt\/et\/wp-json\/wp\/v2\/product_brand?post=16475"},{"taxonomy":"product_cat","embeddable":true,"href":"https:\/\/mamaterra.lt\/et\/wp-json\/wp\/v2\/product_cat?post=16475"},{"taxonomy":"product_tag","embeddable":true,"href":"https:\/\/mamaterra.lt\/et\/wp-json\/wp\/v2\/product_tag?post=16475"}],"curies":[{"name":"wp","href":"https:\/\/api.w.org\/{rel}","templated":true}]}}