{"id":16474,"date":"2021-04-18T16:43:22","date_gmt":"2021-04-18T15:43:22","guid":{"rendered":"https:\/\/mamaterra.lt\/parduotuve\/maaratlemata\/myrrh-pure-doterra-eeterlik-oli-15ml\/"},"modified":"2021-04-18T16:43:22","modified_gmt":"2021-04-18T15:43:22","slug":"murr-puhas-doterra-eeterlik-oli-15ml","status":"publish","type":"product","link":"https:\/\/mamaterra.lt\/et\/parduotuve\/eeterlikud-olid\/puhtad-eeterlikud-olid\/murr-puhas-doterra-eeterlik-oli-15ml\/","title":{"rendered":"MYRRH Pure doTERRA eeterlik \u00f5li 15ml"},"content":{"rendered":"<p><strong>MYRRH Pure doTERRA eeterlik \u00f5li<\/strong><\/p>\n<p>Commiphora myrrha | 15ml<\/p>\n<p>&nbsp;<\/p>\n<p><strong>MYRRH Pure doTERRA eeterliku \u00f5li kirjeldus ja koostisosad:<\/strong><\/p>\n<p>M\u00fcrri\u00f5lil on v\u00f5imsad puhastavad omadused, eriti hea igemetele, kurgule, suule, nahale annab noorusliku v\u00e4limuse, rahustab, v\u00f5ib oma aroomiga luua inspireeriva atmosf\u00e4\u00e4ri.<\/p>\n<p>Iidsed dokumendid n\u00e4itavad, et mirat peeti nii v\u00e4\u00e4rtuslikuks, et m\u00f5nikord oli kulla ja Mira hind grammi kohta v\u00f5rdne.<\/p>\n<p>Myrrhi eeterlikku \u00f5li ekstraheeritakse v\u00e4ikese torkiva M\u00fcrripuu vaigust ja seda on sajandeid kasutatud t\u00e4nu selle sisemistele ja v\u00e4listele tervisega seotud eelistele.<\/p>\n<p>Mirat on l\u00e4bi ajaloo kasutatud parf\u00fc\u00fcmina, viirukina ja tervise heaks. Seda on kasutatud ka palsameerimisel ja religioossetel tseremooniatel. \u00b7<\/p>\n<p><strong>MYRRH Pure doTERRA eeterliku \u00f5li kasutamine:<\/strong><\/p>\n<ul>\n<li>Lisage hambapastale \u00fcks v\u00f5i kaks tilka M\u00fcrri\u00f5li, et suurendada puhastavat toimet.\u00b7<\/li>\n<li>Auru m\u00fcrri eeterlik \u00f5li tasakaalustatud atmosf\u00e4\u00e4ri loomiseks.\u00b7<\/li>\n<li>Lisa oma kreemile\/niisutajale, et v\u00e4hendada peente joonte ja kortsude teket.\u00b7<\/li>\n<li>Lisage veele \u00fcks v\u00f5i kaks tilka ja kuristage kurku\u00b7<\/li>\n<li>Joo 1 tilk veega\u00b7<\/li>\n<li>V\u00f5ib parandada teie k\u00fc\u00fcnte seisundit do-it-yourself kreem. 4 lihtsat koostisosa &#8211; sheav\u00f5i, mesilasvaha, doTERRA fraktsioneeritud kookos\u00f5li ja m\u00fcrri\u00f5li &#8211; annavad teie k\u00fc\u00fcntele kiiresti tervisliku v\u00e4limuse. Seda segu v\u00f5ib kasutada ka k\u00e4tel, huultel v\u00f5i kuival nahal.<\/li>\n<li>M\u00fcrri eeterlik \u00f5li paljastab hinge \u00fchenduse nii maise Emaga kui ka Emakese Maaga. See ravib varajase lapsep\u00f5lve traumasid &#8211; v\u00f5ib-olla kasvasite \u00fcles ilma emata v\u00f5i v\u00f5ib-olla ei armastanud ema teid nii, nagu soovisite (teie silmis lapsena)- M\u00fcrri eeterlik \u00f5li loob turvatunde, soodustab usaldust.<\/li>\n<\/ul>\n<p>Ajalooliselt on m\u00fcrri eeterlikku \u00f5li kasutatud mitmel viisil, alates meditatsioonist kuni palsameerimiseni, ja seda soovitatakse sageli ka t\u00e4nap\u00e4eval.<\/p>\n<p>&nbsp;<\/p>\n<p>Lisateave  <strong> <\/strong> <strong>m\u00fcrr<\/strong> <strong>doTERRA<\/strong> kohta<strong> <\/strong><strong>Eeterliku \u00f5li <\/strong>leiate allolevast videost.<\/p>\n<p><iframe title=\"d\u014dTERRA Myrrh eeterlik \u00f5li\" src=\"https:\/\/www.youtube.com\/embed\/foVE7H7r_nk\" width=\"853\" height=\"480\" frameborder=\"0\" allowfullscreen=\"allowfullscreen\"><\/iframe><\/p>\n","protected":false},"excerpt":{"rendered":"<ul>\n<li>Aitab tunda emotsionaalset tasakaalu ja heaolutunnet<\/li>\n<li>Suurep\u00e4rane puhastusvahend, mis sobib eriti h\u00e4sti kurgule ja suule<\/li>\n<li>Rahustab nahka, muudab selle puhtaks ja n\u00e4eb nooruslik v\u00e4lja<\/li>\n<\/ul>\n","protected":false},"featured_media":12581,"template":"","meta":{"site-sidebar-layout":"default","site-content-layout":"default","ast-site-content-layout":"default","site-content-style":"default","site-sidebar-style":"default","ast-global-header-display":"","ast-banner-title-visibility":"","ast-main-header-display":"","ast-hfb-above-header-display":"","ast-hfb-below-header-display":"","ast-hfb-mobile-header-display":"","site-post-title":"","ast-breadcrumbs-content":"","ast-featured-img":"","footer-sml-layout":"","ast-disable-related-posts":"","theme-transparent-header-meta":"default","adv-header-id-meta":"","stick-header-meta":"","header-above-stick-meta":"","header-main-stick-meta":"","header-below-stick-meta":"","astra-migrate-meta-layouts":"default","ast-page-background-enabled":"default","ast-page-background-meta":{"desktop":{"background-color":"","background-image":"","background-repeat":"repeat","background-position":"center center","background-size":"auto","background-attachment":"scroll","background-type":"","background-media":"","overlay-type":"","overlay-color":"","overlay-opacity":"","overlay-gradient":""},"tablet":{"background-color":"","background-image":"","background-repeat":"repeat","background-position":"center center","background-size":"auto","background-attachment":"scroll","background-type":"","background-media":"","overlay-type":"","overlay-color":"","overlay-opacity":"","overlay-gradient":""},"mobile":{"background-color":"","background-image":"","background-repeat":"repeat","background-position":"center center","background-size":"auto","background-attachment":"scroll","background-type":"","background-media":"","overlay-type":"","overlay-color":"","overlay-opacity":"","overlay-gradient":""}},"ast-content-background-meta":{"desktop":{"background-color":"var(--ast-global-color-5)","background-image":"","background-repeat":"repeat","background-position":"center center","background-size":"auto","background-attachment":"scroll","background-type":"","background-media":"","overlay-type":"","overlay-color":"","overlay-opacity":"","overlay-gradient":""},"tablet":{"background-color":"var(--ast-global-color-5)","background-image":"","background-repeat":"repeat","background-position":"center center","background-size":"auto","background-attachment":"scroll","background-type":"","background-media":"","overlay-type":"","overlay-color":"","overlay-opacity":"","overlay-gradient":""},"mobile":{"background-color":"var(--ast-global-color-5)","background-image":"","background-repeat":"repeat","background-position":"center center","background-size":"auto","background-attachment":"scroll","background-type":"","background-media":"","overlay-type":"","overlay-color":"","overlay-opacity":"","overlay-gradient":""}}},"product_brand":[],"product_cat":[1699,1710,1705,1753],"product_tag":[724,1532,1040],"class_list":{"0":"post-16474","1":"product","2":"type-product","3":"status-publish","4":"has-post-thumbnail","6":"product_cat-eeterlikud-olid","7":"product_cat-hugieen-ja-nahahooldus","8":"product_cat-puhtad-eeterlikud-olid","9":"product_cat-stressi-juhtimine","10":"product_tag-15-ml-et-2","11":"product_tag-eeterlikud-olid","12":"product_tag-myrrh-et","13":"desktop-align-left","14":"tablet-align-left","15":"mobile-align-left","17":"first","18":"instock","19":"sale","20":"taxable","21":"shipping-taxable","22":"purchasable","23":"product-type-simple"},"_links":{"self":[{"href":"https:\/\/mamaterra.lt\/et\/wp-json\/wp\/v2\/product\/16474","targetHints":{"allow":["GET"]}}],"collection":[{"href":"https:\/\/mamaterra.lt\/et\/wp-json\/wp\/v2\/product"}],"about":[{"href":"https:\/\/mamaterra.lt\/et\/wp-json\/wp\/v2\/types\/product"}],"wp:featuredmedia":[{"embeddable":true,"href":"https:\/\/mamaterra.lt\/et\/wp-json\/wp\/v2\/media\/12581"}],"wp:attachment":[{"href":"https:\/\/mamaterra.lt\/et\/wp-json\/wp\/v2\/media?parent=16474"}],"wp:term":[{"taxonomy":"product_brand","embeddable":true,"href":"https:\/\/mamaterra.lt\/et\/wp-json\/wp\/v2\/product_brand?post=16474"},{"taxonomy":"product_cat","embeddable":true,"href":"https:\/\/mamaterra.lt\/et\/wp-json\/wp\/v2\/product_cat?post=16474"},{"taxonomy":"product_tag","embeddable":true,"href":"https:\/\/mamaterra.lt\/et\/wp-json\/wp\/v2\/product_tag?post=16474"}],"curies":[{"name":"wp","href":"https:\/\/api.w.org\/{rel}","templated":true}]}}