{"id":16438,"date":"2021-04-18T16:47:02","date_gmt":"2021-04-18T15:47:02","guid":{"rendered":"https:\/\/mamaterra.lt\/parduotuve\/maaratlemata\/rose-pure-doterra-eeterlik-oli-5ml\/"},"modified":"2021-04-18T16:47:02","modified_gmt":"2021-04-18T15:47:02","slug":"roosi-puhas-doterra-eeterlik-oli-5ml","status":"publish","type":"product","link":"https:\/\/mamaterra.lt\/et\/parduotuve\/eeterlikud-olid\/puhtad-eeterlikud-olid\/roosi-puhas-doterra-eeterlik-oli-5ml\/","title":{"rendered":"ROSE Pure doTERRA eeterlik \u00f5li 5ml"},"content":{"rendered":"<p><strong>ROSE Pure doTERRA eeterlik \u00f5li<\/strong><\/p>\n<p>Rosa damascena | 5ml<\/p>\n<p>&nbsp;<\/p>\n<p><strong>ROSE Pure doTERRA eeterliku \u00f5li kirjeldus:<\/strong><\/p>\n<p>Roosi eeterlik \u00f5li, mida peetakse \u00f5lide kuningaks, on \u00fcks h\u00e4mmastavamaid eeterlikke \u00f5lisid kogu maailmas. Roosi\u00f5itel on magus \u00f5iearoom, mis on k\u00f5rgelt hinnatud parf\u00fcmeeria- ja eeterlike \u00f5lide t\u00f6\u00f6stuses.<\/p>\n<ul>\n<li>Roosidel on magus lilleline aroom, mis t\u00f5stab tuju<\/li>\n<li>V\u00e4hendab naha puudusi<\/li>\n<li>Annab nahale \u00fchtlase varju ja terve v\u00e4limuse<\/li>\n<\/ul>\n<p>&nbsp;<\/p>\n<p>Lisateave <strong>ROSE<\/strong><strong>doTERRA<\/strong> kohta<strong> <\/strong><strong>Eeterliku \u00f5li <\/strong>leiate allolevast videost.<\/p>\n<p><iframe title=\"doTERRA roos\" src=\"https:\/\/www.youtube.com\/embed\/O6_-6AZS9Ak\" width=\"853\" height=\"480\" frameborder=\"0\" allowfullscreen=\"allowfullscreen\"><\/iframe><\/p>\n","protected":false},"excerpt":{"rendered":"<ul>\n<li>Roosidel on magus lilleline aroom, mis t\u00f5stab tuju<\/li>\n<li>V\u00e4hendab naha puudusi<\/li>\n<li>Annab nahale \u00fchtlase varju ja terve v\u00e4limuse<\/li>\n<\/ul>\n","protected":false},"featured_media":12521,"template":"","meta":{"site-sidebar-layout":"default","site-content-layout":"default","ast-site-content-layout":"default","site-content-style":"default","site-sidebar-style":"default","ast-global-header-display":"","ast-banner-title-visibility":"","ast-main-header-display":"","ast-hfb-above-header-display":"","ast-hfb-below-header-display":"","ast-hfb-mobile-header-display":"","site-post-title":"","ast-breadcrumbs-content":"","ast-featured-img":"","footer-sml-layout":"","ast-disable-related-posts":"","theme-transparent-header-meta":"default","adv-header-id-meta":"","stick-header-meta":"","header-above-stick-meta":"","header-main-stick-meta":"","header-below-stick-meta":"","astra-migrate-meta-layouts":"default","ast-page-background-enabled":"default","ast-page-background-meta":{"desktop":{"background-color":"","background-image":"","background-repeat":"repeat","background-position":"center center","background-size":"auto","background-attachment":"scroll","background-type":"","background-media":"","overlay-type":"","overlay-color":"","overlay-opacity":"","overlay-gradient":""},"tablet":{"background-color":"","background-image":"","background-repeat":"repeat","background-position":"center center","background-size":"auto","background-attachment":"scroll","background-type":"","background-media":"","overlay-type":"","overlay-color":"","overlay-opacity":"","overlay-gradient":""},"mobile":{"background-color":"","background-image":"","background-repeat":"repeat","background-position":"center center","background-size":"auto","background-attachment":"scroll","background-type":"","background-media":"","overlay-type":"","overlay-color":"","overlay-opacity":"","overlay-gradient":""}},"ast-content-background-meta":{"desktop":{"background-color":"var(--ast-global-color-5)","background-image":"","background-repeat":"repeat","background-position":"center center","background-size":"auto","background-attachment":"scroll","background-type":"","background-media":"","overlay-type":"","overlay-color":"","overlay-opacity":"","overlay-gradient":""},"tablet":{"background-color":"var(--ast-global-color-5)","background-image":"","background-repeat":"repeat","background-position":"center center","background-size":"auto","background-attachment":"scroll","background-type":"","background-media":"","overlay-type":"","overlay-color":"","overlay-opacity":"","overlay-gradient":""},"mobile":{"background-color":"var(--ast-global-color-5)","background-image":"","background-repeat":"repeat","background-position":"center center","background-size":"auto","background-attachment":"scroll","background-type":"","background-media":"","overlay-type":"","overlay-color":"","overlay-opacity":"","overlay-gradient":""}}},"product_brand":[],"product_cat":[1699,1705],"product_tag":[712,1532,1002],"class_list":{"0":"post-16438","1":"product","2":"type-product","3":"status-publish","4":"has-post-thumbnail","6":"product_cat-eeterlikud-olid","7":"product_cat-puhtad-eeterlikud-olid","8":"product_tag-5-ml-et-2","9":"product_tag-eeterlikud-olid","10":"product_tag-rose-et","11":"desktop-align-left","12":"tablet-align-left","13":"mobile-align-left","15":"first","16":"instock","17":"taxable","18":"shipping-taxable","19":"purchasable","20":"product-type-simple"},"_links":{"self":[{"href":"https:\/\/mamaterra.lt\/et\/wp-json\/wp\/v2\/product\/16438","targetHints":{"allow":["GET"]}}],"collection":[{"href":"https:\/\/mamaterra.lt\/et\/wp-json\/wp\/v2\/product"}],"about":[{"href":"https:\/\/mamaterra.lt\/et\/wp-json\/wp\/v2\/types\/product"}],"wp:featuredmedia":[{"embeddable":true,"href":"https:\/\/mamaterra.lt\/et\/wp-json\/wp\/v2\/media\/12521"}],"wp:attachment":[{"href":"https:\/\/mamaterra.lt\/et\/wp-json\/wp\/v2\/media?parent=16438"}],"wp:term":[{"taxonomy":"product_brand","embeddable":true,"href":"https:\/\/mamaterra.lt\/et\/wp-json\/wp\/v2\/product_brand?post=16438"},{"taxonomy":"product_cat","embeddable":true,"href":"https:\/\/mamaterra.lt\/et\/wp-json\/wp\/v2\/product_cat?post=16438"},{"taxonomy":"product_tag","embeddable":true,"href":"https:\/\/mamaterra.lt\/et\/wp-json\/wp\/v2\/product_tag?post=16438"}],"curies":[{"name":"wp","href":"https:\/\/api.w.org\/{rel}","templated":true}]}}