{"id":16429,"date":"2021-04-18T16:52:21","date_gmt":"2021-04-18T15:52:21","guid":{"rendered":"https:\/\/mamaterra.lt\/parduotuve\/maaratlemata\/wild-orange-pure-doterra-eeterlik-oli-15ml\/"},"modified":"2021-04-18T16:52:21","modified_gmt":"2021-04-18T15:52:21","slug":"metsik-apelsin-puhas-doterra-eeterlik-oli-15ml","status":"publish","type":"product","link":"https:\/\/mamaterra.lt\/et\/parduotuve\/eeterlikud-olid\/puhtad-eeterlikud-olid\/metsik-apelsin-puhas-doterra-eeterlik-oli-15ml\/","title":{"rendered":"WILD ORANGE Pure doTERRA eeterlik \u00f5li 15ml"},"content":{"rendered":"<p><strong>WILD ORANGE Pure doTERRA eeterlik \u00f5li<\/strong><\/p>\n<p>Citrus sinensis | 15ml<\/p>\n<p>&nbsp;<\/p>\n<p><strong>WILD ORANGE Pure doTERRA eeterliku \u00f5li kirjeldus:<\/strong><\/p>\n<p>K\u00fclmas koortest pigistatud looduslike apelsinide eeterlik \u00f5li kiirgab energiat andvat tsitruseliste aroomi, mis ei j\u00e4ta kedagi \u00fcksk\u00f5ikseks ning toob meie igap\u00e4evarutiini usku ja optimismi, et k\u00f5ik saab korda. See lihtsalt ja lihtsalt t\u00f5stab alistatud meeleolu, leevendab stressi ja hajutab hirme ja pingeid.<\/p>\n<p><strong>Wild Orange Pure doTERRA eeterlikku \u00f5li kasutatakse k\u00f5igil 3 viisil.<\/strong><\/p>\n<ul>\n<li>Apelsini\u00f5li v\u00f5ib aidata leevendada pingetest ja n\u00e4rvilisest keskkonnast p\u00f5hjustatud mao\u00e4rritust<\/li>\n<li>V\u00f5ib juua veega, kasutada toiduvalmistamiseks<\/li>\n<li>Toniseerib nahka<\/li>\n<li>On olemas v\u00f5imas puhastusvahend &#8211; pihustage veega pindade puhastamiseks<\/li>\n<li>Rahustab n\u00e4rve, t\u00f5stab meeleolu, hajutab s\u00fcngeid m\u00f5tteid<\/li>\n<li>Ideaalne k\u00f5hukinnisuse v\u00f5i aeglase seedimisega lastele<\/li>\n<li>Leevendab lihasvalusid<\/li>\n<li>Kasulik pedantsetele inimestele<\/li>\n<\/ul>\n<p>&nbsp;<\/p>\n<p>Lisateave <strong>metsiku apelsini (WILD ORANGE)<\/strong> kohta<strong> <\/strong><strong>doTERRA<\/strong><strong> <\/strong><strong>Eeterliku \u00f5li <\/strong>leiate allolevast videost.<\/p>\n<p><iframe title=\"Metsik apelsini\u00f5li - doTERRA Brasiilia apelsini eeterliku \u00f5li hankimine\" src=\"https:\/\/www.youtube.com\/embed\/iBIVTFbx65E\" width=\"853\" height=\"480\" frameborder=\"0\" allowfullscreen=\"allowfullscreen\"><\/iframe><\/p>\n","protected":false},"excerpt":{"rendered":"<ul>\n<li>Suurep\u00e4rane puhastusvahend<\/li>\n<li>V\u00e4rskendab nahka<\/li>\n<li>Leevendab lihasvalusid<\/li>\n<li>Magus meeleolu parandav aroom<\/li>\n<\/ul>\n","protected":false},"featured_media":12596,"template":"","meta":{"site-sidebar-layout":"default","site-content-layout":"default","ast-site-content-layout":"default","site-content-style":"default","site-sidebar-style":"default","ast-global-header-display":"","ast-banner-title-visibility":"","ast-main-header-display":"","ast-hfb-above-header-display":"","ast-hfb-below-header-display":"","ast-hfb-mobile-header-display":"","site-post-title":"","ast-breadcrumbs-content":"","ast-featured-img":"","footer-sml-layout":"","ast-disable-related-posts":"","theme-transparent-header-meta":"default","adv-header-id-meta":"","stick-header-meta":"","header-above-stick-meta":"","header-main-stick-meta":"","header-below-stick-meta":"","astra-migrate-meta-layouts":"default","ast-page-background-enabled":"default","ast-page-background-meta":{"desktop":{"background-color":"","background-image":"","background-repeat":"repeat","background-position":"center center","background-size":"auto","background-attachment":"scroll","background-type":"","background-media":"","overlay-type":"","overlay-color":"","overlay-opacity":"","overlay-gradient":""},"tablet":{"background-color":"","background-image":"","background-repeat":"repeat","background-position":"center center","background-size":"auto","background-attachment":"scroll","background-type":"","background-media":"","overlay-type":"","overlay-color":"","overlay-opacity":"","overlay-gradient":""},"mobile":{"background-color":"","background-image":"","background-repeat":"repeat","background-position":"center center","background-size":"auto","background-attachment":"scroll","background-type":"","background-media":"","overlay-type":"","overlay-color":"","overlay-opacity":"","overlay-gradient":""}},"ast-content-background-meta":{"desktop":{"background-color":"var(--ast-global-color-5)","background-image":"","background-repeat":"repeat","background-position":"center center","background-size":"auto","background-attachment":"scroll","background-type":"","background-media":"","overlay-type":"","overlay-color":"","overlay-opacity":"","overlay-gradient":""},"tablet":{"background-color":"var(--ast-global-color-5)","background-image":"","background-repeat":"repeat","background-position":"center center","background-size":"auto","background-attachment":"scroll","background-type":"","background-media":"","overlay-type":"","overlay-color":"","overlay-opacity":"","overlay-gradient":""},"mobile":{"background-color":"var(--ast-global-color-5)","background-image":"","background-repeat":"repeat","background-position":"center center","background-size":"auto","background-attachment":"scroll","background-type":"","background-media":"","overlay-type":"","overlay-color":"","overlay-opacity":"","overlay-gradient":""}}},"product_brand":[],"product_cat":[1699,1756,1737,1705,1759,1753],"product_tag":[724,1532,1579,885],"class_list":{"0":"post-16429","1":"product","2":"type-product","3":"status-publish","4":"has-post-thumbnail","6":"product_cat-eeterlikud-olid","7":"product_cat-lastele","8":"product_cat-magamiseks","9":"product_cat-puhtad-eeterlikud-olid","10":"product_cat-seedimine","11":"product_cat-stressi-juhtimine","12":"product_tag-15-ml-et-2","13":"product_tag-eeterlikud-olid","14":"product_tag-populaarne","15":"product_tag-wild-orange-et","16":"desktop-align-left","17":"tablet-align-left","18":"mobile-align-left","20":"first","21":"instock","22":"taxable","23":"shipping-taxable","24":"purchasable","25":"product-type-simple"},"_links":{"self":[{"href":"https:\/\/mamaterra.lt\/et\/wp-json\/wp\/v2\/product\/16429","targetHints":{"allow":["GET"]}}],"collection":[{"href":"https:\/\/mamaterra.lt\/et\/wp-json\/wp\/v2\/product"}],"about":[{"href":"https:\/\/mamaterra.lt\/et\/wp-json\/wp\/v2\/types\/product"}],"wp:featuredmedia":[{"embeddable":true,"href":"https:\/\/mamaterra.lt\/et\/wp-json\/wp\/v2\/media\/12596"}],"wp:attachment":[{"href":"https:\/\/mamaterra.lt\/et\/wp-json\/wp\/v2\/media?parent=16429"}],"wp:term":[{"taxonomy":"product_brand","embeddable":true,"href":"https:\/\/mamaterra.lt\/et\/wp-json\/wp\/v2\/product_brand?post=16429"},{"taxonomy":"product_cat","embeddable":true,"href":"https:\/\/mamaterra.lt\/et\/wp-json\/wp\/v2\/product_cat?post=16429"},{"taxonomy":"product_tag","embeddable":true,"href":"https:\/\/mamaterra.lt\/et\/wp-json\/wp\/v2\/product_tag?post=16429"}],"curies":[{"name":"wp","href":"https:\/\/api.w.org\/{rel}","templated":true}]}}