{"id":16427,"date":"2021-04-18T16:50:09","date_gmt":"2021-04-18T15:50:09","guid":{"rendered":"https:\/\/mamaterra.lt\/parduotuve\/maaratlemata\/tangerine-pure-doterra-eeterlik-oli-15ml\/"},"modified":"2021-04-18T16:50:09","modified_gmt":"2021-04-18T15:50:09","slug":"punane-mandariin-mandariin-puhas-doterra-eeterlik-oli-15ml","status":"publish","type":"product","link":"https:\/\/mamaterra.lt\/et\/parduotuve\/eeterlikud-olid\/puhtad-eeterlikud-olid\/punane-mandariin-mandariin-puhas-doterra-eeterlik-oli-15ml\/","title":{"rendered":"TANGERINE Pure doTERRA eeterlik \u00f5li 15ml"},"content":{"rendered":"<p><strong>Punane mandariin (MANDARIIN) Puhas doTERRA eeterlik \u00f5li<\/strong><\/p>\n<p>Citrus reticulata | 15ml<\/p>\n<p>&nbsp;<\/p>\n<p><strong>Punane mandariin (MANDARIIN) Pure doTERRA eeterlik \u00f5li Kirjeldus:<\/strong><\/p>\n<p>Punaste mandariinide eeterlikul \u00f5lil on magus tugev aroom, mis sarnaneb teiste tsitrusviljade \u00f5lidega, mis on meeli\u00fclendav. Nagu k\u00f5ik tsitruseliste eeterlikud \u00f5lid n<strong>kootud k\u00f5igil 3 viisil &#8211; v\u00e4liselt, aromaatselt ja sissepoole.<\/strong><\/p>\n<ul>\n<li>Meeli\u00fclendav efekt<\/li>\n<li>Annab k\u00fcpsetistele huvitava maitse<\/li>\n<li>Kandke nahale ja nautige meeleolu tekitavat aroomi kogu p\u00e4eva jooksul<\/li>\n<\/ul>\n<p>&nbsp;<\/p>\n<p>Lisateave <strong>punase mandariini (MANDARIIN) <\/strong><strong>doTERRA<\/strong> kohta<strong> <\/strong><strong>Eeterliku \u00f5li <\/strong>leiate allolevast videost.<\/p>\n<p><iframe title=\"doTERRA Mandariini eeterlik \u00f5li\" src=\"https:\/\/www.youtube.com\/embed\/kzkhK3Q4WAA\" width=\"853\" height=\"480\" frameborder=\"0\" allowfullscreen=\"allowfullscreen\"><\/iframe><\/p>\n","protected":false},"excerpt":{"rendered":"<ul>\n<li>Meeli\u00fclendav efekt<\/li>\n<li>Annab k\u00fcpsetistele huvitava maitse<\/li>\n<li>Kandke nahale ja nautige meeleolu tekitavat aroomi kogu p\u00e4eva jooksul<\/li>\n<\/ul>\n","protected":false},"featured_media":12539,"template":"","meta":{"site-sidebar-layout":"default","site-content-layout":"default","ast-site-content-layout":"default","site-content-style":"default","site-sidebar-style":"default","ast-global-header-display":"","ast-banner-title-visibility":"","ast-main-header-display":"","ast-hfb-above-header-display":"","ast-hfb-below-header-display":"","ast-hfb-mobile-header-display":"","site-post-title":"","ast-breadcrumbs-content":"","ast-featured-img":"","footer-sml-layout":"","ast-disable-related-posts":"","theme-transparent-header-meta":"default","adv-header-id-meta":"","stick-header-meta":"","header-above-stick-meta":"","header-main-stick-meta":"","header-below-stick-meta":"","astra-migrate-meta-layouts":"default","ast-page-background-enabled":"default","ast-page-background-meta":{"desktop":{"background-color":"","background-image":"","background-repeat":"repeat","background-position":"center center","background-size":"auto","background-attachment":"scroll","background-type":"","background-media":"","overlay-type":"","overlay-color":"","overlay-opacity":"","overlay-gradient":""},"tablet":{"background-color":"","background-image":"","background-repeat":"repeat","background-position":"center center","background-size":"auto","background-attachment":"scroll","background-type":"","background-media":"","overlay-type":"","overlay-color":"","overlay-opacity":"","overlay-gradient":""},"mobile":{"background-color":"","background-image":"","background-repeat":"repeat","background-position":"center center","background-size":"auto","background-attachment":"scroll","background-type":"","background-media":"","overlay-type":"","overlay-color":"","overlay-opacity":"","overlay-gradient":""}},"ast-content-background-meta":{"desktop":{"background-color":"var(--ast-global-color-5)","background-image":"","background-repeat":"repeat","background-position":"center center","background-size":"auto","background-attachment":"scroll","background-type":"","background-media":"","overlay-type":"","overlay-color":"","overlay-opacity":"","overlay-gradient":""},"tablet":{"background-color":"var(--ast-global-color-5)","background-image":"","background-repeat":"repeat","background-position":"center center","background-size":"auto","background-attachment":"scroll","background-type":"","background-media":"","overlay-type":"","overlay-color":"","overlay-opacity":"","overlay-gradient":""},"mobile":{"background-color":"var(--ast-global-color-5)","background-image":"","background-repeat":"repeat","background-position":"center center","background-size":"auto","background-attachment":"scroll","background-type":"","background-media":"","overlay-type":"","overlay-color":"","overlay-opacity":"","overlay-gradient":""}}},"product_brand":[],"product_cat":[1699,1756,1734,1749,1705,1753],"product_tag":[724,1532,969],"class_list":{"0":"post-16427","1":"product","2":"type-product","3":"status-publish","4":"has-post-thumbnail","6":"product_cat-eeterlikud-olid","7":"product_cat-lastele","8":"product_cat-massaaz","9":"product_cat-ohu-puhastamine","10":"product_cat-puhtad-eeterlikud-olid","11":"product_cat-stressi-juhtimine","12":"product_tag-15-ml-et-2","13":"product_tag-eeterlikud-olid","14":"product_tag-tangerine-et","15":"desktop-align-left","16":"tablet-align-left","17":"mobile-align-left","19":"first","20":"instock","21":"taxable","22":"shipping-taxable","23":"purchasable","24":"product-type-simple"},"_links":{"self":[{"href":"https:\/\/mamaterra.lt\/et\/wp-json\/wp\/v2\/product\/16427","targetHints":{"allow":["GET"]}}],"collection":[{"href":"https:\/\/mamaterra.lt\/et\/wp-json\/wp\/v2\/product"}],"about":[{"href":"https:\/\/mamaterra.lt\/et\/wp-json\/wp\/v2\/types\/product"}],"wp:featuredmedia":[{"embeddable":true,"href":"https:\/\/mamaterra.lt\/et\/wp-json\/wp\/v2\/media\/12539"}],"wp:attachment":[{"href":"https:\/\/mamaterra.lt\/et\/wp-json\/wp\/v2\/media?parent=16427"}],"wp:term":[{"taxonomy":"product_brand","embeddable":true,"href":"https:\/\/mamaterra.lt\/et\/wp-json\/wp\/v2\/product_brand?post=16427"},{"taxonomy":"product_cat","embeddable":true,"href":"https:\/\/mamaterra.lt\/et\/wp-json\/wp\/v2\/product_cat?post=16427"},{"taxonomy":"product_tag","embeddable":true,"href":"https:\/\/mamaterra.lt\/et\/wp-json\/wp\/v2\/product_tag?post=16427"}],"curies":[{"name":"wp","href":"https:\/\/api.w.org\/{rel}","templated":true}]}}