{"id":16413,"date":"2021-04-18T16:53:23","date_gmt":"2021-04-18T15:53:23","guid":{"rendered":"https:\/\/mamaterra.lt\/parduotuve\/maaratlemata\/doterra-raudrohi-pom-active-vegetable-duet-eeterlike-olide-segu-30ml\/"},"modified":"2021-04-18T16:53:23","modified_gmt":"2021-04-18T15:53:23","slug":"doterra-raudrohi-pom-aktiivne-taimne-duett-eeterlik-oli-segu-30ml","status":"publish","type":"product","link":"https:\/\/mamaterra.lt\/et\/parduotuve\/hugieen-ja-nahahooldus\/yarrow-pom-tooted\/doterra-raudrohi-pom-aktiivne-taimne-duett-eeterlik-oli-segu-30ml\/","title":{"rendered":"doTERRA Raudrohi | Pom Active Vegetable Duet (eeterlike \u00f5lide segu) 30ml"},"content":{"rendered":"<p><strong>doTERRA Raudrohi | Pom Active Vegetable Duet (eeterlike \u00f5lide segu)<\/strong><\/p>\n<p>30ml<\/p>\n<p>&nbsp;<\/p>\n<p><strong>doTERRA Raudrohi | Pom Active Herbal Dueti kirjeldus ja \u00fcldised omadused:<\/strong><\/p>\n<p>Raudrohi | Pom on asjatundjate poolt v\u00e4lja t\u00f6\u00f6tatud k\u00fclmpressitud granaat\u00f5unaseemne\u00f5li raudrohu eeterliku \u00f5li patenteeritud segu, mis on m\u00f5eldud naha rahustamiseks ja annab emotsioone rahustava efekti kogu p\u00e4eva jooksul.<\/p>\n<ul>\n<li style=\"list-style-type: none;\">\n<ul>\n<li>Hoiab naha noorena ja terve v\u00e4limusega<\/li>\n<li>Aitab v\u00e4hendada naha puudusi<\/li>\n<li>Loob massaa\u017ei ajal l\u00f5\u00f5gastava meeleolu<\/li>\n<\/ul>\n<\/li>\n<\/ul>\n<p>\u00d5li Yarrow keemilise koostise t\u00f5ttu| Pom on kasulik rakkude, immuuns\u00fcsteemi ja n\u00e4rvis\u00fcsteemi tervise parandamiseks.* \u00dcks Yarrow | Pom\u00f5lil on keemilised koostisosad, mida tuntakse beeta-kar\u00fcof\u00fclleena (\u03b2-kar\u00fcof\u00fclleen), millel on m\u00e4rkimisv\u00e4\u00e4rne kasu immuun- ja rakus\u00fcsteemile. Tervisliku immuunvastuse stimuleerimiseks kaaluge \u00fche v\u00f5i kahe tilga Yarrow v\u00f5tmist p\u00e4evas| Pom, lisades \u00f5li v\u00e4hemalt 120ml vedelikule ja neelates alla.<\/p>\n<p>Sisemiseks kasutamiseks | Yarrow Pom\u00f5li v\u00f5ib aidata pakkuda kehale kasulikke antioks\u00fcdante, stimuleerida tervislikku ainevahetust ja taastada nooruslikku eluj\u00f5udu. Nii raudrohi kui granaat\u00f5unaseemned v\u00f5ivad aidata niisutada ja taastada tervet nahka ning v\u00e4hendada naha puudusi.<\/p>\n<p>Raudrohi| Pom \u00f5li omadused v\u00f5ivad aidata rahustada keha ja vaimu.* Kui sulle meeldib kasutada eeterlikke \u00f5lisid oma meeleolu kontrollimiseks, siis proovi Yarrow aurutamist | Pom \u00f5li talvel v\u00f5i pimedatel, s\u00fcngetel p\u00e4evadel. Rahustav kombinatsioon raudrohu\u00f5list ja k\u00fclmpressitud granaat\u00f5unaseemne\u00f5list t\u00f5stab tuju, aroom t\u00e4idab teie kodu ja loob rahustava keskkonna.<\/p>\n<p>Kui olete oma nahahooldusre\u017eiimi lisanud, | Yarrow Pom v\u00f5ib parandada jumet- siluda ja anda nooruslikkust. Nii raudrohi kui granaat\u00f5unaseemned v\u00f5ivad aidata niisutada ja taastada tervet nahka ning v\u00e4hendada naha puudusi. See eeterlik \u00f5li aktiveerib spetsiaalse patenteeritud seguna nahas kaitsvaid valke, et kaitsta jumet ens\u00fc\u00fcmide eest, mis lagundavad kollageeni ja v\u00e4hendavad elastsust. Kasutada \u00e4ra v\u00e4rskendavat ja nahka kaitsvat Raudrohtu| Pom-\u00f5li eelistega kandke igal hommikul ja \u00f5htul kaks tilka n\u00e4ole, rinnale, kaelale ja k\u00e4tele.<\/p>\n<p>Veelgi enam, <strong>see doTERRA eeterlike \u00f5lide segu sobib veganitele<\/strong>.<\/p>\n<p>| raudrohi Pom \u00f5li omadused see on kasulik kehale sihip\u00e4rase kasu pakkumisel. Kuna \u00f5li rahustab keha ja vaimu, saab seda p\u00e4rast pikka ja kurnavat p\u00e4eva kasutada l\u00f5\u00f5gastava massaa\u017ei osana. Sihtm\u00e4rgi Yarrow kogemiseks | P\u00e4rast pom\u00f5li eeliseid kasutage \u00f5li noorendavaks massaa\u017eiks, mis aitab leevendada pingeid teatud piirkondades.<\/p>\n<p>&nbsp;<\/p>\n<p><strong>doTERRA Raudrohi | Pom Active Herbal Dueti koostisosad:<\/strong><\/p>\n<p>Raudrohi ja granaat\u00f5una\u00f5li keemia.<\/p>\n<p><strong>Peamised keemilised komponendid:<\/strong> Punic acid, \u03b2-kar\u00fcof\u00fclleen, chamazulene.<\/p>\n<p>Eksklusiivses patenteeritud doTERRA Yarrow | Pom segu sisaldab keemilisi komponente, mis toetavad keha sissepoole tarbimisel. Keemiliste komponentidega, nagu omega-5 punic acid, antioks\u00fcdandid, \u03b2-kar\u00fcof\u00fclleen ja chamazulene, Yarrow | Pom \u00f5li segu toetab immuuns\u00fcsteemi ja n\u00e4rvis\u00fcsteemi ning rakkude t\u00f6\u00f6d ja noorendab.*<\/p>\n<p>&nbsp;<\/p>\n<p>Lisateave <strong>doTERRA Yarrow | kohta Pom aktiivse taime duett<\/strong><strong> <\/strong>leiate selle allolevast videost.<\/p>\n<p><iframe title=\"Dr Hill ja Emily Wright arutavad doTERRA\u00ae raudrohu | eeliseid Pom eeterlik \u00f5li\" src=\"https:\/\/www.youtube.com\/embed\/1S5lyKUyK3s\" width=\"853\" height=\"480\" frameborder=\"0\" allowfullscreen=\"allowfullscreen\"><\/iframe><\/p>\n","protected":false},"excerpt":{"rendered":"<ul>\n<li>Hoiab naha noorena ja terve v\u00e4limusega<\/li>\n<li>Aitab v\u00e4hendada naha puudusi<\/li>\n<li>Loob massaa\u017ei ajal l\u00f5\u00f5gastava meeleolu<\/li>\n<\/ul>\n","protected":false},"featured_media":12494,"template":"","meta":{"site-sidebar-layout":"default","site-content-layout":"default","ast-site-content-layout":"default","site-content-style":"default","site-sidebar-style":"default","ast-global-header-display":"","ast-banner-title-visibility":"","ast-main-header-display":"","ast-hfb-above-header-display":"","ast-hfb-below-header-display":"","ast-hfb-mobile-header-display":"","site-post-title":"","ast-breadcrumbs-content":"","ast-featured-img":"","footer-sml-layout":"","ast-disable-related-posts":"","theme-transparent-header-meta":"default","adv-header-id-meta":"","stick-header-meta":"","header-above-stick-meta":"","header-main-stick-meta":"","header-below-stick-meta":"","astra-migrate-meta-layouts":"default","ast-page-background-enabled":"default","ast-page-background-meta":{"desktop":{"background-color":"","background-image":"","background-repeat":"repeat","background-position":"center center","background-size":"auto","background-attachment":"scroll","background-type":"","background-media":"","overlay-type":"","overlay-color":"","overlay-opacity":"","overlay-gradient":""},"tablet":{"background-color":"","background-image":"","background-repeat":"repeat","background-position":"center center","background-size":"auto","background-attachment":"scroll","background-type":"","background-media":"","overlay-type":"","overlay-color":"","overlay-opacity":"","overlay-gradient":""},"mobile":{"background-color":"","background-image":"","background-repeat":"repeat","background-position":"center center","background-size":"auto","background-attachment":"scroll","background-type":"","background-media":"","overlay-type":"","overlay-color":"","overlay-opacity":"","overlay-gradient":""}},"ast-content-background-meta":{"desktop":{"background-color":"var(--ast-global-color-5)","background-image":"","background-repeat":"repeat","background-position":"center center","background-size":"auto","background-attachment":"scroll","background-type":"","background-media":"","overlay-type":"","overlay-color":"","overlay-opacity":"","overlay-gradient":""},"tablet":{"background-color":"var(--ast-global-color-5)","background-image":"","background-repeat":"repeat","background-position":"center center","background-size":"auto","background-attachment":"scroll","background-type":"","background-media":"","overlay-type":"","overlay-color":"","overlay-opacity":"","overlay-gradient":""},"mobile":{"background-color":"var(--ast-global-color-5)","background-image":"","background-repeat":"repeat","background-position":"center center","background-size":"auto","background-attachment":"scroll","background-type":"","background-media":"","overlay-type":"","overlay-color":"","overlay-opacity":"","overlay-gradient":""}}},"product_brand":[],"product_cat":[1699,1705,1716],"product_tag":[758,1532,1407],"class_list":{"0":"post-16413","1":"product","2":"type-product","3":"status-publish","4":"has-post-thumbnail","6":"product_cat-eeterlikud-olid","7":"product_cat-puhtad-eeterlikud-olid","8":"product_cat-yarrow-pom-tooted","9":"product_tag-30-ml-et","10":"product_tag-eeterlikud-olid","11":"product_tag-yarrow-pom-et","12":"desktop-align-left","13":"tablet-align-left","14":"mobile-align-left","16":"first","17":"instock","18":"sale","19":"taxable","20":"shipping-taxable","21":"purchasable","22":"product-type-simple"},"_links":{"self":[{"href":"https:\/\/mamaterra.lt\/et\/wp-json\/wp\/v2\/product\/16413","targetHints":{"allow":["GET"]}}],"collection":[{"href":"https:\/\/mamaterra.lt\/et\/wp-json\/wp\/v2\/product"}],"about":[{"href":"https:\/\/mamaterra.lt\/et\/wp-json\/wp\/v2\/types\/product"}],"wp:featuredmedia":[{"embeddable":true,"href":"https:\/\/mamaterra.lt\/et\/wp-json\/wp\/v2\/media\/12494"}],"wp:attachment":[{"href":"https:\/\/mamaterra.lt\/et\/wp-json\/wp\/v2\/media?parent=16413"}],"wp:term":[{"taxonomy":"product_brand","embeddable":true,"href":"https:\/\/mamaterra.lt\/et\/wp-json\/wp\/v2\/product_brand?post=16413"},{"taxonomy":"product_cat","embeddable":true,"href":"https:\/\/mamaterra.lt\/et\/wp-json\/wp\/v2\/product_cat?post=16413"},{"taxonomy":"product_tag","embeddable":true,"href":"https:\/\/mamaterra.lt\/et\/wp-json\/wp\/v2\/product_tag?post=16413"}],"curies":[{"name":"wp","href":"https:\/\/api.w.org\/{rel}","templated":true}]}}