{"id":16412,"date":"2021-04-18T17:05:24","date_gmt":"2021-04-18T16:05:24","guid":{"rendered":"https:\/\/mamaterra.lt\/parduotuve\/maaratlemata\/doterra-arise-meeliulendav-eeterlike-olide-segu-doterra-arise-enlightening-blend-5ml\/"},"modified":"2021-04-18T17:05:24","modified_gmt":"2021-04-18T16:05:24","slug":"doterra-arise-uplifting-eeterlik-oli-segu-doterra-tekib-valgustav-segu-5ml","status":"publish","type":"product","link":"https:\/\/mamaterra.lt\/et\/parduotuve\/eeterlikud-olid\/eeterlike-olide-segud\/doterra-arise-uplifting-eeterlik-oli-segu-doterra-tekib-valgustav-segu-5ml\/","title":{"rendered":"doTERRA ARISE\u2122 meeli\u00fclendav eeterlike \u00f5lide segu (doTERRA Arise Enlightening Blend) 5ml"},"content":{"rendered":"<p><strong>doTERRA ARISE\u2122 Rise eeterlike \u00f5lide segu (doTERRA Arise Enlightening Blend)<\/strong><\/p>\n<p>5ml<\/p>\n<p>&nbsp;<\/p>\n<p><strong>doTERRA ARISE\u2122 eeterlike \u00f5lide segu kirjeldus:<\/strong><\/p>\n<p>doTERRA meeli\u00fclendav segu inspireerib sind t\u00f5usma ja saavutama k\u00f5rgeimaid eesm\u00e4rke.<\/p>\n<ul>\n<li>Kasutage Arise segu j\u00e4rgmiste joogapooside sooritamiseks: p\u00fcsti t\u00f5usnud k\u00e4tega k\u00f5rgel seismine, k\u00fclili seismine ja painutamine ning poolkuu poseerimine<\/li>\n<li>Kandke l\u00f5ikehammastele, randmetele ja kaelale, et tunda r\u00f5\u00f5mu<\/li>\n<li>Nautige Arise segu eeliseid, kui esitate endale v\u00e4ljakutse j\u00e4rgmisele tasemele j\u00f5udmiseks<\/li>\n<\/ul>\n<p>&nbsp;<\/p>\n<p>Lisateave <strong>doTERRA ARISE\u2122<\/strong> kohta<strong> <\/strong><strong>Eeterlike \u00f5lide segu <\/strong>leiate allolevast videost.<\/p>\n<p><iframe title=\"doTERRA's Arise Valgustav segu\" src=\"https:\/\/www.youtube.com\/embed\/dTGYRwbC-0o\" width=\"853\" height=\"480\" frameborder=\"0\" allowfullscreen=\"allowfullscreen\"><\/iframe><\/p>\n","protected":false},"excerpt":{"rendered":"<ul>\n<li>Kasutage Arise segu j\u00e4rgmiste joogapooside sooritamiseks: p\u00fcsti t\u00f5usnud k\u00e4tega k\u00f5rgel seismine, k\u00fclili seismine ja painutamine ning poolkuu poseerimine<\/li>\n<li>Kandke l\u00f5ikehammastele, randmetele ja kaelale, et tunda r\u00f5\u00f5mu<\/li>\n<li>Nautige Arise segu eeliseid, kui esitate endale v\u00e4ljakutse j\u00e4rgmisele tasemele j\u00f5udmiseks<\/li>\n<\/ul>\n","protected":false},"featured_media":12713,"template":"","meta":{"site-sidebar-layout":"default","site-content-layout":"default","ast-site-content-layout":"default","site-content-style":"default","site-sidebar-style":"default","ast-global-header-display":"","ast-banner-title-visibility":"","ast-main-header-display":"","ast-hfb-above-header-display":"","ast-hfb-below-header-display":"","ast-hfb-mobile-header-display":"","site-post-title":"","ast-breadcrumbs-content":"","ast-featured-img":"","footer-sml-layout":"","ast-disable-related-posts":"","theme-transparent-header-meta":"default","adv-header-id-meta":"","stick-header-meta":"","header-above-stick-meta":"","header-main-stick-meta":"","header-below-stick-meta":"","astra-migrate-meta-layouts":"default","ast-page-background-enabled":"default","ast-page-background-meta":{"desktop":{"background-color":"","background-image":"","background-repeat":"repeat","background-position":"center center","background-size":"auto","background-attachment":"scroll","background-type":"","background-media":"","overlay-type":"","overlay-color":"","overlay-opacity":"","overlay-gradient":""},"tablet":{"background-color":"","background-image":"","background-repeat":"repeat","background-position":"center center","background-size":"auto","background-attachment":"scroll","background-type":"","background-media":"","overlay-type":"","overlay-color":"","overlay-opacity":"","overlay-gradient":""},"mobile":{"background-color":"","background-image":"","background-repeat":"repeat","background-position":"center center","background-size":"auto","background-attachment":"scroll","background-type":"","background-media":"","overlay-type":"","overlay-color":"","overlay-opacity":"","overlay-gradient":""}},"ast-content-background-meta":{"desktop":{"background-color":"var(--ast-global-color-5)","background-image":"","background-repeat":"repeat","background-position":"center center","background-size":"auto","background-attachment":"scroll","background-type":"","background-media":"","overlay-type":"","overlay-color":"","overlay-opacity":"","overlay-gradient":""},"tablet":{"background-color":"var(--ast-global-color-5)","background-image":"","background-repeat":"repeat","background-position":"center center","background-size":"auto","background-attachment":"scroll","background-type":"","background-media":"","overlay-type":"","overlay-color":"","overlay-opacity":"","overlay-gradient":""},"mobile":{"background-color":"var(--ast-global-color-5)","background-image":"","background-repeat":"repeat","background-position":"center center","background-size":"auto","background-attachment":"scroll","background-type":"","background-media":"","overlay-type":"","overlay-color":"","overlay-opacity":"","overlay-gradient":""}}},"product_brand":[],"product_cat":[1701,1699],"product_tag":[712,1375,1534],"class_list":{"0":"post-16412","1":"product","2":"type-product","3":"status-publish","4":"has-post-thumbnail","6":"product_cat-eeterlike-olide-segud","7":"product_cat-eeterlikud-olid","8":"product_tag-5-ml-et-2","9":"product_tag-arise-et","10":"product_tag-eeterliku-oli-segu","11":"desktop-align-left","12":"tablet-align-left","13":"mobile-align-left","15":"first","16":"instock","17":"taxable","18":"shipping-taxable","19":"purchasable","20":"product-type-simple"},"_links":{"self":[{"href":"https:\/\/mamaterra.lt\/et\/wp-json\/wp\/v2\/product\/16412","targetHints":{"allow":["GET"]}}],"collection":[{"href":"https:\/\/mamaterra.lt\/et\/wp-json\/wp\/v2\/product"}],"about":[{"href":"https:\/\/mamaterra.lt\/et\/wp-json\/wp\/v2\/types\/product"}],"wp:featuredmedia":[{"embeddable":true,"href":"https:\/\/mamaterra.lt\/et\/wp-json\/wp\/v2\/media\/12713"}],"wp:attachment":[{"href":"https:\/\/mamaterra.lt\/et\/wp-json\/wp\/v2\/media?parent=16412"}],"wp:term":[{"taxonomy":"product_brand","embeddable":true,"href":"https:\/\/mamaterra.lt\/et\/wp-json\/wp\/v2\/product_brand?post=16412"},{"taxonomy":"product_cat","embeddable":true,"href":"https:\/\/mamaterra.lt\/et\/wp-json\/wp\/v2\/product_cat?post=16412"},{"taxonomy":"product_tag","embeddable":true,"href":"https:\/\/mamaterra.lt\/et\/wp-json\/wp\/v2\/product_tag?post=16412"}],"curies":[{"name":"wp","href":"https:\/\/api.w.org\/{rel}","templated":true}]}}