{"id":16403,"date":"2021-04-18T17:03:36","date_gmt":"2021-04-18T16:03:36","guid":{"rendered":"https:\/\/mamaterra.lt\/parduotuve\/maaratlemata\/doterra-adaptiv-rahustav-eeterlike-olide-segu-15ml\/"},"modified":"2023-07-31T18:06:22","modified_gmt":"2023-07-31T17:06:22","slug":"doterra-adaptiv-rahustav-eeterlik-oli-segu-15ml","status":"publish","type":"product","link":"https:\/\/mamaterra.lt\/et\/parduotuve\/eeterlikud-olid\/eeterlike-olide-segud\/doterra-adaptiv-rahustav-eeterlik-oli-segu-15ml\/","title":{"rendered":"doTERRA ADAPTIV\u2122 rahustav eeterlike \u00f5lide segu 15ml"},"content":{"rendered":"<p><strong>doTERRA ADAPTIV\u2122 rahustava eeterliku \u00f5li segu<\/strong><\/p>\n<p>15ml<\/p>\n<p>&nbsp;<\/p>\n<p><strong>doTERRA ADAPTIV\u2122 eeterlike \u00f5lide segu kirjeldus ja koostisosad:<\/strong><\/p>\n<p>Adaptiv on patenteeritud segu, mis koosneb loodusliku apelsini, lavendli, kookoni, odam\u00fctsi, k\u00fclmutusagensi, magnoolia, rosmariini, neroli ja t\u00f5elise vaigu eeterlikest \u00f5lidest. Hoidke Adaptiv k\u00e4ep\u00e4rast &#8211; see segu tuleb kasuks, kui soovite uues keskkonnas v\u00f5i v\u00f5\u00f5ras olukorras rahuneda.<\/p>\n<p>Kui stress ja pinged tunduvad halastamatud, on Adaptiv Calming Blend t\u00e4pne lahendus. Kasutage Adaptivit uute keskkondade v\u00f5i olukordadega kohanemiseks.<\/p>\n<ul>\n<li>Kui l\u00e4henete olulisele koosolekule v\u00f5i muudele olulistele s\u00fcndmustele, hoidke Adaptivi rahustavat segu k\u00e4eulatuses.<\/li>\n<li>Esialgsed uuringud on leidnud, et Adaptivi peamise koostisosa lavendli l\u00f5hn aitab kaasa keskkonnale, mis soodustab pidevat t\u00e4helepanu n\u00f5udvate \u00fclesannete t\u00e4itmist.<\/li>\n<li>Lavendel, Magnoolia, Neroli ja Sweetgum leevendavad stressi, samas kui looduslikud apelsinid ja piparm\u00fcnt annavad energiat ja t\u00f5stavad.<\/li>\n<li>Copaiba ja rosmariin leevendavad \u00e4revustunnet, t\u00e4iendades seel\u00e4bi rahustavat toimet.<\/li>\n<\/ul>\n<p>\u00dcksk\u00f5ik, kas tunnete end v\u00e4sinuna v\u00f5i rahutuna, otsustusv\u00f5imetuna v\u00f5i \u00e4rritununa, aitab Adaptiv Calming Blend teie kehal ja vaimul tasakaalu s\u00e4ilitada. S\u00fcnergiliste tulemuste saavutamiseks kasutage Adaptiv Calming Blend&#8217;i koos Adaptiv kapslitega.<\/p>\n<ul>\n<li>Aitab parandada meeleolu<\/li>\n<li>Tugevdab rahulikku tunnet<\/li>\n<li>Rahustab ja \u00fclendab<\/li>\n<li>Aitab t\u00f5husamalt t\u00f6\u00f6tada v\u00f5i \u00f5ppida<\/li>\n<li>Rahustav ja l\u00f5\u00f5gastav aroom<\/li>\n<\/ul>\n<p><strong>doTERRA ADAPTIV\u2122 eeterlike \u00f5lide segu kasutamine:<\/strong><\/p>\n<ul>\n<li>V\u00f5tke l\u00f5\u00f5gastav vann Epsomi soolade ja kolme kuni nelja tilga adaptiv-seguga.<\/li>\n<li>Rahustava massaa\u017ei jaoks segage kolm tilka fraktsioneeritud kookos\u00f5liga.<\/li>\n<li>Aur hajutis &#8211; stimuleerite keskendumist ja rahulikku m\u00f5tlemist.<\/li>\n<li>Kandke \u00fcks tilk peopesale, h\u00f5\u00f5ruge peopesasid ja hingake sisse. Vajadusel hingake Adaptivi peopesadest s\u00fcgavalt sisse iga paari tunni tagant p\u00e4eva jooksul.<\/li>\n<\/ul>\n<p>&nbsp;<\/p>\n<p>Lisateave <strong>doTERRA ADAPTIV\u2122 <\/strong> kohta  <strong> <\/strong><strong>Eeterlike \u00f5lide segu <\/strong>leiate allolevast videost.<\/p>\n<p><iframe title=\"Mis teeb doTERRA Adaptivi\u2122 erinevaks? (T\u00f5lgitud subtiitrid)\" src=\"https:\/\/www.youtube.com\/embed\/4OlH4bwZvC0\" width=\"853\" height=\"480\" frameborder=\"0\" allowfullscreen=\"allowfullscreen\"><\/iframe><\/p>\n","protected":false},"excerpt":{"rendered":"<ul>\n<li>Aitab parandada meeleolu<\/li>\n<li>Tugevdab rahulikku tunnet<\/li>\n<li>Rahustab ja \u00fclendab<\/li>\n<li>Aitab t\u00f5husamalt t\u00f6\u00f6tada v\u00f5i \u00f5ppida<\/li>\n<\/ul>\n","protected":false},"featured_media":12731,"template":"","meta":{"site-sidebar-layout":"default","site-content-layout":"default","ast-site-content-layout":"default","site-content-style":"default","site-sidebar-style":"default","ast-global-header-display":"","ast-banner-title-visibility":"","ast-main-header-display":"","ast-hfb-above-header-display":"","ast-hfb-below-header-display":"","ast-hfb-mobile-header-display":"","site-post-title":"","ast-breadcrumbs-content":"","ast-featured-img":"","footer-sml-layout":"","ast-disable-related-posts":"","theme-transparent-header-meta":"default","adv-header-id-meta":"","stick-header-meta":"","header-above-stick-meta":"","header-main-stick-meta":"","header-below-stick-meta":"","astra-migrate-meta-layouts":"default","ast-page-background-enabled":"default","ast-page-background-meta":{"desktop":{"background-color":"","background-image":"","background-repeat":"repeat","background-position":"center center","background-size":"auto","background-attachment":"scroll","background-type":"","background-media":"","overlay-type":"","overlay-color":"","overlay-opacity":"","overlay-gradient":""},"tablet":{"background-color":"","background-image":"","background-repeat":"repeat","background-position":"center center","background-size":"auto","background-attachment":"scroll","background-type":"","background-media":"","overlay-type":"","overlay-color":"","overlay-opacity":"","overlay-gradient":""},"mobile":{"background-color":"","background-image":"","background-repeat":"repeat","background-position":"center center","background-size":"auto","background-attachment":"scroll","background-type":"","background-media":"","overlay-type":"","overlay-color":"","overlay-opacity":"","overlay-gradient":""}},"ast-content-background-meta":{"desktop":{"background-color":"var(--ast-global-color-5)","background-image":"","background-repeat":"repeat","background-position":"center center","background-size":"auto","background-attachment":"scroll","background-type":"","background-media":"","overlay-type":"","overlay-color":"","overlay-opacity":"","overlay-gradient":""},"tablet":{"background-color":"var(--ast-global-color-5)","background-image":"","background-repeat":"repeat","background-position":"center center","background-size":"auto","background-attachment":"scroll","background-type":"","background-media":"","overlay-type":"","overlay-color":"","overlay-opacity":"","overlay-gradient":""},"mobile":{"background-color":"var(--ast-global-color-5)","background-image":"","background-repeat":"repeat","background-position":"center center","background-size":"auto","background-attachment":"scroll","background-type":"","background-media":"","overlay-type":"","overlay-color":"","overlay-opacity":"","overlay-gradient":""}}},"product_brand":[],"product_cat":[1701,1699,1756,1737,1753],"product_tag":[724,860,1534],"class_list":{"0":"post-16403","1":"product","2":"type-product","3":"status-publish","4":"has-post-thumbnail","6":"product_cat-eeterlike-olide-segud","7":"product_cat-eeterlikud-olid","8":"product_cat-lastele","9":"product_cat-magamiseks","10":"product_cat-stressi-juhtimine","11":"product_tag-15-ml-et-2","12":"product_tag-adaptiv-et","13":"product_tag-eeterliku-oli-segu","14":"desktop-align-left","15":"tablet-align-left","16":"mobile-align-left","18":"first","19":"instock","20":"featured","21":"taxable","22":"shipping-taxable","23":"purchasable","24":"product-type-simple"},"_links":{"self":[{"href":"https:\/\/mamaterra.lt\/et\/wp-json\/wp\/v2\/product\/16403","targetHints":{"allow":["GET"]}}],"collection":[{"href":"https:\/\/mamaterra.lt\/et\/wp-json\/wp\/v2\/product"}],"about":[{"href":"https:\/\/mamaterra.lt\/et\/wp-json\/wp\/v2\/types\/product"}],"wp:featuredmedia":[{"embeddable":true,"href":"https:\/\/mamaterra.lt\/et\/wp-json\/wp\/v2\/media\/12731"}],"wp:attachment":[{"href":"https:\/\/mamaterra.lt\/et\/wp-json\/wp\/v2\/media?parent=16403"}],"wp:term":[{"taxonomy":"product_brand","embeddable":true,"href":"https:\/\/mamaterra.lt\/et\/wp-json\/wp\/v2\/product_brand?post=16403"},{"taxonomy":"product_cat","embeddable":true,"href":"https:\/\/mamaterra.lt\/et\/wp-json\/wp\/v2\/product_cat?post=16403"},{"taxonomy":"product_tag","embeddable":true,"href":"https:\/\/mamaterra.lt\/et\/wp-json\/wp\/v2\/product_tag?post=16403"}],"curies":[{"name":"wp","href":"https:\/\/api.w.org\/{rel}","templated":true}]}}