{"id":16398,"date":"2021-04-18T16:50:46","date_gmt":"2021-04-18T15:50:46","guid":{"rendered":"https:\/\/mamaterra.lt\/parduotuve\/maaratlemata\/teepuu-melaleuca-puhas-doterra-eeterlik-oli-15ml\/"},"modified":"2021-04-18T16:50:46","modified_gmt":"2021-04-18T15:50:46","slug":"melaleuca-teepuu-puhas-doterra-eeterlik-oli-15ml","status":"publish","type":"product","link":"https:\/\/mamaterra.lt\/et\/parduotuve\/eeterlikud-olid\/puhtad-eeterlikud-olid\/melaleuca-teepuu-puhas-doterra-eeterlik-oli-15ml\/","title":{"rendered":"Teepuu (MELALEUCA) Puhas doTERRA eeterlik \u00f5li 15ml"},"content":{"rendered":"<p><strong>Teepuu (MELALEUCA) Puhas doTERRA eeterlik \u00f5li<\/strong><\/p>\n<p>Melaleuca alternifolia | 15ml<\/p>\n<p>&nbsp;<\/p>\n<p><strong>Teepuu (MELALEUCA) puhta doTERRA eeterliku \u00f5li kirjeldus:<\/strong><\/p>\n<p>Prasnariaalse m\u00fcrti eeterlik \u00f5li, mida nimetatakse teepuuks, koosneb enam kui 90 erinevast \u00fchendist ja selle kasutusv\u00f5imalused on piiramatud.<\/p>\n<ul>\n<li>Tugevdab ja noorendab juukseid, nahka ja k\u00fc\u00fcsi<\/li>\n<li>Tal on mitmeid puhastavaid omadusi<\/li>\n<li>Toetab naha tervislikku v\u00e4ljan\u00e4gemist<\/li>\n<\/ul>\n<p>&nbsp;<\/p>\n<p>Lisateave<strong> teepuu (MELALEUCA)<\/strong> kohta<strong> <\/strong><strong>doTERRA<\/strong><strong> <\/strong><strong>Eeterliku \u00f5li <\/strong>leiate allolevast videost.<\/p>\n<p><iframe title=\"doTERRA Melaleuca \u00f5li\" src=\"https:\/\/www.youtube.com\/embed\/TMDp4VtSQwc\" width=\"853\" height=\"480\" frameborder=\"0\" allowfullscreen=\"allowfullscreen\"><\/iframe><\/p>\n","protected":false},"excerpt":{"rendered":"<ul>\n<li>Tugevdab ja noorendab juukseid, nahka ja k\u00fc\u00fcsi<\/li>\n<li>Tal on mitmeid puhastavaid omadusi<\/li>\n<li>Toetab naha tervislikku v\u00e4ljan\u00e4gemist<\/li>\n<\/ul>\n","protected":false},"featured_media":12782,"template":"","meta":{"site-sidebar-layout":"default","site-content-layout":"default","ast-site-content-layout":"default","site-content-style":"default","site-sidebar-style":"default","ast-global-header-display":"","ast-banner-title-visibility":"","ast-main-header-display":"","ast-hfb-above-header-display":"","ast-hfb-below-header-display":"","ast-hfb-mobile-header-display":"","site-post-title":"","ast-breadcrumbs-content":"","ast-featured-img":"","footer-sml-layout":"","ast-disable-related-posts":"","theme-transparent-header-meta":"default","adv-header-id-meta":"","stick-header-meta":"","header-above-stick-meta":"","header-main-stick-meta":"","header-below-stick-meta":"","astra-migrate-meta-layouts":"default","ast-page-background-enabled":"default","ast-page-background-meta":{"desktop":{"background-color":"","background-image":"","background-repeat":"repeat","background-position":"center center","background-size":"auto","background-attachment":"scroll","background-type":"","background-media":"","overlay-type":"","overlay-color":"","overlay-opacity":"","overlay-gradient":""},"tablet":{"background-color":"","background-image":"","background-repeat":"repeat","background-position":"center center","background-size":"auto","background-attachment":"scroll","background-type":"","background-media":"","overlay-type":"","overlay-color":"","overlay-opacity":"","overlay-gradient":""},"mobile":{"background-color":"","background-image":"","background-repeat":"repeat","background-position":"center center","background-size":"auto","background-attachment":"scroll","background-type":"","background-media":"","overlay-type":"","overlay-color":"","overlay-opacity":"","overlay-gradient":""}},"ast-content-background-meta":{"desktop":{"background-color":"var(--ast-global-color-5)","background-image":"","background-repeat":"repeat","background-position":"center center","background-size":"auto","background-attachment":"scroll","background-type":"","background-media":"","overlay-type":"","overlay-color":"","overlay-opacity":"","overlay-gradient":""},"tablet":{"background-color":"var(--ast-global-color-5)","background-image":"","background-repeat":"repeat","background-position":"center center","background-size":"auto","background-attachment":"scroll","background-type":"","background-media":"","overlay-type":"","overlay-color":"","overlay-opacity":"","overlay-gradient":""},"mobile":{"background-color":"var(--ast-global-color-5)","background-image":"","background-repeat":"repeat","background-position":"center center","background-size":"auto","background-attachment":"scroll","background-type":"","background-media":"","overlay-type":"","overlay-color":"","overlay-opacity":"","overlay-gradient":""}}},"product_brand":[],"product_cat":[1699,1710,1756,1705],"product_tag":[724,1532,1093,973],"class_list":{"0":"post-16398","1":"product","2":"type-product","3":"status-publish","4":"has-post-thumbnail","6":"product_cat-eeterlikud-olid","7":"product_cat-hugieen-ja-nahahooldus","8":"product_cat-lastele","9":"product_cat-puhtad-eeterlikud-olid","10":"product_tag-15-ml-et-2","11":"product_tag-eeterlikud-olid","12":"product_tag-melaleuca-et","13":"product_tag-tea-tree-et","14":"desktop-align-left","15":"tablet-align-left","16":"mobile-align-left","18":"first","19":"instock","20":"taxable","21":"shipping-taxable","22":"purchasable","23":"product-type-simple"},"_links":{"self":[{"href":"https:\/\/mamaterra.lt\/et\/wp-json\/wp\/v2\/product\/16398","targetHints":{"allow":["GET"]}}],"collection":[{"href":"https:\/\/mamaterra.lt\/et\/wp-json\/wp\/v2\/product"}],"about":[{"href":"https:\/\/mamaterra.lt\/et\/wp-json\/wp\/v2\/types\/product"}],"wp:featuredmedia":[{"embeddable":true,"href":"https:\/\/mamaterra.lt\/et\/wp-json\/wp\/v2\/media\/12782"}],"wp:attachment":[{"href":"https:\/\/mamaterra.lt\/et\/wp-json\/wp\/v2\/media?parent=16398"}],"wp:term":[{"taxonomy":"product_brand","embeddable":true,"href":"https:\/\/mamaterra.lt\/et\/wp-json\/wp\/v2\/product_brand?post=16398"},{"taxonomy":"product_cat","embeddable":true,"href":"https:\/\/mamaterra.lt\/et\/wp-json\/wp\/v2\/product_cat?post=16398"},{"taxonomy":"product_tag","embeddable":true,"href":"https:\/\/mamaterra.lt\/et\/wp-json\/wp\/v2\/product_tag?post=16398"}],"curies":[{"name":"wp","href":"https:\/\/api.w.org\/{rel}","templated":true}]}}