{"id":16389,"date":"2021-04-18T16:51:31","date_gmt":"2021-04-18T15:51:31","guid":{"rendered":"https:\/\/mamaterra.lt\/parduotuve\/maaratlemata\/kurkum-pure-doterra-eeterlik-oli-15ml\/"},"modified":"2021-04-18T16:51:31","modified_gmt":"2021-04-18T15:51:31","slug":"kurkum-puhas-doterra-eeterlik-oli-15ml","status":"publish","type":"product","link":"https:\/\/mamaterra.lt\/et\/parduotuve\/eeterlikud-olid\/puhtad-eeterlikud-olid\/kurkum-puhas-doterra-eeterlik-oli-15ml\/","title":{"rendered":"KURKUM Pure doTERRA eeterlik \u00f5li 15ml"},"content":{"rendered":"<p><strong>KURKUM Pure doTERRA eeterlik \u00f5li<\/strong><\/p>\n<p>Curcuma longa | 15ml<\/p>\n<p>&nbsp;<\/p>\n<p><strong>KURKUM Pure doTERRA eeterlik \u00f5li Kirjeldus ja kasutusalad:<\/strong><\/p>\n<p>Kurkumil on soe soolane maitse, mis maitsestab suurep\u00e4raselt teie lemmik soolaseid roogasid. Samuti aitab see s\u00e4ilitada naha tervislikku v\u00e4limust ja m\u00f5jub meeleolu stimuleerivalt.<\/p>\n<ul>\n<li>Kasutage \u00fcksikute piirkondade seisundi parandamiseks v\u00f5i kogu n\u00e4o maskina<\/li>\n<li>Lisage teele v\u00f5i veele 1-2 tilka ja nautige \u00f5rna taimset v\u00fcrtsi<\/li>\n<\/ul>\n<p>&nbsp;<\/p>\n<p>Rohkem infot <strong>KURKUMI<\/strong> kohta<strong> <\/strong><strong>doTERRA<\/strong><strong> <\/strong><strong>Eeterliku \u00f5li <\/strong>leiate allolevast videost.<\/p>\n<p><iframe title=\"doTERRA kaasm\u00f5ju hankimise | doTERRA kurkumi eeterlik \u00f5li\" src=\"https:\/\/www.youtube.com\/embed\/bXnB0ApBLdA\" width=\"897\" height=\"473\" frameborder=\"0\" allowfullscreen=\"allowfullscreen\"><\/iframe><\/p>\n","protected":false},"excerpt":{"rendered":"<ul>\n<li>Kasutage \u00fcksikute piirkondade seisundi parandamiseks v\u00f5i kogu n\u00e4o maskina<\/li>\n<li>Lisage teele v\u00f5i veele 1-2 tilka ja nautige \u00f5rna taimset v\u00fcrtsi<\/li>\n<\/ul>\n","protected":false},"featured_media":12764,"template":"","meta":{"site-sidebar-layout":"default","site-content-layout":"default","ast-site-content-layout":"default","site-content-style":"default","site-sidebar-style":"default","ast-global-header-display":"","ast-banner-title-visibility":"","ast-main-header-display":"","ast-hfb-above-header-display":"","ast-hfb-below-header-display":"","ast-hfb-mobile-header-display":"","site-post-title":"","ast-breadcrumbs-content":"","ast-featured-img":"","footer-sml-layout":"","ast-disable-related-posts":"","theme-transparent-header-meta":"default","adv-header-id-meta":"","stick-header-meta":"","header-above-stick-meta":"","header-main-stick-meta":"","header-below-stick-meta":"","astra-migrate-meta-layouts":"default","ast-page-background-enabled":"default","ast-page-background-meta":{"desktop":{"background-color":"","background-image":"","background-repeat":"repeat","background-position":"center center","background-size":"auto","background-attachment":"scroll","background-type":"","background-media":"","overlay-type":"","overlay-color":"","overlay-opacity":"","overlay-gradient":""},"tablet":{"background-color":"","background-image":"","background-repeat":"repeat","background-position":"center center","background-size":"auto","background-attachment":"scroll","background-type":"","background-media":"","overlay-type":"","overlay-color":"","overlay-opacity":"","overlay-gradient":""},"mobile":{"background-color":"","background-image":"","background-repeat":"repeat","background-position":"center center","background-size":"auto","background-attachment":"scroll","background-type":"","background-media":"","overlay-type":"","overlay-color":"","overlay-opacity":"","overlay-gradient":""}},"ast-content-background-meta":{"desktop":{"background-color":"var(--ast-global-color-5)","background-image":"","background-repeat":"repeat","background-position":"center center","background-size":"auto","background-attachment":"scroll","background-type":"","background-media":"","overlay-type":"","overlay-color":"","overlay-opacity":"","overlay-gradient":""},"tablet":{"background-color":"var(--ast-global-color-5)","background-image":"","background-repeat":"repeat","background-position":"center center","background-size":"auto","background-attachment":"scroll","background-type":"","background-media":"","overlay-type":"","overlay-color":"","overlay-opacity":"","overlay-gradient":""},"mobile":{"background-color":"var(--ast-global-color-5)","background-image":"","background-repeat":"repeat","background-position":"center center","background-size":"auto","background-attachment":"scroll","background-type":"","background-media":"","overlay-type":"","overlay-color":"","overlay-opacity":"","overlay-gradient":""}}},"product_brand":[],"product_cat":[1699,1705],"product_tag":[724,1532,942],"class_list":{"0":"post-16389","1":"product","2":"type-product","3":"status-publish","4":"has-post-thumbnail","6":"product_cat-eeterlikud-olid","7":"product_cat-puhtad-eeterlikud-olid","8":"product_tag-15-ml-et-2","9":"product_tag-eeterlikud-olid","10":"product_tag-turmeric-et","11":"desktop-align-left","12":"tablet-align-left","13":"mobile-align-left","15":"first","16":"instock","17":"taxable","18":"shipping-taxable","19":"purchasable","20":"product-type-simple"},"_links":{"self":[{"href":"https:\/\/mamaterra.lt\/et\/wp-json\/wp\/v2\/product\/16389","targetHints":{"allow":["GET"]}}],"collection":[{"href":"https:\/\/mamaterra.lt\/et\/wp-json\/wp\/v2\/product"}],"about":[{"href":"https:\/\/mamaterra.lt\/et\/wp-json\/wp\/v2\/types\/product"}],"wp:featuredmedia":[{"embeddable":true,"href":"https:\/\/mamaterra.lt\/et\/wp-json\/wp\/v2\/media\/12764"}],"wp:attachment":[{"href":"https:\/\/mamaterra.lt\/et\/wp-json\/wp\/v2\/media?parent=16389"}],"wp:term":[{"taxonomy":"product_brand","embeddable":true,"href":"https:\/\/mamaterra.lt\/et\/wp-json\/wp\/v2\/product_brand?post=16389"},{"taxonomy":"product_cat","embeddable":true,"href":"https:\/\/mamaterra.lt\/et\/wp-json\/wp\/v2\/product_cat?post=16389"},{"taxonomy":"product_tag","embeddable":true,"href":"https:\/\/mamaterra.lt\/et\/wp-json\/wp\/v2\/product_tag?post=16389"}],"curies":[{"name":"wp","href":"https:\/\/api.w.org\/{rel}","templated":true}]}}