{"id":16381,"date":"2021-04-18T16:53:58","date_gmt":"2021-04-18T15:53:58","guid":{"rendered":"https:\/\/mamaterra.lt\/parduotuve\/maaratlemata\/lohnav-kanangs-ylang-ylang-puhas-doterra-eeterlik-oli-15ml\/"},"modified":"2021-04-18T16:53:58","modified_gmt":"2021-04-18T15:53:58","slug":"ylang-ylang-pure-doterra-eeterlik-oli-15ml","status":"publish","type":"product","link":"https:\/\/mamaterra.lt\/et\/parduotuve\/hugieen-ja-nahahooldus\/salon-essentials-juuksehooldustooted\/ylang-ylang-pure-doterra-eeterlik-oli-15ml\/","title":{"rendered":"L\u00f5hnav Kanangs (YLANG YLANG) Puhas doTERRA eeterlik \u00f5li 15ml"},"content":{"rendered":"<p><strong>L\u00f5hnav Kanangs (YLANG YLANG) Puhas doTERRA eeterlik \u00f5li<\/strong><\/p>\n<p>Cananga odorata | 15ml<\/p>\n<p>&nbsp;<\/p>\n<p><strong>L\u00f5hnavate kanangide (YLANG YLANG) Pureo doTERRA eeterliku \u00f5li kirjeldus ja \u00fcldised omadused:<\/strong><\/p>\n<ul>\n<li>Kasutatakse massaa\u017eiks, aitab l\u00f5\u00f5gastuda<\/li>\n<li>Toetab naha ja juuste tervislikku v\u00e4ljan\u00e4gemist<\/li>\n<li>T\u00f5stab meeleolu ja m\u00f5jub rahustavalt<\/li>\n<\/ul>\n<p>Leedu keeles on see l\u00f5hnav kananga &#8211; igihaljas puu, mis kasvab kuni 20 meetri k\u00f5rguseks, kohevate lehtedega ja \u00f5itseb ilusate kollakate lilledega, millel on lummav l\u00f5hn.<br \/>\ndoTERRA Ylang Ylang \u00f5li kasvatatakse ja destilleeritakse Madagaskari saare looderannikul, mida nimetatakse Nosy Be. L\u00f5hnav kanuupuu kasvab isegi kolm-neli aastat ja alles p\u00e4rast seda sobivad tema \u00f5ied kvaliteetse \u00f5li saamiseks.<\/p>\n<p>L\u00f5hn on v\u00e4ga magus, isegi raske, nii et seda segatakse k\u00f5ige sagedamini teiste eeterlike \u00f5lidega, nii et need n\u00f5rgendavad magusa l\u00f5hna intensiivsust.<\/p>\n<p>Iidsetest aegadest alates on Ylang Ylangi \u00f5li peetud sensuaalsuse ja seksuaalsuse \u00f5liks, seda kasutati hingamiseks ja hingamiseks noorpaaride voodites ning kuni 1900. aastani nimetati seda \u00f5li &#8220;vaeste jasmiiniks&#8221;, mida te praegu ei \u00fctleks, sest kvaliteetne ja puhas \u00f5li ei ole odav.<\/p>\n<p>Sellel \u00f5lil on n\u00e4rvis\u00fcsteemile rahustav toime, toimib afrodisiaakumina, reguleerib adrenaliini taset, aitab leevendada pingeid, annab r\u00f5\u00f5msameelsust, k\u00f5rvaldab negatiivsed emotsioonid &#8211; viha, hirmu ja aitab taastuda \u0161okist v\u00f5i paanikahoost.<\/p>\n<ul>\n<li>Ylang Ylang aitab, kui hingamine muutub kiiremaks v\u00f5i tunnete stressi, kuid on v\u00e4ga oluline seda mitte korrutada ja m\u00f5\u00f5dukalt tarbida, vastasel juhul on v\u00f5imalik saada vastupidine reaktsioon.<\/li>\n<li>Sellel \u00f5lil on positiivne m\u00f5ju reproduktiivs\u00fcsteemile ja reguleerib hormoonide taset, m\u00f5jutab soodsalt igat t\u00fc\u00fcpi nahka, stimuleerib peanahka ja tugevdab juukseid.<\/li>\n<li>Noorendab nahka, aitab tasakaalustada hormoone ja toidab suurep\u00e4raselt kuivi juukseid, tugevdab seda ja stimuleerib peanahka.<\/li>\n<\/ul>\n<p><strong>L\u00f5hnav Kanangs (YLANG YLANG) Tyro doTERRA eeterlik \u00f5li Emotsionaalsed m\u00f5jud:<\/strong><\/p>\n<ul>\n<li>See aitab lahti lasta pikaajalistest emotsionaalsetest traumadest, vabastab vihast ja hirmust, paneb inimese tundma end noorusliku ja m\u00e4ngulisena, justkui vabastaks ta meis k\u00f5igis v\u00e4ikese ja r\u00f5\u00f5msameelse lapse.<\/li>\n<li>See \u00f5li aitab eriti kurbadel inimestel, kes tunnevad depressiooni ja justkui neil pole \u00f5igust olla r\u00f5\u00f5msameelne ja nautida elu. Protsess on pikk, kuid v\u00e4ga kasulik &#8211; Ylang Ylang on nagu toit meie s\u00fcdamele!<\/li>\n<li>Sellel \u00f5lil on suur m\u00f5ju s\u00fcdamele, mitte ainult f\u00fc\u00fcsilisel , vaid ka vaimsel viisil. Seda nimetatakse sisemise lapse \u00f5liks ja see aitab lahti lasta lapsep\u00f5lves kogetud emotsionaalsest traumast, mis masendab, segab t\u00e4ie\u00f5igusliku t\u00e4iskasvanu ja vastutustundliku inimese elu, m\u00f5jutab suhteid ja blokeerib r\u00f5\u00f5mu, m\u00e4ngulisust, l\u00f5tvust, intuitiivsust ja segab emotsionaalseid sidemeid \u00fcmbritsevate inimestega.<\/li>\n<li>See \u00f5li aitab lahti lasta nendest negatiivsetest emotsioonidest &#8211; stressist, kurbusest, liigsest anal\u00fc\u00fcsist ja soovist k\u00f5ike reguleerida, suutmatusest elu nautida ja panna end mingisse keerutatud raami.<\/li>\n<\/ul>\n<p>&nbsp;<\/p>\n<p>Lisateave <strong>l\u00f5hnavate kanangide doTERRA (YLANG YLANG)<\/strong> kohta<strong> <\/strong><strong>Eeterliku \u00f5li <\/strong>leiate allolevast videost.<\/p>\n<p><iframe title=\"doTERRA Ylang Ylang (t\u00f5lgitud subtiitrid)\" src=\"https:\/\/www.youtube.com\/embed\/xGNGdoS1NZk\" width=\"853\" height=\"480\" frameborder=\"0\" allowfullscreen=\"allowfullscreen\"><\/iframe><\/p>\n","protected":false},"excerpt":{"rendered":"<ul>\n<li>Kasutatakse massaa\u017eiks, aitab l\u00f5\u00f5gastuda<\/li>\n<li>Toetab naha ja juuste tervislikku v\u00e4ljan\u00e4gemist<\/li>\n<li>T\u00f5stab meeleolu ja m\u00f5jub rahustavalt<\/li>\n<\/ul>\n","protected":false},"featured_media":12602,"template":"","meta":{"site-sidebar-layout":"default","site-content-layout":"default","ast-site-content-layout":"default","site-content-style":"default","site-sidebar-style":"default","ast-global-header-display":"","ast-banner-title-visibility":"","ast-main-header-display":"","ast-hfb-above-header-display":"","ast-hfb-below-header-display":"","ast-hfb-mobile-header-display":"","site-post-title":"","ast-breadcrumbs-content":"","ast-featured-img":"","footer-sml-layout":"","ast-disable-related-posts":"","theme-transparent-header-meta":"default","adv-header-id-meta":"","stick-header-meta":"","header-above-stick-meta":"","header-main-stick-meta":"","header-below-stick-meta":"","astra-migrate-meta-layouts":"default","ast-page-background-enabled":"default","ast-page-background-meta":{"desktop":{"background-color":"","background-image":"","background-repeat":"repeat","background-position":"center center","background-size":"auto","background-attachment":"scroll","background-type":"","background-media":"","overlay-type":"","overlay-color":"","overlay-opacity":"","overlay-gradient":""},"tablet":{"background-color":"","background-image":"","background-repeat":"repeat","background-position":"center center","background-size":"auto","background-attachment":"scroll","background-type":"","background-media":"","overlay-type":"","overlay-color":"","overlay-opacity":"","overlay-gradient":""},"mobile":{"background-color":"","background-image":"","background-repeat":"repeat","background-position":"center center","background-size":"auto","background-attachment":"scroll","background-type":"","background-media":"","overlay-type":"","overlay-color":"","overlay-opacity":"","overlay-gradient":""}},"ast-content-background-meta":{"desktop":{"background-color":"var(--ast-global-color-5)","background-image":"","background-repeat":"repeat","background-position":"center center","background-size":"auto","background-attachment":"scroll","background-type":"","background-media":"","overlay-type":"","overlay-color":"","overlay-opacity":"","overlay-gradient":""},"tablet":{"background-color":"var(--ast-global-color-5)","background-image":"","background-repeat":"repeat","background-position":"center center","background-size":"auto","background-attachment":"scroll","background-type":"","background-media":"","overlay-type":"","overlay-color":"","overlay-opacity":"","overlay-gradient":""},"mobile":{"background-color":"var(--ast-global-color-5)","background-image":"","background-repeat":"repeat","background-position":"center center","background-size":"auto","background-attachment":"scroll","background-type":"","background-media":"","overlay-type":"","overlay-color":"","overlay-opacity":"","overlay-gradient":""}}},"product_brand":[],"product_cat":[1699,1737,1741,1705,1714,1753],"product_tag":[724,1532,892],"class_list":{"0":"post-16381","1":"product","2":"type-product","3":"status-publish","4":"has-post-thumbnail","6":"product_cat-eeterlikud-olid","7":"product_cat-magamiseks","8":"product_cat-naistele","9":"product_cat-puhtad-eeterlikud-olid","10":"product_cat-salon-essentials-juuksehooldustooted","11":"product_cat-stressi-juhtimine","12":"product_tag-15-ml-et-2","13":"product_tag-eeterlikud-olid","14":"product_tag-ylang-ylang-et","15":"desktop-align-left","16":"tablet-align-left","17":"mobile-align-left","19":"first","20":"instock","21":"sale","22":"taxable","23":"shipping-taxable","24":"purchasable","25":"product-type-simple"},"_links":{"self":[{"href":"https:\/\/mamaterra.lt\/et\/wp-json\/wp\/v2\/product\/16381","targetHints":{"allow":["GET"]}}],"collection":[{"href":"https:\/\/mamaterra.lt\/et\/wp-json\/wp\/v2\/product"}],"about":[{"href":"https:\/\/mamaterra.lt\/et\/wp-json\/wp\/v2\/types\/product"}],"wp:featuredmedia":[{"embeddable":true,"href":"https:\/\/mamaterra.lt\/et\/wp-json\/wp\/v2\/media\/12602"}],"wp:attachment":[{"href":"https:\/\/mamaterra.lt\/et\/wp-json\/wp\/v2\/media?parent=16381"}],"wp:term":[{"taxonomy":"product_brand","embeddable":true,"href":"https:\/\/mamaterra.lt\/et\/wp-json\/wp\/v2\/product_brand?post=16381"},{"taxonomy":"product_cat","embeddable":true,"href":"https:\/\/mamaterra.lt\/et\/wp-json\/wp\/v2\/product_cat?post=16381"},{"taxonomy":"product_tag","embeddable":true,"href":"https:\/\/mamaterra.lt\/et\/wp-json\/wp\/v2\/product_tag?post=16381"}],"curies":[{"name":"wp","href":"https:\/\/api.w.org\/{rel}","templated":true}]}}