{"id":16373,"date":"2021-04-19T07:53:32","date_gmt":"2021-04-19T06:53:32","guid":{"rendered":"https:\/\/mamaterra.lt\/parduotuve\/maaratlemata\/doterra-adaptiv-touch-eeterlike-olide-segu-10ml\/"},"modified":"2021-04-19T07:53:32","modified_gmt":"2021-04-19T06:53:32","slug":"doterra-adaptiv-touch-eeterlik-oli-mustiline-10ml","status":"publish","type":"product","link":"https:\/\/mamaterra.lt\/et\/parduotuve\/eeterlikud-olid\/eeterlike-olide-segud\/doterra-adaptiv-touch-eeterlik-oli-mustiline-10ml\/","title":{"rendered":"doTERRA ADAPTIV\u2122 TOUCH eeterlike \u00f5lide segu 10ml"},"content":{"rendered":"<p><strong>DoTERRA ADAPTIV\u2122 TOUCH eeterlike \u00f5lide segu<\/strong><\/p>\n<p>10 ml pudel kuuli aplikaatoriga<\/p>\n<p>&nbsp;<\/p>\n<p><strong>DoTERRA ADAPTIV\u2122 TOUCH eeterlike \u00f5lide segu kirjeldus ja koostisosad:<\/strong><\/p>\n<p>Kui tunnete vajadust rahustava t\u00f5uke j\u00e4rele, on Adaptiv teie otsus. Hoidke Adaptiv Touchi k\u00e4eulatuses, et saaksite end igas keskkonnas v\u00f5i olukorras h\u00e4sti tunda.<\/p>\n<p>Lavendel, magnoolia, Neroli ja Sweetgum annavad rahustava efekti, samas kui metsik apelsin ja odap\u00e4rane annavad energiat ja t\u00f5stavad energiat. Lisaks aitavad Copaiba ja rosmariin rahustada raevukaid tundeid. \u00dcksk\u00f5ik, kas tunnete end v\u00e4sinuna, rahutuna, otsustusv\u00f5imetuna v\u00f5i \u00e4rritununa v\u00f5i \u00e4rritununa, Adaptiv on t\u00f6\u00f6riist, mis aitab hoida teie keha ja vaimu tasakaalus.<\/p>\n<ul>\n<li>Aitab parandada meeleolu<\/li>\n<li>Tugevdab rahulikku tunnet<\/li>\n<li>Rahustab ja \u00fclendab<\/li>\n<\/ul>\n<p>&nbsp;<\/p>\n<p><strong>DoTERRA ADAPTIV\u2122 TOUCH eeterlike \u00f5lide segu<\/strong> kohta lisateabe saamiseks vaadake allolevat videot.<\/p>\n<p><iframe title=\"Uskumatu doTERRA ADAPTIV Touch rahustava segu eelised ja kasutusalad\" src=\"https:\/\/www.youtube.com\/embed\/uNjREx2GW4A\" width=\"853\" height=\"480\" frameborder=\"0\" allowfullscreen=\"allowfullscreen\"><\/iframe><\/p>\n","protected":false},"excerpt":{"rendered":"<ul>\n<li>Aitab parandada meeleolu<\/li>\n<li>Tugevdab rahulikku tunnet<\/li>\n<li>Rahustab ja \u00fclendab<\/li>\n<\/ul>\n","protected":false},"featured_media":12728,"template":"","meta":{"site-sidebar-layout":"default","site-content-layout":"default","ast-site-content-layout":"default","site-content-style":"default","site-sidebar-style":"default","ast-global-header-display":"","ast-banner-title-visibility":"","ast-main-header-display":"","ast-hfb-above-header-display":"","ast-hfb-below-header-display":"","ast-hfb-mobile-header-display":"","site-post-title":"","ast-breadcrumbs-content":"","ast-featured-img":"","footer-sml-layout":"","ast-disable-related-posts":"","theme-transparent-header-meta":"default","adv-header-id-meta":"","stick-header-meta":"","header-above-stick-meta":"","header-main-stick-meta":"","header-below-stick-meta":"","astra-migrate-meta-layouts":"default","ast-page-background-enabled":"default","ast-page-background-meta":{"desktop":{"background-color":"","background-image":"","background-repeat":"repeat","background-position":"center center","background-size":"auto","background-attachment":"scroll","background-type":"","background-media":"","overlay-type":"","overlay-color":"","overlay-opacity":"","overlay-gradient":""},"tablet":{"background-color":"","background-image":"","background-repeat":"repeat","background-position":"center center","background-size":"auto","background-attachment":"scroll","background-type":"","background-media":"","overlay-type":"","overlay-color":"","overlay-opacity":"","overlay-gradient":""},"mobile":{"background-color":"","background-image":"","background-repeat":"repeat","background-position":"center center","background-size":"auto","background-attachment":"scroll","background-type":"","background-media":"","overlay-type":"","overlay-color":"","overlay-opacity":"","overlay-gradient":""}},"ast-content-background-meta":{"desktop":{"background-color":"var(--ast-global-color-5)","background-image":"","background-repeat":"repeat","background-position":"center center","background-size":"auto","background-attachment":"scroll","background-type":"","background-media":"","overlay-type":"","overlay-color":"","overlay-opacity":"","overlay-gradient":""},"tablet":{"background-color":"var(--ast-global-color-5)","background-image":"","background-repeat":"repeat","background-position":"center center","background-size":"auto","background-attachment":"scroll","background-type":"","background-media":"","overlay-type":"","overlay-color":"","overlay-opacity":"","overlay-gradient":""},"mobile":{"background-color":"var(--ast-global-color-5)","background-image":"","background-repeat":"repeat","background-position":"center center","background-size":"auto","background-attachment":"scroll","background-type":"","background-media":"","overlay-type":"","overlay-color":"","overlay-opacity":"","overlay-gradient":""}}},"product_brand":[],"product_cat":[1701,1699,1731,1737,1753],"product_tag":[721,1422,1534],"class_list":{"0":"post-16373","1":"product","2":"type-product","3":"status-publish","4":"has-post-thumbnail","6":"product_cat-eeterlike-olide-segud","7":"product_cat-eeterlikud-olid","8":"product_cat-keskendumiseks","9":"product_cat-magamiseks","10":"product_cat-stressi-juhtimine","11":"product_tag-10-ml-et","12":"product_tag-adaptiv-touch-et","13":"product_tag-eeterliku-oli-segu","14":"desktop-align-left","15":"tablet-align-left","16":"mobile-align-left","18":"first","19":"instock","20":"sale","21":"taxable","22":"shipping-taxable","23":"purchasable","24":"product-type-simple"},"_links":{"self":[{"href":"https:\/\/mamaterra.lt\/et\/wp-json\/wp\/v2\/product\/16373","targetHints":{"allow":["GET"]}}],"collection":[{"href":"https:\/\/mamaterra.lt\/et\/wp-json\/wp\/v2\/product"}],"about":[{"href":"https:\/\/mamaterra.lt\/et\/wp-json\/wp\/v2\/types\/product"}],"wp:featuredmedia":[{"embeddable":true,"href":"https:\/\/mamaterra.lt\/et\/wp-json\/wp\/v2\/media\/12728"}],"wp:attachment":[{"href":"https:\/\/mamaterra.lt\/et\/wp-json\/wp\/v2\/media?parent=16373"}],"wp:term":[{"taxonomy":"product_brand","embeddable":true,"href":"https:\/\/mamaterra.lt\/et\/wp-json\/wp\/v2\/product_brand?post=16373"},{"taxonomy":"product_cat","embeddable":true,"href":"https:\/\/mamaterra.lt\/et\/wp-json\/wp\/v2\/product_cat?post=16373"},{"taxonomy":"product_tag","embeddable":true,"href":"https:\/\/mamaterra.lt\/et\/wp-json\/wp\/v2\/product_tag?post=16373"}],"curies":[{"name":"wp","href":"https:\/\/api.w.org\/{rel}","templated":true}]}}