{"id":16365,"date":"2021-04-18T17:17:09","date_gmt":"2021-04-18T16:17:09","guid":{"rendered":"https:\/\/mamaterra.lt\/parduotuve\/maaratlemata\/doterra-clarycalm-eeterlike-olide-segu-naistele-10ml\/"},"modified":"2021-04-18T17:17:09","modified_gmt":"2021-04-18T16:17:09","slug":"doterra-clarycalm-eeterlik-oli-segu-naistele-10ml","status":"publish","type":"product","link":"https:\/\/mamaterra.lt\/et\/parduotuve\/eeterlikud-olid\/eeterlike-olide-segud\/doterra-clarycalm-eeterlik-oli-segu-naistele-10ml\/","title":{"rendered":"doTERRA clarycalm\u2122 eeterlike \u00f5lide segu naistele 10ml"},"content":{"rendered":"<p><strong>doTERRA clarycalm\u2122 eeterlike \u00f5lide segu naistele  <\/strong><\/p>\n<p>10ml pudel kuuli aplikaatoriga<\/p>\n<p>&nbsp;<\/p>\n<p><strong>doTERRA clarycalm\u2122 eeterlike \u00f5lide segu kirjeldus:<\/strong><\/p>\n<p>Spetsiaalselt naistele loodud clarycalm \u00f5li aitab tasakaalustada meeleolu ja rahustab k\u00f5ikuvaid emotsioone kogu kuu v\u00e4ltel.<\/p>\n<ul>\n<li>Aitab s\u00e4ilitada emotsionaalset tasakaalu kogu kuu v\u00e4ltel<\/li>\n<li>Aitab rahuneda ja tasakaalustada raevukaid emotsioone<\/li>\n<li>Nahale kandmisel toimib see jahutavalt<\/li>\n<li>V\u00e4hendab PMS-i s\u00fcmptomeid, meeleolumuutusi<\/li>\n<li>Parandab \u00fcldist heaolu<\/li>\n<li>Leevendab menstruatsioonivalusid<\/li>\n<li>P\u00e4rsib kuumalaineid<\/li>\n<li>Nahale kandmisel annab clarycalm jahutava ja rahustava toime.<\/li>\n<\/ul>\n<p><strong>doTERRA clarycalm\u2122 eeterlike \u00f5lide segu koostisosad:<\/strong><\/p>\n<p>Clary salvei, lavendel, FCF Bergamot, Rooma kummel, Ylang Ylang, seedripuu, geraanium, apteegitill, porgandiseemned, Palmarosa ja Vitex eeterlikud \u00f5lid.<\/p>\n<p><strong>Doterra clarycalm\u2122 eeterlike \u00f5lide segu kasutamine:<\/strong><\/p>\n<ul>\n<li>M\u00e4\u00e4rige alak\u00f5hus valuliku menstruatsiooni, puhituse korral<\/li>\n<li>M\u00e4\u00e4rige pea, kui see valutab<\/li>\n<li>Emotsioonide ja hormoonide tasakaalustamiseks, kuumahoogude v\u00e4hendamiseks, kaela, randmete, pahkluude m\u00e4\u00e4rimiseks hommikuti ja \u00f5htuti<\/li>\n<\/ul>\n<p>&nbsp;<\/p>\n<p>Lisateave <strong>doTERRA clarycalm\u2122<\/strong> kohta<strong> <\/strong><strong>Eeterlike \u00f5lide segu <\/strong>leiate allolevast videost.<\/p>\n<p><iframe title=\"Emotsioonide tasakaalustamine doTERRA ClaryCalmiga\u00ae\" src=\"https:\/\/www.youtube.com\/embed\/KCIRNZM0ELo\" width=\"853\" height=\"480\" frameborder=\"0\" allowfullscreen=\"allowfullscreen\"><\/iframe><\/p>\n","protected":false},"excerpt":{"rendered":"<ul>\n<li>Aitab s\u00e4ilitada emotsionaalset tasakaalu kogu kuu v\u00e4ltel<\/li>\n<li>Aitab rahuneda ja tasakaalustada raevukaid emotsioone<\/li>\n<li>Nahale kandmisel toimib see jahutavalt<\/li>\n<li>P\u00e4rsib menopausi p\u00f5hjustatud ebamugavust<\/li>\n<\/ul>\n","protected":false},"featured_media":12749,"template":"","meta":{"site-sidebar-layout":"default","site-content-layout":"default","ast-site-content-layout":"default","site-content-style":"default","site-sidebar-style":"default","ast-global-header-display":"","ast-banner-title-visibility":"","ast-main-header-display":"","ast-hfb-above-header-display":"","ast-hfb-below-header-display":"","ast-hfb-mobile-header-display":"","site-post-title":"","ast-breadcrumbs-content":"","ast-featured-img":"","footer-sml-layout":"","ast-disable-related-posts":"","theme-transparent-header-meta":"default","adv-header-id-meta":"","stick-header-meta":"","header-above-stick-meta":"","header-main-stick-meta":"","header-below-stick-meta":"","astra-migrate-meta-layouts":"default","ast-page-background-enabled":"default","ast-page-background-meta":{"desktop":{"background-color":"","background-image":"","background-repeat":"repeat","background-position":"center center","background-size":"auto","background-attachment":"scroll","background-type":"","background-media":"","overlay-type":"","overlay-color":"","overlay-opacity":"","overlay-gradient":""},"tablet":{"background-color":"","background-image":"","background-repeat":"repeat","background-position":"center center","background-size":"auto","background-attachment":"scroll","background-type":"","background-media":"","overlay-type":"","overlay-color":"","overlay-opacity":"","overlay-gradient":""},"mobile":{"background-color":"","background-image":"","background-repeat":"repeat","background-position":"center center","background-size":"auto","background-attachment":"scroll","background-type":"","background-media":"","overlay-type":"","overlay-color":"","overlay-opacity":"","overlay-gradient":""}},"ast-content-background-meta":{"desktop":{"background-color":"var(--ast-global-color-5)","background-image":"","background-repeat":"repeat","background-position":"center center","background-size":"auto","background-attachment":"scroll","background-type":"","background-media":"","overlay-type":"","overlay-color":"","overlay-opacity":"","overlay-gradient":""},"tablet":{"background-color":"var(--ast-global-color-5)","background-image":"","background-repeat":"repeat","background-position":"center center","background-size":"auto","background-attachment":"scroll","background-type":"","background-media":"","overlay-type":"","overlay-color":"","overlay-opacity":"","overlay-gradient":""},"mobile":{"background-color":"var(--ast-global-color-5)","background-image":"","background-repeat":"repeat","background-position":"center center","background-size":"auto","background-attachment":"scroll","background-type":"","background-media":"","overlay-type":"","overlay-color":"","overlay-opacity":"","overlay-gradient":""}}},"product_brand":[],"product_cat":[1701,1699,1741,1753],"product_tag":[721,1306,1534],"class_list":{"0":"post-16365","1":"product","2":"type-product","3":"status-publish","4":"has-post-thumbnail","6":"product_cat-eeterlike-olide-segud","7":"product_cat-eeterlikud-olid","8":"product_cat-naistele","9":"product_cat-stressi-juhtimine","10":"product_tag-10-ml-et","11":"product_tag-clarycalm-et","12":"product_tag-eeterliku-oli-segu","13":"desktop-align-left","14":"tablet-align-left","15":"mobile-align-left","17":"first","18":"instock","19":"taxable","20":"shipping-taxable","21":"purchasable","22":"product-type-simple"},"_links":{"self":[{"href":"https:\/\/mamaterra.lt\/et\/wp-json\/wp\/v2\/product\/16365","targetHints":{"allow":["GET"]}}],"collection":[{"href":"https:\/\/mamaterra.lt\/et\/wp-json\/wp\/v2\/product"}],"about":[{"href":"https:\/\/mamaterra.lt\/et\/wp-json\/wp\/v2\/types\/product"}],"wp:featuredmedia":[{"embeddable":true,"href":"https:\/\/mamaterra.lt\/et\/wp-json\/wp\/v2\/media\/12749"}],"wp:attachment":[{"href":"https:\/\/mamaterra.lt\/et\/wp-json\/wp\/v2\/media?parent=16365"}],"wp:term":[{"taxonomy":"product_brand","embeddable":true,"href":"https:\/\/mamaterra.lt\/et\/wp-json\/wp\/v2\/product_brand?post=16365"},{"taxonomy":"product_cat","embeddable":true,"href":"https:\/\/mamaterra.lt\/et\/wp-json\/wp\/v2\/product_cat?post=16365"},{"taxonomy":"product_tag","embeddable":true,"href":"https:\/\/mamaterra.lt\/et\/wp-json\/wp\/v2\/product_tag?post=16365"}],"curies":[{"name":"wp","href":"https:\/\/api.w.org\/{rel}","templated":true}]}}