{"id":16357,"date":"2021-04-18T17:18:51","date_gmt":"2021-04-18T16:18:51","guid":{"rendered":"https:\/\/mamaterra.lt\/parduotuve\/maaratlemata\/doterra-ddr-prime-noorendav-eeterlike-olide-segu-15ml\/"},"modified":"2021-04-18T17:18:51","modified_gmt":"2021-04-18T16:18:51","slug":"doterra-ddr-prime-uuendav-eeterlik-oli-segu-15ml","status":"publish","type":"product","link":"https:\/\/mamaterra.lt\/et\/parduotuve\/eeterlikud-olid\/eeterlike-olide-segud\/doterra-ddr-prime-uuendav-eeterlik-oli-segu-15ml\/","title":{"rendered":"doTERRA DDR PRIME\u2122 NOORENDAV eeterlike \u00f5lide segu 15ml"},"content":{"rendered":"<p><strong>doTERRA DDR PRIME\u2122 NOORENDAV eeterlike \u00f5lide segu<\/strong><\/p>\n<p>15ml<\/p>\n<p>&nbsp;<\/p>\n<p><strong>doTERRA DDR PRIME\u2122 eeterlike \u00f5lide segu kirjeldus ja koostisosad:<\/strong><\/p>\n<p>DDR Prime \u00fchendab nelgi, t\u00fc\u00fcmiani ja metsikute apelsinide eeterlikud \u00f5lid, millel on antioks\u00fcdantne toime. See segu on m\u00f5eldud keha ja rakkude kaitsmiseks oks\u00fcdatiivse stressi eest.<\/p>\n<ul>\n<li>Tugevdab rakkude \u00fcldist tervist<\/li>\n<li>Aitab hoida rakke tervena ja sujuvalt<\/li>\n<li>Kaitseb keha ja rakke oks\u00fcdatiivse stressi eest<\/li>\n<\/ul>\n<p>&nbsp;<\/p>\n<p><strong>DoTERRA DDR PRIME\u2122 <\/strong><strong>eeterlike \u00f5lide segu <\/strong>kohta lisateabe saamiseks vaadake allolevat videot.<\/p>\n<p><iframe title=\"doTERRA DDR Prime eeterlik \u00f5li-DEOWA Akadeemia grupp\" src=\"https:\/\/www.youtube.com\/embed\/ChRc2gQJpnQ\" width=\"853\" height=\"480\" frameborder=\"0\" allowfullscreen=\"allowfullscreen\"><\/iframe><\/p>\n","protected":false},"excerpt":{"rendered":"<ul>\n<li>Tugevdab rakkude \u00fcldist tervist<\/li>\n<li>Aitab hoida rakke tervena ja sujuvalt<\/li>\n<li>Kaitseb keha ja rakke oks\u00fcdatiivse stressi eest<\/li>\n<\/ul>\n","protected":false},"featured_media":12746,"template":"","meta":{"site-sidebar-layout":"default","site-content-layout":"default","ast-site-content-layout":"default","site-content-style":"default","site-sidebar-style":"default","ast-global-header-display":"","ast-banner-title-visibility":"","ast-main-header-display":"","ast-hfb-above-header-display":"","ast-hfb-below-header-display":"","ast-hfb-mobile-header-display":"","site-post-title":"","ast-breadcrumbs-content":"","ast-featured-img":"","footer-sml-layout":"","ast-disable-related-posts":"","theme-transparent-header-meta":"default","adv-header-id-meta":"","stick-header-meta":"","header-above-stick-meta":"","header-main-stick-meta":"","header-below-stick-meta":"","astra-migrate-meta-layouts":"default","ast-page-background-enabled":"default","ast-page-background-meta":{"desktop":{"background-color":"","background-image":"","background-repeat":"repeat","background-position":"center center","background-size":"auto","background-attachment":"scroll","background-type":"","background-media":"","overlay-type":"","overlay-color":"","overlay-opacity":"","overlay-gradient":""},"tablet":{"background-color":"","background-image":"","background-repeat":"repeat","background-position":"center center","background-size":"auto","background-attachment":"scroll","background-type":"","background-media":"","overlay-type":"","overlay-color":"","overlay-opacity":"","overlay-gradient":""},"mobile":{"background-color":"","background-image":"","background-repeat":"repeat","background-position":"center center","background-size":"auto","background-attachment":"scroll","background-type":"","background-media":"","overlay-type":"","overlay-color":"","overlay-opacity":"","overlay-gradient":""}},"ast-content-background-meta":{"desktop":{"background-color":"var(--ast-global-color-5)","background-image":"","background-repeat":"repeat","background-position":"center center","background-size":"auto","background-attachment":"scroll","background-type":"","background-media":"","overlay-type":"","overlay-color":"","overlay-opacity":"","overlay-gradient":""},"tablet":{"background-color":"var(--ast-global-color-5)","background-image":"","background-repeat":"repeat","background-position":"center center","background-size":"auto","background-attachment":"scroll","background-type":"","background-media":"","overlay-type":"","overlay-color":"","overlay-opacity":"","overlay-gradient":""},"mobile":{"background-color":"var(--ast-global-color-5)","background-image":"","background-repeat":"repeat","background-position":"center center","background-size":"auto","background-attachment":"scroll","background-type":"","background-media":"","overlay-type":"","overlay-color":"","overlay-opacity":"","overlay-gradient":""}}},"product_brand":[],"product_cat":[1701,1699],"product_tag":[724,1520,1534],"class_list":{"0":"post-16357","1":"product","2":"type-product","3":"status-publish","4":"has-post-thumbnail","6":"product_cat-eeterlike-olide-segud","7":"product_cat-eeterlikud-olid","8":"product_tag-15-ml-et-2","9":"product_tag-ddr-prime-et","10":"product_tag-eeterliku-oli-segu","11":"desktop-align-left","12":"tablet-align-left","13":"mobile-align-left","15":"first","16":"instock","17":"taxable","18":"shipping-taxable","19":"purchasable","20":"product-type-simple"},"_links":{"self":[{"href":"https:\/\/mamaterra.lt\/et\/wp-json\/wp\/v2\/product\/16357","targetHints":{"allow":["GET"]}}],"collection":[{"href":"https:\/\/mamaterra.lt\/et\/wp-json\/wp\/v2\/product"}],"about":[{"href":"https:\/\/mamaterra.lt\/et\/wp-json\/wp\/v2\/types\/product"}],"wp:featuredmedia":[{"embeddable":true,"href":"https:\/\/mamaterra.lt\/et\/wp-json\/wp\/v2\/media\/12746"}],"wp:attachment":[{"href":"https:\/\/mamaterra.lt\/et\/wp-json\/wp\/v2\/media?parent=16357"}],"wp:term":[{"taxonomy":"product_brand","embeddable":true,"href":"https:\/\/mamaterra.lt\/et\/wp-json\/wp\/v2\/product_brand?post=16357"},{"taxonomy":"product_cat","embeddable":true,"href":"https:\/\/mamaterra.lt\/et\/wp-json\/wp\/v2\/product_cat?post=16357"},{"taxonomy":"product_tag","embeddable":true,"href":"https:\/\/mamaterra.lt\/et\/wp-json\/wp\/v2\/product_tag?post=16357"}],"curies":[{"name":"wp","href":"https:\/\/api.w.org\/{rel}","templated":true}]}}