{"id":16354,"date":"2021-04-18T17:30:26","date_gmt":"2021-04-18T16:30:26","guid":{"rendered":"https:\/\/mamaterra.lt\/parduotuve\/maaratlemata\/doterra-motivate-maaramine-eeterlike-olide-segu-5ml\/"},"modified":"2021-04-18T17:30:26","modified_gmt":"2021-04-18T16:30:26","slug":"doterra-motiveerida-eeterlik-oli-segu-5ml","status":"publish","type":"product","link":"https:\/\/mamaterra.lt\/et\/parduotuve\/eeterlikud-olid\/eeterlike-olide-segud\/doterra-motiveerida-eeterlik-oli-segu-5ml\/","title":{"rendered":"doTERRA MOTIVATE\u2122 m\u00e4\u00e4ramine Eeterlike \u00f5lide segu 5ml"},"content":{"rendered":"<p><strong>doTERRA MOTIVEERIB\u2122 m\u00e4\u00e4ramiskindlat eeterlike \u00f5lide segu<\/strong><\/p>\n<p>5 ml<\/p>\n<p>&nbsp;<\/p>\n<p><strong>doTERRA MOTIVATE\u2122 M\u00e4\u00e4rava eeterlike \u00f5lide segu kirjeldus ja koostis:<\/strong><\/p>\n<p>Kasutades ainulaadset piparm\u00fcndi ja tsitruseliste eeterlike \u00f5lide segu doTERRA Motivate, saate negatiivsed emotsioonid asendada enesekindluse ja julgusega.<\/p>\n<ul>\n<li>Edendab usaldust, julgust ja usku<\/li>\n<li>Loob meeli\u00fclendava aroomi<\/li>\n<li>Aitab maandada ja tasakaalustada emotsioone<\/li>\n<\/ul>\n<p>Lisateave <strong>doTERRA MOTIVATE\u2122<\/strong> kohta<strong> <\/strong><strong>Eeterlike \u00f5lide segu <\/strong>leiate allolevast videost.<\/p>\n<p><iframe title=\"doTERRA Motivate: Encouraging Blend -Oily Education - Kuidas seda kasutada ja milleks see suurep\u00e4rane on\" src=\"https:\/\/www.youtube.com\/embed\/kP3RoqbBjpw\" width=\"853\" height=\"480\" frameborder=\"0\" allowfullscreen=\"allowfullscreen\"><\/iframe><\/p>\n","protected":false},"excerpt":{"rendered":"<ul>\n<li>Edendab usaldust, julgust ja usku<\/li>\n<li>Loob meeli\u00fclendava aroomi<\/li>\n<li>Aitab maandada ja tasakaalustada emotsioone<\/li>\n<\/ul>\n","protected":false},"featured_media":12686,"template":"","meta":{"site-sidebar-layout":"default","site-content-layout":"default","ast-site-content-layout":"default","site-content-style":"default","site-sidebar-style":"default","ast-global-header-display":"","ast-banner-title-visibility":"","ast-main-header-display":"","ast-hfb-above-header-display":"","ast-hfb-below-header-display":"","ast-hfb-mobile-header-display":"","site-post-title":"","ast-breadcrumbs-content":"","ast-featured-img":"","footer-sml-layout":"","ast-disable-related-posts":"","theme-transparent-header-meta":"default","adv-header-id-meta":"","stick-header-meta":"","header-above-stick-meta":"","header-main-stick-meta":"","header-below-stick-meta":"","astra-migrate-meta-layouts":"default","ast-page-background-enabled":"default","ast-page-background-meta":{"desktop":{"background-color":"","background-image":"","background-repeat":"repeat","background-position":"center center","background-size":"auto","background-attachment":"scroll","background-type":"","background-media":"","overlay-type":"","overlay-color":"","overlay-opacity":"","overlay-gradient":""},"tablet":{"background-color":"","background-image":"","background-repeat":"repeat","background-position":"center center","background-size":"auto","background-attachment":"scroll","background-type":"","background-media":"","overlay-type":"","overlay-color":"","overlay-opacity":"","overlay-gradient":""},"mobile":{"background-color":"","background-image":"","background-repeat":"repeat","background-position":"center center","background-size":"auto","background-attachment":"scroll","background-type":"","background-media":"","overlay-type":"","overlay-color":"","overlay-opacity":"","overlay-gradient":""}},"ast-content-background-meta":{"desktop":{"background-color":"var(--ast-global-color-5)","background-image":"","background-repeat":"repeat","background-position":"center center","background-size":"auto","background-attachment":"scroll","background-type":"","background-media":"","overlay-type":"","overlay-color":"","overlay-opacity":"","overlay-gradient":""},"tablet":{"background-color":"var(--ast-global-color-5)","background-image":"","background-repeat":"repeat","background-position":"center center","background-size":"auto","background-attachment":"scroll","background-type":"","background-media":"","overlay-type":"","overlay-color":"","overlay-opacity":"","overlay-gradient":""},"mobile":{"background-color":"var(--ast-global-color-5)","background-image":"","background-repeat":"repeat","background-position":"center center","background-size":"auto","background-attachment":"scroll","background-type":"","background-media":"","overlay-type":"","overlay-color":"","overlay-opacity":"","overlay-gradient":""}}},"product_brand":[],"product_cat":[1701,1699,1753],"product_tag":[712,1534,1481],"class_list":{"0":"post-16354","1":"product","2":"type-product","3":"status-publish","4":"has-post-thumbnail","6":"product_cat-eeterlike-olide-segud","7":"product_cat-eeterlikud-olid","8":"product_cat-stressi-juhtimine","9":"product_tag-5-ml-et-2","10":"product_tag-eeterliku-oli-segu","11":"product_tag-motivate-et","12":"desktop-align-left","13":"tablet-align-left","14":"mobile-align-left","16":"first","17":"instock","18":"taxable","19":"shipping-taxable","20":"purchasable","21":"product-type-simple"},"_links":{"self":[{"href":"https:\/\/mamaterra.lt\/et\/wp-json\/wp\/v2\/product\/16354","targetHints":{"allow":["GET"]}}],"collection":[{"href":"https:\/\/mamaterra.lt\/et\/wp-json\/wp\/v2\/product"}],"about":[{"href":"https:\/\/mamaterra.lt\/et\/wp-json\/wp\/v2\/types\/product"}],"wp:featuredmedia":[{"embeddable":true,"href":"https:\/\/mamaterra.lt\/et\/wp-json\/wp\/v2\/media\/12686"}],"wp:attachment":[{"href":"https:\/\/mamaterra.lt\/et\/wp-json\/wp\/v2\/media?parent=16354"}],"wp:term":[{"taxonomy":"product_brand","embeddable":true,"href":"https:\/\/mamaterra.lt\/et\/wp-json\/wp\/v2\/product_brand?post=16354"},{"taxonomy":"product_cat","embeddable":true,"href":"https:\/\/mamaterra.lt\/et\/wp-json\/wp\/v2\/product_cat?post=16354"},{"taxonomy":"product_tag","embeddable":true,"href":"https:\/\/mamaterra.lt\/et\/wp-json\/wp\/v2\/product_tag?post=16354"}],"curies":[{"name":"wp","href":"https:\/\/api.w.org\/{rel}","templated":true}]}}