{"id":16352,"date":"2021-04-19T07:57:45","date_gmt":"2021-04-19T06:57:45","guid":{"rendered":"https:\/\/mamaterra.lt\/parduotuve\/maaratlemata\/doterra-forgive-touch-eeterlike-olide-segu-10ml\/"},"modified":"2021-04-19T07:57:45","modified_gmt":"2021-04-19T06:57:45","slug":"doterra-andeks-puudutus-eeterlik-oli-segu-10ml","status":"publish","type":"product","link":"https:\/\/mamaterra.lt\/et\/parduotuve\/eeterlikud-olid\/eeterlike-olide-segud\/doterra-andeks-puudutus-eeterlik-oli-segu-10ml\/","title":{"rendered":"doTERRA FORGIVE\u2122 TOUCH eeterlike \u00f5lide segu 10ml"},"content":{"rendered":"<p><strong>doTERRA FORGIVE\u2122 TOUCH eeterlike \u00f5lide segu<\/strong><\/p>\n<p>10 ml pudel kuuli aplikaatoriga<\/p>\n<p>&nbsp;<\/p>\n<p><strong>doTERRA FORGIVE\u2122 TOUCH eeterlike \u00f5lide segu kirjeldus ja koostisosad:<\/strong><\/p>\n<p>doTERRA Forgive Touch sisaldab puude ja \u00fcrtide eeterlikke \u00f5lisid, mida v\u00f5ib leida meie patenteeritud doTERRA Forgive segust, samuti fraktsioneeritud kookos\u00f5li, et muuta toode pehmeks ja mugavaks kasutamiseks. doTERRA andestamise segu on loodud selleks, et aidata sul kogeda andestuse, unustamise ja edasi liikumise vabastavat m\u00f5ju.<\/p>\n<ul>\n<li>Annab mugavustunde<\/li>\n<li>Aitab tunda lootust ja suhtuda positiivselt<\/li>\n<li>Loob rahustava \u00f5hkkonna<\/li>\n<\/ul>\n<p>&nbsp;<\/p>\n<p>Lisateave <strong>doTERRA FORGIVE\u2122 TOUCH<\/strong> kohta<strong> <\/strong><strong>Eeterlike \u00f5lide segu <\/strong>leiate allolevast videost.<\/p>\n<p><iframe title=\"Lase sellel k\u00f5igel minna doTERRA andesta puudutusega\" src=\"https:\/\/www.youtube.com\/embed\/Y8wuIrNRBMg\" width=\"853\" height=\"480\" frameborder=\"0\" allowfullscreen=\"allowfullscreen\"><\/iframe><\/p>\n","protected":false},"excerpt":{"rendered":"<ul>\n<li>Annab mugavustunde<\/li>\n<li>Aitab tunda lootust ja suhtuda positiivselt<\/li>\n<li>Loob rahustava \u00f5hkkonna<\/li>\n<\/ul>\n","protected":false},"featured_media":12692,"template":"","meta":{"site-sidebar-layout":"default","site-content-layout":"default","ast-site-content-layout":"default","site-content-style":"default","site-sidebar-style":"default","ast-global-header-display":"","ast-banner-title-visibility":"","ast-main-header-display":"","ast-hfb-above-header-display":"","ast-hfb-below-header-display":"","ast-hfb-mobile-header-display":"","site-post-title":"","ast-breadcrumbs-content":"","ast-featured-img":"","footer-sml-layout":"","ast-disable-related-posts":"","theme-transparent-header-meta":"default","adv-header-id-meta":"","stick-header-meta":"","header-above-stick-meta":"","header-main-stick-meta":"","header-below-stick-meta":"","astra-migrate-meta-layouts":"default","ast-page-background-enabled":"default","ast-page-background-meta":{"desktop":{"background-color":"","background-image":"","background-repeat":"repeat","background-position":"center center","background-size":"auto","background-attachment":"scroll","background-type":"","background-media":"","overlay-type":"","overlay-color":"","overlay-opacity":"","overlay-gradient":""},"tablet":{"background-color":"","background-image":"","background-repeat":"repeat","background-position":"center center","background-size":"auto","background-attachment":"scroll","background-type":"","background-media":"","overlay-type":"","overlay-color":"","overlay-opacity":"","overlay-gradient":""},"mobile":{"background-color":"","background-image":"","background-repeat":"repeat","background-position":"center center","background-size":"auto","background-attachment":"scroll","background-type":"","background-media":"","overlay-type":"","overlay-color":"","overlay-opacity":"","overlay-gradient":""}},"ast-content-background-meta":{"desktop":{"background-color":"var(--ast-global-color-5)","background-image":"","background-repeat":"repeat","background-position":"center center","background-size":"auto","background-attachment":"scroll","background-type":"","background-media":"","overlay-type":"","overlay-color":"","overlay-opacity":"","overlay-gradient":""},"tablet":{"background-color":"var(--ast-global-color-5)","background-image":"","background-repeat":"repeat","background-position":"center center","background-size":"auto","background-attachment":"scroll","background-type":"","background-media":"","overlay-type":"","overlay-color":"","overlay-opacity":"","overlay-gradient":""},"mobile":{"background-color":"var(--ast-global-color-5)","background-image":"","background-repeat":"repeat","background-position":"center center","background-size":"auto","background-attachment":"scroll","background-type":"","background-media":"","overlay-type":"","overlay-color":"","overlay-opacity":"","overlay-gradient":""}}},"product_brand":[],"product_cat":[1701,1699,1753],"product_tag":[721,1534,1210],"class_list":{"0":"post-16352","1":"product","2":"type-product","3":"status-publish","4":"has-post-thumbnail","6":"product_cat-eeterlike-olide-segud","7":"product_cat-eeterlikud-olid","8":"product_cat-stressi-juhtimine","9":"product_tag-10-ml-et","10":"product_tag-eeterliku-oli-segu","11":"product_tag-forgive-touch-et","12":"desktop-align-left","13":"tablet-align-left","14":"mobile-align-left","16":"first","17":"instock","18":"taxable","19":"shipping-taxable","20":"purchasable","21":"product-type-simple"},"_links":{"self":[{"href":"https:\/\/mamaterra.lt\/et\/wp-json\/wp\/v2\/product\/16352","targetHints":{"allow":["GET"]}}],"collection":[{"href":"https:\/\/mamaterra.lt\/et\/wp-json\/wp\/v2\/product"}],"about":[{"href":"https:\/\/mamaterra.lt\/et\/wp-json\/wp\/v2\/types\/product"}],"wp:featuredmedia":[{"embeddable":true,"href":"https:\/\/mamaterra.lt\/et\/wp-json\/wp\/v2\/media\/12692"}],"wp:attachment":[{"href":"https:\/\/mamaterra.lt\/et\/wp-json\/wp\/v2\/media?parent=16352"}],"wp:term":[{"taxonomy":"product_brand","embeddable":true,"href":"https:\/\/mamaterra.lt\/et\/wp-json\/wp\/v2\/product_brand?post=16352"},{"taxonomy":"product_cat","embeddable":true,"href":"https:\/\/mamaterra.lt\/et\/wp-json\/wp\/v2\/product_cat?post=16352"},{"taxonomy":"product_tag","embeddable":true,"href":"https:\/\/mamaterra.lt\/et\/wp-json\/wp\/v2\/product_tag?post=16352"}],"curies":[{"name":"wp","href":"https:\/\/api.w.org\/{rel}","templated":true}]}}