{"id":16351,"date":"2021-04-18T17:35:04","date_gmt":"2021-04-18T16:35:04","guid":{"rendered":"https:\/\/mamaterra.lt\/parduotuve\/maaratlemata\/doterra-peace-kindlust-andev-eeterlike-olide-segu-5ml\/"},"modified":"2021-04-18T17:35:04","modified_gmt":"2021-04-18T16:35:04","slug":"doterra-rahu-uzreality-andev-eeterlik-oli-mustiline-5ml","status":"publish","type":"product","link":"https:\/\/mamaterra.lt\/et\/parduotuve\/eeterlikud-olid\/eeterlike-olide-segud\/doterra-rahu-uzreality-andev-eeterlik-oli-mustiline-5ml\/","title":{"rendered":"doTERRA PEACE\u2122 kindlust andev eeterlike \u00f5lide segu 5ml"},"content":{"rendered":"<p><strong>DoTERRA PEACE\u2122 enesekindel eeterlike \u00f5lide segu<\/strong><\/p>\n<p>5 ml<\/p>\n<p>&nbsp;<\/p>\n<p><strong>DoTERRA PEACE\u2122 kindlust andev eeterlike \u00f5lide segu kirjeldus:<\/strong><\/p>\n<p>Lillede ja piparm\u00fcndi eeterlike \u00f5lide segu doterra PEACE on positiivne meeldetuletus, et meelerahu leidmiseks ei pea olema t\u00e4iuslik. Rahunege, hingake s\u00fcgavalt sisse ja leidke \u00fchendus rahuliku ja segava minaga<\/p>\n<p>Elus\u00fcndmused v\u00f5ivad meid t\u00e4ita paljude erinevate ja m\u00f5nikord soovimatute emotsioonidega. M\u00f5ned neist on eriti masendavad, hirmu ja \u00e4revusega. Kuna meie \u00fcmber keerleb nii palju masendavaid olukordi ja emotsioone, on oluline v\u00f5tta aega, et s\u00fcgavalt sisse hingata ja emotsioone tasakaalustada doTERRA PEACE abil. Valmistatud piparm\u00fcndi ja lillede eeterlike \u00f5lide segust, v\u00f5ib doTERRA PEACE aidata rahustada negatiivseid emotsioone, mis tekivad sees ja anda sulle v\u00f5imaluse rahulikult m\u00f5elda. Kui sa tunned, et sind hakkavad r\u00f5huma elu mured ja surved, siis kasuta doTERRA RAHU, et aidata endal taastada kindlus- ja rahulolutunne.<\/p>\n<p>Sisaldab m\u00f5ningaid k\u00f5ige l\u00f5\u00f5gastavamaid ja rahustavamaid \u00f5lisid, n\u00e4iteks lavendli, majoraani, vetiveri ja ylang ylangi eeterlikud \u00f5lid. Rahustavate eeterlike \u00f5lide tasakaal selles segus loob kombinatsiooni, mis taastab suurep\u00e4raselt rahulikud emotsioonid.<\/p>\n<p><strong>DoTERRA PEACE\u2122 Reassurance eeterlike \u00f5lide segu kasutamine:<\/strong><\/p>\n<p>Paikselt v\u00f5i aromaatselt kasutatuna v\u00f5ib doterra PEACE segu tekitada rahu, rahulolu ja rahulikkuse tunnet.<br \/>\nKui \u00e4revus ja hirm hakkavad tekkima, kasutage nende emotsioonide vastu v\u00f5itlemiseks doTERRA Peace segu. DoTERRA PEACE on loodud spetsiifiliste eeterlike \u00f5lidega, mis aitavad k\u00f5rvaldada hirmu ja \u00e4revuse tundeid.<\/p>\n<p>Kiire efekti saavutamiseks kandke k\u00e4tele \u00fcks tilk doTERRA PEACE&#8217;i ja h\u00f5\u00f5ruge neid. Seej\u00e4rel m\u00e4hkige k\u00e4ed nina \u00fcmber ja hingake s\u00fcgavalt sisse.<br \/>\nKui teil on \u00f6\u00f6sel raske magama j\u00e4\u00e4da, aurutage PEACE \u00f5li. Blend Peace on ideaalne \u00f6ine segu, mis soodustab rahustavat keskkonda ja rahulikku und. Parimate tulemuste saavutamiseks tilguta \u00fcks v\u00f5i kaks tilka doTERRA PEACE segu hajutisse ja auru.<\/p>\n<p>Kas olete mures enne eksamit v\u00f5i laval r\u00e4\u00e4kimist? Kui hakkate muretsema, p\u00fc\u00fcdke v\u00f5i hingake peopesadest sisse Rahu eeterlike \u00f5lide segu, mis pakub emotsionaalset mugavust.<br \/>\nOlenemata sellest, kas olete vanemad, vanavanemad, vennad v\u00f5i \u00f5ed v\u00f5i s\u00f5ber, on k\u00f5ik n\u00e4inud v\u00f5i kogenud lapse viha r\u00fcnnakut. Nendeks hetkedeks on olemas doTERRA PEACE. J\u00e4rgmine kord, kui n\u00e4ete, et teie poeg, t\u00fctar v\u00f5i l\u00e4hedase laps on \u00e4rritunud v\u00f5i rahutu, rakendage doTERRA PEACE lapse jalgadele, et teda rahustada. (Seda tuleks teha vanemate n\u00f5usolekul.)<\/p>\n<p><strong>DoTERRA PEACE\u2122 Eeterlike \u00f5lide segu koostis:<\/strong><\/p>\n<ul>\n<li>Vetiveri juur<\/li>\n<li>Lavendli lilled<\/li>\n<li>Ylang Ylangi s\u00f5rmused<\/li>\n<li>Viirukivaik<\/li>\n<li>Salvei lilled<\/li>\n<li>Majoraani lehed<\/li>\n<li>Labdani oksad absoluutsed<\/li>\n<li>Spearmint rohi<\/li>\n<\/ul>\n<p>&nbsp;<\/p>\n<p>Lisateavet <strong>Doterra PEACE enesekindla eeterlike \u00f5lide segu<\/strong> kohta leiate allolevast videost.<\/p>\n<p><iframe title=\"Kuidas kasutada eeterlikke \u00f5lisid \u00e4revuse ja stressi korral \/\/ doTERRA Peace Blend\" src=\"https:\/\/www.youtube.com\/embed\/gHn6a6KdUMg\" width=\"853\" height=\"480\" frameborder=\"0\" allowfullscreen=\"allowfullscreen\"><\/iframe><\/p>\n","protected":false},"excerpt":{"rendered":"<ul>\n<li>DoTERRA PEACE segu koosneb lavendli, majoraani, kuldraha ja Ylang Ylangi l\u00f5hna (Ylang Ylang) eeterlikest \u00f5lidest<\/li>\n<li>Loob rahustava aroomi<\/li>\n<li>Annab rahu ja kindluse tunde<\/li>\n<\/ul>\n","protected":false},"featured_media":12680,"template":"","meta":{"site-sidebar-layout":"default","site-content-layout":"default","ast-site-content-layout":"default","site-content-style":"default","site-sidebar-style":"default","ast-global-header-display":"","ast-banner-title-visibility":"","ast-main-header-display":"","ast-hfb-above-header-display":"","ast-hfb-below-header-display":"","ast-hfb-mobile-header-display":"","site-post-title":"","ast-breadcrumbs-content":"","ast-featured-img":"","footer-sml-layout":"","ast-disable-related-posts":"","theme-transparent-header-meta":"default","adv-header-id-meta":"","stick-header-meta":"","header-above-stick-meta":"","header-main-stick-meta":"","header-below-stick-meta":"","astra-migrate-meta-layouts":"default","ast-page-background-enabled":"default","ast-page-background-meta":{"desktop":{"background-color":"","background-image":"","background-repeat":"repeat","background-position":"center center","background-size":"auto","background-attachment":"scroll","background-type":"","background-media":"","overlay-type":"","overlay-color":"","overlay-opacity":"","overlay-gradient":""},"tablet":{"background-color":"","background-image":"","background-repeat":"repeat","background-position":"center center","background-size":"auto","background-attachment":"scroll","background-type":"","background-media":"","overlay-type":"","overlay-color":"","overlay-opacity":"","overlay-gradient":""},"mobile":{"background-color":"","background-image":"","background-repeat":"repeat","background-position":"center center","background-size":"auto","background-attachment":"scroll","background-type":"","background-media":"","overlay-type":"","overlay-color":"","overlay-opacity":"","overlay-gradient":""}},"ast-content-background-meta":{"desktop":{"background-color":"var(--ast-global-color-5)","background-image":"","background-repeat":"repeat","background-position":"center center","background-size":"auto","background-attachment":"scroll","background-type":"","background-media":"","overlay-type":"","overlay-color":"","overlay-opacity":"","overlay-gradient":""},"tablet":{"background-color":"var(--ast-global-color-5)","background-image":"","background-repeat":"repeat","background-position":"center center","background-size":"auto","background-attachment":"scroll","background-type":"","background-media":"","overlay-type":"","overlay-color":"","overlay-opacity":"","overlay-gradient":""},"mobile":{"background-color":"var(--ast-global-color-5)","background-image":"","background-repeat":"repeat","background-position":"center center","background-size":"auto","background-attachment":"scroll","background-type":"","background-media":"","overlay-type":"","overlay-color":"","overlay-opacity":"","overlay-gradient":""}}},"product_brand":[],"product_cat":[1701,1699,1737,1753],"product_tag":[712,1534,1451],"class_list":{"0":"post-16351","1":"product","2":"type-product","3":"status-publish","4":"has-post-thumbnail","6":"product_cat-eeterlike-olide-segud","7":"product_cat-eeterlikud-olid","8":"product_cat-magamiseks","9":"product_cat-stressi-juhtimine","10":"product_tag-5-ml-et-2","11":"product_tag-eeterliku-oli-segu","12":"product_tag-peace-et","13":"desktop-align-left","14":"tablet-align-left","15":"mobile-align-left","17":"first","18":"instock","19":"sale","20":"taxable","21":"shipping-taxable","22":"purchasable","23":"product-type-simple"},"_links":{"self":[{"href":"https:\/\/mamaterra.lt\/et\/wp-json\/wp\/v2\/product\/16351","targetHints":{"allow":["GET"]}}],"collection":[{"href":"https:\/\/mamaterra.lt\/et\/wp-json\/wp\/v2\/product"}],"about":[{"href":"https:\/\/mamaterra.lt\/et\/wp-json\/wp\/v2\/types\/product"}],"wp:featuredmedia":[{"embeddable":true,"href":"https:\/\/mamaterra.lt\/et\/wp-json\/wp\/v2\/media\/12680"}],"wp:attachment":[{"href":"https:\/\/mamaterra.lt\/et\/wp-json\/wp\/v2\/media?parent=16351"}],"wp:term":[{"taxonomy":"product_brand","embeddable":true,"href":"https:\/\/mamaterra.lt\/et\/wp-json\/wp\/v2\/product_brand?post=16351"},{"taxonomy":"product_cat","embeddable":true,"href":"https:\/\/mamaterra.lt\/et\/wp-json\/wp\/v2\/product_cat?post=16351"},{"taxonomy":"product_tag","embeddable":true,"href":"https:\/\/mamaterra.lt\/et\/wp-json\/wp\/v2\/product_tag?post=16351"}],"curies":[{"name":"wp","href":"https:\/\/api.w.org\/{rel}","templated":true}]}}