{"id":16343,"date":"2021-04-18T17:41:08","date_gmt":"2021-04-18T16:41:08","guid":{"rendered":"https:\/\/mamaterra.lt\/parduotuve\/maaratlemata\/doterra-whisper-eeterlike-olide-segu-naistele-10ml\/"},"modified":"2021-04-18T17:41:08","modified_gmt":"2021-04-18T16:41:08","slug":"doterra-whisper-eeterlik-oli-mustiline-naistele-10ml","status":"publish","type":"product","link":"https:\/\/mamaterra.lt\/et\/parduotuve\/eeterlikud-olid\/eeterlike-olide-segud\/doterra-whisper-eeterlik-oli-mustiline-naistele-10ml\/","title":{"rendered":"doTERRA Whisper\u2122 eeterlike \u00f5lide segu naistele 10ml"},"content":{"rendered":"<p><strong>DoTERRA Whisper\u2122 eeterlike \u00f5lide segu naistele<\/strong><\/p>\n<p>10 ml<\/p>\n<p>&nbsp;<\/p>\n<p><strong>DoTERRA Whisper\u2122 eeterlike \u00f5lide segu kirjeldus ja koostisosad:<\/strong><\/p>\n<p>Spetsiaalselt naistele m\u00f5eldud segu kiirgab \u00f5rna muskuslikku aroomi ja nahale kandmisel muutub see individuaalseks parf\u00fc\u00fcmiks.<\/p>\n<ul>\n<li>V\u00f5rgutab ja \u00e4ratab meeli<\/li>\n<li>Soe muskuseline aroom<\/li>\n<li>Segatuna teie ainulaadse kehal\u00f5hnaga muutub isiklik parf\u00fc\u00fcm<\/li>\n<\/ul>\n<p>&nbsp;<\/p>\n<p><strong>Lisateavet doTERRA Whisper\u2122 <\/strong><strong>eeterlike \u00f5lide segu <\/strong>kohta leiate allolevast videost.<\/p>\n<p><iframe title=\"Emily Wright despre Whisper Touch\u2122\" src=\"https:\/\/www.youtube.com\/embed\/zBCqd0SlUiY\" width=\"853\" height=\"480\" frameborder=\"0\" allowfullscreen=\"allowfullscreen\"><\/iframe><\/p>\n","protected":false},"excerpt":{"rendered":"<ul>\n<li>V\u00f5rgutab ja \u00e4ratab meeli<\/li>\n<li>Soe muskuseline aroom<\/li>\n<li>Segatuna teie ainulaadse kehal\u00f5hnaga muutub isiklik parf\u00fc\u00fcm<\/li>\n<\/ul>\n","protected":false},"featured_media":12893,"template":"","meta":{"site-sidebar-layout":"default","site-content-layout":"default","ast-site-content-layout":"default","site-content-style":"default","site-sidebar-style":"default","ast-global-header-display":"","ast-banner-title-visibility":"","ast-main-header-display":"","ast-hfb-above-header-display":"","ast-hfb-below-header-display":"","ast-hfb-mobile-header-display":"","site-post-title":"","ast-breadcrumbs-content":"","ast-featured-img":"","footer-sml-layout":"","ast-disable-related-posts":"","theme-transparent-header-meta":"default","adv-header-id-meta":"","stick-header-meta":"","header-above-stick-meta":"","header-main-stick-meta":"","header-below-stick-meta":"","astra-migrate-meta-layouts":"default","ast-page-background-enabled":"default","ast-page-background-meta":{"desktop":{"background-color":"","background-image":"","background-repeat":"repeat","background-position":"center center","background-size":"auto","background-attachment":"scroll","background-type":"","background-media":"","overlay-type":"","overlay-color":"","overlay-opacity":"","overlay-gradient":""},"tablet":{"background-color":"","background-image":"","background-repeat":"repeat","background-position":"center center","background-size":"auto","background-attachment":"scroll","background-type":"","background-media":"","overlay-type":"","overlay-color":"","overlay-opacity":"","overlay-gradient":""},"mobile":{"background-color":"","background-image":"","background-repeat":"repeat","background-position":"center center","background-size":"auto","background-attachment":"scroll","background-type":"","background-media":"","overlay-type":"","overlay-color":"","overlay-opacity":"","overlay-gradient":""}},"ast-content-background-meta":{"desktop":{"background-color":"var(--ast-global-color-5)","background-image":"","background-repeat":"repeat","background-position":"center center","background-size":"auto","background-attachment":"scroll","background-type":"","background-media":"","overlay-type":"","overlay-color":"","overlay-opacity":"","overlay-gradient":""},"tablet":{"background-color":"var(--ast-global-color-5)","background-image":"","background-repeat":"repeat","background-position":"center center","background-size":"auto","background-attachment":"scroll","background-type":"","background-media":"","overlay-type":"","overlay-color":"","overlay-opacity":"","overlay-gradient":""},"mobile":{"background-color":"var(--ast-global-color-5)","background-image":"","background-repeat":"repeat","background-position":"center center","background-size":"auto","background-attachment":"scroll","background-type":"","background-media":"","overlay-type":"","overlay-color":"","overlay-opacity":"","overlay-gradient":""}}},"product_brand":[],"product_cat":[1701,1699,1741,1753],"product_tag":[721,1534,883],"class_list":{"0":"post-16343","1":"product","2":"type-product","3":"status-publish","4":"has-post-thumbnail","6":"product_cat-eeterlike-olide-segud","7":"product_cat-eeterlikud-olid","8":"product_cat-naistele","9":"product_cat-stressi-juhtimine","10":"product_tag-10-ml-et","11":"product_tag-eeterliku-oli-segu","12":"product_tag-whisper-et","13":"desktop-align-left","14":"tablet-align-left","15":"mobile-align-left","17":"first","18":"instock","19":"sale","20":"taxable","21":"shipping-taxable","22":"purchasable","23":"product-type-simple"},"_links":{"self":[{"href":"https:\/\/mamaterra.lt\/et\/wp-json\/wp\/v2\/product\/16343","targetHints":{"allow":["GET"]}}],"collection":[{"href":"https:\/\/mamaterra.lt\/et\/wp-json\/wp\/v2\/product"}],"about":[{"href":"https:\/\/mamaterra.lt\/et\/wp-json\/wp\/v2\/types\/product"}],"wp:featuredmedia":[{"embeddable":true,"href":"https:\/\/mamaterra.lt\/et\/wp-json\/wp\/v2\/media\/12893"}],"wp:attachment":[{"href":"https:\/\/mamaterra.lt\/et\/wp-json\/wp\/v2\/media?parent=16343"}],"wp:term":[{"taxonomy":"product_brand","embeddable":true,"href":"https:\/\/mamaterra.lt\/et\/wp-json\/wp\/v2\/product_brand?post=16343"},{"taxonomy":"product_cat","embeddable":true,"href":"https:\/\/mamaterra.lt\/et\/wp-json\/wp\/v2\/product_cat?post=16343"},{"taxonomy":"product_tag","embeddable":true,"href":"https:\/\/mamaterra.lt\/et\/wp-json\/wp\/v2\/product_tag?post=16343"}],"curies":[{"name":"wp","href":"https:\/\/api.w.org\/{rel}","templated":true}]}}