{"id":16337,"date":"2021-04-18T17:18:00","date_gmt":"2021-04-18T16:18:00","guid":{"rendered":"https:\/\/mamaterra.lt\/parduotuve\/maaratlemata\/doterra-console-lohutus-eeterlike-olide-segu-5ml\/"},"modified":"2021-04-18T17:18:00","modified_gmt":"2021-04-18T16:18:00","slug":"doterra-konsool-lohutus-eeterlik-oli-segu-5ml","status":"publish","type":"product","link":"https:\/\/mamaterra.lt\/et\/parduotuve\/eeterlikud-olid\/eeterlike-olide-segud\/doterra-konsool-lohutus-eeterlik-oli-segu-5ml\/","title":{"rendered":"doTERRA CONSOLE\u2122 Lohutus eeterlike \u00f5lide segu 5ml"},"content":{"rendered":"<p><strong>doTERRA CONSOLE\u2122 Comfort eeterlike \u00f5lide segu<\/strong><\/p>\n<p>5ml<\/p>\n<p>&nbsp;<\/p>\n<p><strong>doTERRA CONSOLE\u2122 eeterlike \u00f5lide segu kirjeldus ja koostisosad:<\/strong><\/p>\n<p>lohutussegu doTERRA Console sisaldab magusate lillede ja puude eeterlikke \u00f5lisid, mis pakuvad emotsionaalse tervenemise rajal k\u00f5ndides rahu ja lootust.<\/p>\n<ul>\n<li>Annab mugavustunde<\/li>\n<li>Aitab tunda lootust ja suhtuda positiivselt<\/li>\n<li>Boswellia eeterlike \u00f5lidega, pat\u0161uli, l\u00f5hnav kanang (Ylang Ylang), labdans, palsamip\u00f5leti, roos, quepenes<\/li>\n<\/ul>\n<p>&nbsp;<\/p>\n<p>Lisateave <strong>doTERRA CONSOLE\u2122<\/strong> kohta<strong> <\/strong><strong>Eeterlike \u00f5lide segu <\/strong>leiate allolevast videost.<\/p>\n<p><iframe title=\"Parim doTERRA konsooli\u00f5li segu kasutamine\" src=\"https:\/\/www.youtube.com\/embed\/HJnnL50gMCU\" width=\"853\" height=\"480\" frameborder=\"0\" allowfullscreen=\"allowfullscreen\"><\/iframe><\/p>\n","protected":false},"excerpt":{"rendered":"<ul>\n<li>Annab mugavustunde<\/li>\n<li>Aitab tunda lootust ja suhtuda positiivselt<\/li>\n<li>Boswellia eeterlike \u00f5lidega, pat\u0161uli, l\u00f5hnav kanang (Ylang Ylang), labdans, palsamip\u00f5leti, roos, quepenes<\/li>\n<\/ul>\n","protected":false},"featured_media":12701,"template":"","meta":{"site-sidebar-layout":"default","site-content-layout":"default","ast-site-content-layout":"default","site-content-style":"default","site-sidebar-style":"default","ast-global-header-display":"","ast-banner-title-visibility":"","ast-main-header-display":"","ast-hfb-above-header-display":"","ast-hfb-below-header-display":"","ast-hfb-mobile-header-display":"","site-post-title":"","ast-breadcrumbs-content":"","ast-featured-img":"","footer-sml-layout":"","ast-disable-related-posts":"","theme-transparent-header-meta":"default","adv-header-id-meta":"","stick-header-meta":"","header-above-stick-meta":"","header-main-stick-meta":"","header-below-stick-meta":"","astra-migrate-meta-layouts":"default","ast-page-background-enabled":"default","ast-page-background-meta":{"desktop":{"background-color":"","background-image":"","background-repeat":"repeat","background-position":"center center","background-size":"auto","background-attachment":"scroll","background-type":"","background-media":"","overlay-type":"","overlay-color":"","overlay-opacity":"","overlay-gradient":""},"tablet":{"background-color":"","background-image":"","background-repeat":"repeat","background-position":"center center","background-size":"auto","background-attachment":"scroll","background-type":"","background-media":"","overlay-type":"","overlay-color":"","overlay-opacity":"","overlay-gradient":""},"mobile":{"background-color":"","background-image":"","background-repeat":"repeat","background-position":"center center","background-size":"auto","background-attachment":"scroll","background-type":"","background-media":"","overlay-type":"","overlay-color":"","overlay-opacity":"","overlay-gradient":""}},"ast-content-background-meta":{"desktop":{"background-color":"var(--ast-global-color-5)","background-image":"","background-repeat":"repeat","background-position":"center center","background-size":"auto","background-attachment":"scroll","background-type":"","background-media":"","overlay-type":"","overlay-color":"","overlay-opacity":"","overlay-gradient":""},"tablet":{"background-color":"var(--ast-global-color-5)","background-image":"","background-repeat":"repeat","background-position":"center center","background-size":"auto","background-attachment":"scroll","background-type":"","background-media":"","overlay-type":"","overlay-color":"","overlay-opacity":"","overlay-gradient":""},"mobile":{"background-color":"var(--ast-global-color-5)","background-image":"","background-repeat":"repeat","background-position":"center center","background-size":"auto","background-attachment":"scroll","background-type":"","background-media":"","overlay-type":"","overlay-color":"","overlay-opacity":"","overlay-gradient":""}}},"product_brand":[],"product_cat":[1701,1699],"product_tag":[712,1521,1534],"class_list":{"0":"post-16337","1":"product","2":"type-product","3":"status-publish","4":"has-post-thumbnail","6":"product_cat-eeterlike-olide-segud","7":"product_cat-eeterlikud-olid","8":"product_tag-5-ml-et-2","9":"product_tag-console-et","10":"product_tag-eeterliku-oli-segu","11":"desktop-align-left","12":"tablet-align-left","13":"mobile-align-left","15":"first","16":"instock","17":"sale","18":"taxable","19":"shipping-taxable","20":"purchasable","21":"product-type-simple"},"_links":{"self":[{"href":"https:\/\/mamaterra.lt\/et\/wp-json\/wp\/v2\/product\/16337","targetHints":{"allow":["GET"]}}],"collection":[{"href":"https:\/\/mamaterra.lt\/et\/wp-json\/wp\/v2\/product"}],"about":[{"href":"https:\/\/mamaterra.lt\/et\/wp-json\/wp\/v2\/types\/product"}],"wp:featuredmedia":[{"embeddable":true,"href":"https:\/\/mamaterra.lt\/et\/wp-json\/wp\/v2\/media\/12701"}],"wp:attachment":[{"href":"https:\/\/mamaterra.lt\/et\/wp-json\/wp\/v2\/media?parent=16337"}],"wp:term":[{"taxonomy":"product_brand","embeddable":true,"href":"https:\/\/mamaterra.lt\/et\/wp-json\/wp\/v2\/product_brand?post=16337"},{"taxonomy":"product_cat","embeddable":true,"href":"https:\/\/mamaterra.lt\/et\/wp-json\/wp\/v2\/product_cat?post=16337"},{"taxonomy":"product_tag","embeddable":true,"href":"https:\/\/mamaterra.lt\/et\/wp-json\/wp\/v2\/product_tag?post=16337"}],"curies":[{"name":"wp","href":"https:\/\/api.w.org\/{rel}","templated":true}]}}