{"id":16322,"date":"2021-04-18T17:36:42","date_gmt":"2021-04-18T16:36:42","guid":{"rendered":"https:\/\/mamaterra.lt\/parduotuve\/maaratlemata\/doterra-salubelle-eeterlike-olide-segu-ilule-10ml\/"},"modified":"2021-04-18T17:36:42","modified_gmt":"2021-04-18T16:36:42","slug":"doterra-salubelle-eeterlik-oli-mustiline-groziui-10ml","status":"publish","type":"product","link":"https:\/\/mamaterra.lt\/et\/parduotuve\/eeterlikud-olid\/eeterlike-olide-segud\/doterra-salubelle-eeterlik-oli-mustiline-groziui-10ml\/","title":{"rendered":"doTERRA SALUBELLE\u2122 eeterlike \u00f5lide segu ilule 10ml"},"content":{"rendered":"<p><strong>DoTERRA SALUBELLE\u2122 eeterlike \u00f5lide segu ilu jaoks<\/strong><\/p>\n<p>10 ml pudel kuuli aplikaatoriga<\/p>\n<p>&nbsp;<\/p>\n<p><strong>DoTERRA SALUBELLE\u2122 eeterlike \u00f5lide segu ilu kirjeldus ja koostisosad:<\/strong><\/p>\n<p>Patenteeritud segu tugevatest ja uuendavatest haruldastest \u00f5lidest, mida on sajandeid kasutatud nende ilu parandavate omaduste t\u00f5ttu, doTERRA Salubelle on loodud teie naha kaitsmiseks ja toitmiseks ning vananemist p\u00f5hjustavate tegurite p\u00f5hjustatud kahjustuste v\u00e4hendamiseks.<\/p>\n<ul>\n<li>Koosneb k\u00f5ige v\u00e4\u00e4rtuslikumatest ja haruldasematest \u00f5lidest, mis toidavad teie nahka ja parandavad selle seisundit<\/li>\n<li>M\u00f5eldud naha punetuse v\u00e4hendamiseks, mis tekib aja jooksul loomulikult<\/li>\n<li>Nahk muutub siledamaks, s\u00e4ravamaks ja n\u00e4eb noor v\u00e4lja<\/li>\n<\/ul>\n<p>&nbsp;<\/p>\n<p>Lisateave <strong>doTERRA SALUBELLE\u2122<\/strong> kohta<strong> <\/strong>Allolevast videost leiate ilu <strong>jaoks eeterlike \u00f5lide segu <\/strong>.<\/p>\n<p><iframe title=\"doTERRA Salubelle info ja kuidas seda kasutada\" src=\"https:\/\/www.youtube.com\/embed\/1m7YersowiE\" width=\"853\" height=\"480\" frameborder=\"0\" allowfullscreen=\"allowfullscreen\"><\/iframe><\/p>\n","protected":false},"excerpt":{"rendered":"<ul>\n<li>Koosneb k\u00f5ige v\u00e4\u00e4rtuslikumatest ja haruldasematest \u00f5lidest, mis toidavad teie nahka ja parandavad selle seisundit<\/li>\n<li>M\u00f5eldud naha punetuse v\u00e4hendamiseks, mis tekib aja jooksul loomulikult<\/li>\n<li>Nahk muutub siledamaks, s\u00e4ravamaks ja n\u00e4eb noor v\u00e4lja<\/li>\n<\/ul>\n","protected":false},"featured_media":12512,"template":"","meta":{"site-sidebar-layout":"default","site-content-layout":"default","ast-site-content-layout":"default","site-content-style":"default","site-sidebar-style":"default","ast-global-header-display":"","ast-banner-title-visibility":"","ast-main-header-display":"","ast-hfb-above-header-display":"","ast-hfb-below-header-display":"","ast-hfb-mobile-header-display":"","site-post-title":"","ast-breadcrumbs-content":"","ast-featured-img":"","footer-sml-layout":"","ast-disable-related-posts":"","theme-transparent-header-meta":"default","adv-header-id-meta":"","stick-header-meta":"","header-above-stick-meta":"","header-main-stick-meta":"","header-below-stick-meta":"","astra-migrate-meta-layouts":"default","ast-page-background-enabled":"default","ast-page-background-meta":{"desktop":{"background-color":"","background-image":"","background-repeat":"repeat","background-position":"center center","background-size":"auto","background-attachment":"scroll","background-type":"","background-media":"","overlay-type":"","overlay-color":"","overlay-opacity":"","overlay-gradient":""},"tablet":{"background-color":"","background-image":"","background-repeat":"repeat","background-position":"center center","background-size":"auto","background-attachment":"scroll","background-type":"","background-media":"","overlay-type":"","overlay-color":"","overlay-opacity":"","overlay-gradient":""},"mobile":{"background-color":"","background-image":"","background-repeat":"repeat","background-position":"center center","background-size":"auto","background-attachment":"scroll","background-type":"","background-media":"","overlay-type":"","overlay-color":"","overlay-opacity":"","overlay-gradient":""}},"ast-content-background-meta":{"desktop":{"background-color":"var(--ast-global-color-5)","background-image":"","background-repeat":"repeat","background-position":"center center","background-size":"auto","background-attachment":"scroll","background-type":"","background-media":"","overlay-type":"","overlay-color":"","overlay-opacity":"","overlay-gradient":""},"tablet":{"background-color":"var(--ast-global-color-5)","background-image":"","background-repeat":"repeat","background-position":"center center","background-size":"auto","background-attachment":"scroll","background-type":"","background-media":"","overlay-type":"","overlay-color":"","overlay-opacity":"","overlay-gradient":""},"mobile":{"background-color":"var(--ast-global-color-5)","background-image":"","background-repeat":"repeat","background-position":"center center","background-size":"auto","background-attachment":"scroll","background-type":"","background-media":"","overlay-type":"","overlay-color":"","overlay-opacity":"","overlay-gradient":""}}},"product_brand":[],"product_cat":[1701,1699,1710,1741],"product_tag":[721,1534,1567,983],"class_list":{"0":"post-16322","1":"product","2":"type-product","3":"status-publish","4":"has-post-thumbnail","6":"product_cat-eeterlike-olide-segud","7":"product_cat-eeterlikud-olid","8":"product_cat-hugieen-ja-nahahooldus","9":"product_cat-naistele","10":"product_tag-10-ml-et","11":"product_tag-eeterliku-oli-segu","12":"product_tag-naiste-omad","13":"product_tag-salubelle-et","14":"desktop-align-left","15":"tablet-align-left","16":"mobile-align-left","18":"first","19":"instock","20":"sale","21":"taxable","22":"shipping-taxable","23":"purchasable","24":"product-type-simple"},"_links":{"self":[{"href":"https:\/\/mamaterra.lt\/et\/wp-json\/wp\/v2\/product\/16322","targetHints":{"allow":["GET"]}}],"collection":[{"href":"https:\/\/mamaterra.lt\/et\/wp-json\/wp\/v2\/product"}],"about":[{"href":"https:\/\/mamaterra.lt\/et\/wp-json\/wp\/v2\/types\/product"}],"wp:featuredmedia":[{"embeddable":true,"href":"https:\/\/mamaterra.lt\/et\/wp-json\/wp\/v2\/media\/12512"}],"wp:attachment":[{"href":"https:\/\/mamaterra.lt\/et\/wp-json\/wp\/v2\/media?parent=16322"}],"wp:term":[{"taxonomy":"product_brand","embeddable":true,"href":"https:\/\/mamaterra.lt\/et\/wp-json\/wp\/v2\/product_brand?post=16322"},{"taxonomy":"product_cat","embeddable":true,"href":"https:\/\/mamaterra.lt\/et\/wp-json\/wp\/v2\/product_cat?post=16322"},{"taxonomy":"product_tag","embeddable":true,"href":"https:\/\/mamaterra.lt\/et\/wp-json\/wp\/v2\/product_tag?post=16322"}],"curies":[{"name":"wp","href":"https:\/\/api.w.org\/{rel}","templated":true}]}}