{"id":16321,"date":"2021-04-19T08:00:28","date_gmt":"2021-04-19T07:00:28","guid":{"rendered":"https:\/\/mamaterra.lt\/parduotuve\/maaratlemata\/doterra-hope-touch-eeterlike-olide-segu-10ml\/"},"modified":"2021-04-19T08:00:28","modified_gmt":"2021-04-19T07:00:28","slug":"doterra-hope-touch-essential-oil-blend-10ml","status":"publish","type":"product","link":"https:\/\/mamaterra.lt\/et\/parduotuve\/eeterlikud-olid\/eeterlike-olide-segud\/doterra-hope-touch-essential-oil-blend-10ml\/","title":{"rendered":"doTERRA HOPE\u2122 TOUCH eeterlike \u00f5lide segu 10ml"},"content":{"rendered":"<p><strong>doTERRA HOPE\u2122 TOUCH eeterlike \u00f5lide segu<\/strong><\/p>\n<p>10 ml pudel kuuli aplikaatoriga<\/p>\n<p>&nbsp;<\/p>\n<p><strong>doTERRA HOPE\u2122 TOUCH eeterlike \u00f5lide segu kirjeldus ja koostisosad:<\/strong><\/p>\n<p>doTERRA Hope Touch on eksklusiivne eeterlike \u00f5lide segu, mis \u00fchendab endas bergamoti, Ylang Ylangi ja boswellia eeterlikud \u00f5lid ning vaniljekaunade soojendava aroomi.<\/p>\n<ul>\n<li>Kandke randmetele, kaelale ja pulseerivatele piirkondadele ning nautige isiklikke parf\u00fc\u00fcme<\/li>\n<li>Hoidke rahakotis ja kasutage p\u00e4eva jooksul meeleolu t\u00f5stmiseks<\/li>\n<li>Loob rahustava \u00f5hkkonna<\/li>\n<\/ul>\n<p>&nbsp;<\/p>\n<p>Lisateave <strong>doTERRA HOPE\u2122 TOUCH<\/strong> kohta<strong> <\/strong><strong>Eeterlike \u00f5lide segu <\/strong>leiate allolevast videost.<\/p>\n<p><iframe title=\"P\u00f5nevad doTERRA Hope Touch \u00f5li eelised\" src=\"https:\/\/www.youtube.com\/embed\/yHUU3VrJ6Fk\" width=\"853\" height=\"480\" frameborder=\"0\" allowfullscreen=\"allowfullscreen\"><\/iframe><\/p>\n","protected":false},"excerpt":{"rendered":"<ul>\n<li>Kandke randmetele, kaelale ja pulseerivatele piirkondadele ning nautige isiklikke parf\u00fc\u00fcme<\/li>\n<li>Hoidke rahakotis ja kasutage p\u00e4eva jooksul meeleolu t\u00f5stmiseks<\/li>\n<li>Loob rahustava \u00f5hkkonna<\/li>\n<\/ul>\n","protected":false},"featured_media":12689,"template":"","meta":{"site-sidebar-layout":"default","site-content-layout":"default","ast-site-content-layout":"default","site-content-style":"default","site-sidebar-style":"default","ast-global-header-display":"","ast-banner-title-visibility":"","ast-main-header-display":"","ast-hfb-above-header-display":"","ast-hfb-below-header-display":"","ast-hfb-mobile-header-display":"","site-post-title":"","ast-breadcrumbs-content":"","ast-featured-img":"","footer-sml-layout":"","ast-disable-related-posts":"","theme-transparent-header-meta":"default","adv-header-id-meta":"","stick-header-meta":"","header-above-stick-meta":"","header-main-stick-meta":"","header-below-stick-meta":"","astra-migrate-meta-layouts":"default","ast-page-background-enabled":"default","ast-page-background-meta":{"desktop":{"background-color":"","background-image":"","background-repeat":"repeat","background-position":"center center","background-size":"auto","background-attachment":"scroll","background-type":"","background-media":"","overlay-type":"","overlay-color":"","overlay-opacity":"","overlay-gradient":""},"tablet":{"background-color":"","background-image":"","background-repeat":"repeat","background-position":"center center","background-size":"auto","background-attachment":"scroll","background-type":"","background-media":"","overlay-type":"","overlay-color":"","overlay-opacity":"","overlay-gradient":""},"mobile":{"background-color":"","background-image":"","background-repeat":"repeat","background-position":"center center","background-size":"auto","background-attachment":"scroll","background-type":"","background-media":"","overlay-type":"","overlay-color":"","overlay-opacity":"","overlay-gradient":""}},"ast-content-background-meta":{"desktop":{"background-color":"var(--ast-global-color-5)","background-image":"","background-repeat":"repeat","background-position":"center center","background-size":"auto","background-attachment":"scroll","background-type":"","background-media":"","overlay-type":"","overlay-color":"","overlay-opacity":"","overlay-gradient":""},"tablet":{"background-color":"var(--ast-global-color-5)","background-image":"","background-repeat":"repeat","background-position":"center center","background-size":"auto","background-attachment":"scroll","background-type":"","background-media":"","overlay-type":"","overlay-color":"","overlay-opacity":"","overlay-gradient":""},"mobile":{"background-color":"var(--ast-global-color-5)","background-image":"","background-repeat":"repeat","background-position":"center center","background-size":"auto","background-attachment":"scroll","background-type":"","background-media":"","overlay-type":"","overlay-color":"","overlay-opacity":"","overlay-gradient":""}}},"product_brand":[],"product_cat":[1701,1699],"product_tag":[721,1534,1141],"class_list":{"0":"post-16321","1":"product","2":"type-product","3":"status-publish","4":"has-post-thumbnail","6":"product_cat-eeterlike-olide-segud","7":"product_cat-eeterlikud-olid","8":"product_tag-10-ml-et","9":"product_tag-eeterliku-oli-segu","10":"product_tag-hope-touch-et","11":"desktop-align-left","12":"tablet-align-left","13":"mobile-align-left","15":"first","16":"instock","17":"taxable","18":"shipping-taxable","19":"purchasable","20":"product-type-simple"},"_links":{"self":[{"href":"https:\/\/mamaterra.lt\/et\/wp-json\/wp\/v2\/product\/16321","targetHints":{"allow":["GET"]}}],"collection":[{"href":"https:\/\/mamaterra.lt\/et\/wp-json\/wp\/v2\/product"}],"about":[{"href":"https:\/\/mamaterra.lt\/et\/wp-json\/wp\/v2\/types\/product"}],"wp:featuredmedia":[{"embeddable":true,"href":"https:\/\/mamaterra.lt\/et\/wp-json\/wp\/v2\/media\/12689"}],"wp:attachment":[{"href":"https:\/\/mamaterra.lt\/et\/wp-json\/wp\/v2\/media?parent=16321"}],"wp:term":[{"taxonomy":"product_brand","embeddable":true,"href":"https:\/\/mamaterra.lt\/et\/wp-json\/wp\/v2\/product_brand?post=16321"},{"taxonomy":"product_cat","embeddable":true,"href":"https:\/\/mamaterra.lt\/et\/wp-json\/wp\/v2\/product_cat?post=16321"},{"taxonomy":"product_tag","embeddable":true,"href":"https:\/\/mamaterra.lt\/et\/wp-json\/wp\/v2\/product_tag?post=16321"}],"curies":[{"name":"wp","href":"https:\/\/api.w.org\/{rel}","templated":true}]}}