{"id":16318,"date":"2021-04-19T07:55:18","date_gmt":"2021-04-19T06:55:18","guid":{"rendered":"https:\/\/mamaterra.lt\/parduotuve\/maaratlemata\/doterra-cheer-touch-eeterlike-olide-segu-10ml\/"},"modified":"2021-04-19T07:55:18","modified_gmt":"2021-04-19T06:55:18","slug":"doterra-cheer-touch-eeterlik-oli-segu-10ml","status":"publish","type":"product","link":"https:\/\/mamaterra.lt\/et\/parduotuve\/eeterlikud-olid\/eeterlike-olide-segud\/doterra-cheer-touch-eeterlik-oli-segu-10ml\/","title":{"rendered":"doTERRA CHEER\u2122 TOUCH eeterlike \u00f5lide segu 10ml"},"content":{"rendered":"<p><strong>doTERRA CHEER\u2122 TOUCH eeterlike \u00f5lide segu<\/strong><\/p>\n<p>10 ml pudel kuuli aplikaatoriga<\/p>\n<p>&nbsp;<\/p>\n<p><strong>doTERRA CHEER\u2122 TOUCH eeterlike \u00f5lide segu kirjeldus ja koostisosad:<\/strong><\/p>\n<p>doTERRA Cheer Touch \u00fchendab fraktsioneeritud kookos\u00f5li meeleolu tekitava doTERRA Cheer segu p\u00e4ikeselise ja v\u00e4rskendava aroomiga. Seda mugavat ja \u00f5rna kuuli aplikaatoriga vahendit saab nahale kanda, et suurendada \u00f5nne ja positiivsust.<\/p>\n<ul>\n<li>Julgustab tundma optimismi<\/li>\n<li>Parandab meeleolu kogu p\u00e4eva jooksul<\/li>\n<li>kiirgab massaa\u017ei ajal veetlevat aroomi<\/li>\n<\/ul>\n<p>&nbsp;<\/p>\n<p>Lisateave <strong>doTERRA CHEER\u2122 TOUCH<\/strong> kohta<strong> <\/strong><strong>Eeterlike \u00f5lide segu <\/strong>leiate allolevast videost.<\/p>\n<p><iframe title=\"Hip Hip Hooray koos doTERRA Cheer Touchiga\" src=\"https:\/\/www.youtube.com\/embed\/TTXm0N-o19Q\" width=\"853\" height=\"480\" frameborder=\"0\" allowfullscreen=\"allowfullscreen\"><\/iframe><\/p>\n","protected":false},"excerpt":{"rendered":"<ul>\n<li>Julgustab tundma optimismi<\/li>\n<li>Parandab meeleolu kogu p\u00e4eva jooksul<\/li>\n<li>kiirgab massaa\u017ei ajal veetlevat aroomi<\/li>\n<\/ul>\n","protected":false},"featured_media":12704,"template":"","meta":{"site-sidebar-layout":"default","site-content-layout":"default","ast-site-content-layout":"default","site-content-style":"default","site-sidebar-style":"default","ast-global-header-display":"","ast-banner-title-visibility":"","ast-main-header-display":"","ast-hfb-above-header-display":"","ast-hfb-below-header-display":"","ast-hfb-mobile-header-display":"","site-post-title":"","ast-breadcrumbs-content":"","ast-featured-img":"","footer-sml-layout":"","ast-disable-related-posts":"","theme-transparent-header-meta":"default","adv-header-id-meta":"","stick-header-meta":"","header-above-stick-meta":"","header-main-stick-meta":"","header-below-stick-meta":"","astra-migrate-meta-layouts":"default","ast-page-background-enabled":"default","ast-page-background-meta":{"desktop":{"background-color":"","background-image":"","background-repeat":"repeat","background-position":"center center","background-size":"auto","background-attachment":"scroll","background-type":"","background-media":"","overlay-type":"","overlay-color":"","overlay-opacity":"","overlay-gradient":""},"tablet":{"background-color":"","background-image":"","background-repeat":"repeat","background-position":"center center","background-size":"auto","background-attachment":"scroll","background-type":"","background-media":"","overlay-type":"","overlay-color":"","overlay-opacity":"","overlay-gradient":""},"mobile":{"background-color":"","background-image":"","background-repeat":"repeat","background-position":"center center","background-size":"auto","background-attachment":"scroll","background-type":"","background-media":"","overlay-type":"","overlay-color":"","overlay-opacity":"","overlay-gradient":""}},"ast-content-background-meta":{"desktop":{"background-color":"var(--ast-global-color-5)","background-image":"","background-repeat":"repeat","background-position":"center center","background-size":"auto","background-attachment":"scroll","background-type":"","background-media":"","overlay-type":"","overlay-color":"","overlay-opacity":"","overlay-gradient":""},"tablet":{"background-color":"var(--ast-global-color-5)","background-image":"","background-repeat":"repeat","background-position":"center center","background-size":"auto","background-attachment":"scroll","background-type":"","background-media":"","overlay-type":"","overlay-color":"","overlay-opacity":"","overlay-gradient":""},"mobile":{"background-color":"var(--ast-global-color-5)","background-image":"","background-repeat":"repeat","background-position":"center center","background-size":"auto","background-attachment":"scroll","background-type":"","background-media":"","overlay-type":"","overlay-color":"","overlay-opacity":"","overlay-gradient":""}}},"product_brand":[],"product_cat":[1701,1699],"product_tag":[721,1279,1534],"class_list":{"0":"post-16318","1":"product","2":"type-product","3":"status-publish","4":"has-post-thumbnail","6":"product_cat-eeterlike-olide-segud","7":"product_cat-eeterlikud-olid","8":"product_tag-10-ml-et","9":"product_tag-cheer-touch-et","10":"product_tag-eeterliku-oli-segu","11":"desktop-align-left","12":"tablet-align-left","13":"mobile-align-left","15":"first","16":"instock","17":"taxable","18":"shipping-taxable","19":"purchasable","20":"product-type-simple"},"_links":{"self":[{"href":"https:\/\/mamaterra.lt\/et\/wp-json\/wp\/v2\/product\/16318","targetHints":{"allow":["GET"]}}],"collection":[{"href":"https:\/\/mamaterra.lt\/et\/wp-json\/wp\/v2\/product"}],"about":[{"href":"https:\/\/mamaterra.lt\/et\/wp-json\/wp\/v2\/types\/product"}],"wp:featuredmedia":[{"embeddable":true,"href":"https:\/\/mamaterra.lt\/et\/wp-json\/wp\/v2\/media\/12704"}],"wp:attachment":[{"href":"https:\/\/mamaterra.lt\/et\/wp-json\/wp\/v2\/media?parent=16318"}],"wp:term":[{"taxonomy":"product_brand","embeddable":true,"href":"https:\/\/mamaterra.lt\/et\/wp-json\/wp\/v2\/product_brand?post=16318"},{"taxonomy":"product_cat","embeddable":true,"href":"https:\/\/mamaterra.lt\/et\/wp-json\/wp\/v2\/product_cat?post=16318"},{"taxonomy":"product_tag","embeddable":true,"href":"https:\/\/mamaterra.lt\/et\/wp-json\/wp\/v2\/product_tag?post=16318"}],"curies":[{"name":"wp","href":"https:\/\/api.w.org\/{rel}","templated":true}]}}