{"id":16311,"date":"2021-04-18T17:38:23","date_gmt":"2021-04-18T16:38:23","guid":{"rendered":"https:\/\/mamaterra.lt\/parduotuve\/maaratlemata\/smart-sassy-aktiveeriv-doterra-eeterlike-olide-segu-15ml\/"},"modified":"2021-04-18T17:38:23","modified_gmt":"2021-04-18T16:38:23","slug":"nutikas-sassy-aktiveeriv-doterra-eeterlik-oli-misoguunist-15ml","status":"publish","type":"product","link":"https:\/\/mamaterra.lt\/et\/parduotuve\/eeterlikud-olid\/eeterlike-olide-segud\/nutikas-sassy-aktiveeriv-doterra-eeterlik-oli-misoguunist-15ml\/","title":{"rendered":"Smart &amp; Sassy\u2122 aktiveeriv DoTERRA eeterlike \u00f5lide segu 15ml"},"content":{"rendered":"<p><strong>Smart &amp; Sassy\u2122 aktiveeriv Doterra eeterlike \u00f5lide segu<\/strong><\/p>\n<p>15 ml<\/p>\n<p>&nbsp;<\/p>\n<p><strong>Smart &amp; Sassy\u2122 eeterlike \u00f5lide segu kirjeldus ja koostisosad:<\/strong><\/p>\n<p>Blend Smart &amp; Sassy t\u00e4iendab suurep\u00e4raselt teie kaaluj\u00e4lgimiskava, kui \u00fchendate selle tarbimise spordi ja tervisliku toitumisega.<\/p>\n<ul>\n<li>Smart &amp; Sassy \u00f5li kriipiv ja v\u00fcrtsikas l\u00f5hn v\u00f5ib aidata luua positiivse meeleolu energiliseks treeninguks<\/li>\n<li>Kalorivaba segu v\u00f5ib olla l\u00f5hnav lisand igale joogile v\u00f5i magustoidule<\/li>\n<\/ul>\n<p>&nbsp;<\/p>\n<p>Lisateave <strong>Smart &amp; Sassy\u2122<\/strong> kohta<strong> <\/strong><strong>Eeterlike \u00f5lide segu <\/strong>leiate allolevast videost.<\/p>\n<p><iframe title=\"doTERRA Smart &amp; Sassy eeterlike \u00f5lide segu-DEOWA Academy Group\" src=\"https:\/\/www.youtube.com\/embed\/koCggRxcbj0\" width=\"853\" height=\"480\" frameborder=\"0\" allowfullscreen=\"allowfullscreen\"><\/iframe><\/p>\n","protected":false},"excerpt":{"rendered":"<ul>\n<li>Smart &amp; Sassy \u00f5li kriipiv ja v\u00fcrtsikas l\u00f5hn v\u00f5ib aidata luua positiivse meeleolu energiliseks treeninguks<\/li>\n<li>Kalorivaba segu v\u00f5ib olla l\u00f5hnav lisand igale joogile v\u00f5i magustoidule<\/li>\n<\/ul>\n","protected":false},"featured_media":12503,"template":"","meta":{"site-sidebar-layout":"default","site-content-layout":"default","ast-site-content-layout":"default","site-content-style":"default","site-sidebar-style":"default","ast-global-header-display":"","ast-banner-title-visibility":"","ast-main-header-display":"","ast-hfb-above-header-display":"","ast-hfb-below-header-display":"","ast-hfb-mobile-header-display":"","site-post-title":"","ast-breadcrumbs-content":"","ast-featured-img":"","footer-sml-layout":"","ast-disable-related-posts":"","theme-transparent-header-meta":"default","adv-header-id-meta":"","stick-header-meta":"","header-above-stick-meta":"","header-main-stick-meta":"","header-below-stick-meta":"","astra-migrate-meta-layouts":"default","ast-page-background-enabled":"default","ast-page-background-meta":{"desktop":{"background-color":"","background-image":"","background-repeat":"repeat","background-position":"center center","background-size":"auto","background-attachment":"scroll","background-type":"","background-media":"","overlay-type":"","overlay-color":"","overlay-opacity":"","overlay-gradient":""},"tablet":{"background-color":"","background-image":"","background-repeat":"repeat","background-position":"center center","background-size":"auto","background-attachment":"scroll","background-type":"","background-media":"","overlay-type":"","overlay-color":"","overlay-opacity":"","overlay-gradient":""},"mobile":{"background-color":"","background-image":"","background-repeat":"repeat","background-position":"center center","background-size":"auto","background-attachment":"scroll","background-type":"","background-media":"","overlay-type":"","overlay-color":"","overlay-opacity":"","overlay-gradient":""}},"ast-content-background-meta":{"desktop":{"background-color":"var(--ast-global-color-5)","background-image":"","background-repeat":"repeat","background-position":"center center","background-size":"auto","background-attachment":"scroll","background-type":"","background-media":"","overlay-type":"","overlay-color":"","overlay-opacity":"","overlay-gradient":""},"tablet":{"background-color":"var(--ast-global-color-5)","background-image":"","background-repeat":"repeat","background-position":"center center","background-size":"auto","background-attachment":"scroll","background-type":"","background-media":"","overlay-type":"","overlay-color":"","overlay-opacity":"","overlay-gradient":""},"mobile":{"background-color":"var(--ast-global-color-5)","background-image":"","background-repeat":"repeat","background-position":"center center","background-size":"auto","background-attachment":"scroll","background-type":"","background-media":"","overlay-type":"","overlay-color":"","overlay-opacity":"","overlay-gradient":""}}},"product_brand":[],"product_cat":[1701,1699],"product_tag":[724,1534],"class_list":{"0":"post-16311","1":"product","2":"type-product","3":"status-publish","4":"has-post-thumbnail","6":"product_cat-eeterlike-olide-segud","7":"product_cat-eeterlikud-olid","8":"product_tag-15-ml-et-2","9":"product_tag-eeterliku-oli-segu","10":"desktop-align-left","11":"tablet-align-left","12":"mobile-align-left","14":"first","15":"instock","16":"taxable","17":"shipping-taxable","18":"purchasable","19":"product-type-simple"},"_links":{"self":[{"href":"https:\/\/mamaterra.lt\/et\/wp-json\/wp\/v2\/product\/16311","targetHints":{"allow":["GET"]}}],"collection":[{"href":"https:\/\/mamaterra.lt\/et\/wp-json\/wp\/v2\/product"}],"about":[{"href":"https:\/\/mamaterra.lt\/et\/wp-json\/wp\/v2\/types\/product"}],"wp:featuredmedia":[{"embeddable":true,"href":"https:\/\/mamaterra.lt\/et\/wp-json\/wp\/v2\/media\/12503"}],"wp:attachment":[{"href":"https:\/\/mamaterra.lt\/et\/wp-json\/wp\/v2\/media?parent=16311"}],"wp:term":[{"taxonomy":"product_brand","embeddable":true,"href":"https:\/\/mamaterra.lt\/et\/wp-json\/wp\/v2\/product_brand?post=16311"},{"taxonomy":"product_cat","embeddable":true,"href":"https:\/\/mamaterra.lt\/et\/wp-json\/wp\/v2\/product_cat?post=16311"},{"taxonomy":"product_tag","embeddable":true,"href":"https:\/\/mamaterra.lt\/et\/wp-json\/wp\/v2\/product_tag?post=16311"}],"curies":[{"name":"wp","href":"https:\/\/api.w.org\/{rel}","templated":true}]}}