{"id":16308,"date":"2021-04-19T07:56:50","date_gmt":"2021-04-19T06:56:50","guid":{"rendered":"https:\/\/mamaterra.lt\/parduotuve\/maaratlemata\/doterra-sugavsinine-valu-leevendav-eeterlike-olide-segu-10ml\/"},"modified":"2021-04-19T07:56:50","modified_gmt":"2021-04-19T06:56:50","slug":"doterra-sugav-sinine-valuvaigistav-eeterlik-oli-segu-10ml","status":"publish","type":"product","link":"https:\/\/mamaterra.lt\/et\/parduotuve\/eeterlikud-olid\/eeterlike-olide-segud\/doterra-sugav-sinine-valuvaigistav-eeterlik-oli-segu-10ml\/","title":{"rendered":"doTERRA S\u00dcGAVSININE\u2122 valu leevendav eeterlike \u00f5lide segu 10ml"},"content":{"rendered":"<p><strong>doTERRA DEEP BLUE\u2122 valu leevendav eeterlike \u00f5lide segu<\/strong><\/p>\n<p>10ml pudel kuuli aplikaatoriga<\/p>\n<p>&nbsp;<\/p>\n<p><strong>doTERRA DEEP BLUE\u2122 eeterlike \u00f5lide segu kirjeldus ja \u00fcldised omadused:<\/strong><\/p>\n<p>DoTERRA Deep Blue segu, mis on loodud rahustamiseks ja jahutamiseks, on eeterlike \u00f5lidega rikastatud segu ja sobib suurep\u00e4raselt massaa\u017eiks p\u00e4rast pikka p\u00e4eva v\u00f5i intensiivset treeningut. \u00d5rn toode (lahjendamise t\u00f5ttu) sobib nii lastele kui t\u00e4iskasvanutele.<\/p>\n<ul>\n<li>Aitab leevendada pingeid<\/li>\n<li>M\u00f5jub l\u00f5\u00f5gastavalt<\/li>\n<li>Aitab leevendada valu<\/li>\n<\/ul>\n<p>Kogege meie patenteeritud eeterlike \u00f5lide segu Deep Blue kasulikke omadusi, kasutades seda toodet mugavas pakendis.<\/p>\n<p>doTERRA\u00ae teadlased viisid l\u00e4bi uuringu, et hinnata Deep Blue\u00ae m\u00f5ju naharakkudele. Tulemused n\u00e4itasid, et see uskumatu segu m\u00f5jutab p\u00f5letiku ja haavade paranemisega seotud signaalide edastamist rakkudele.<\/p>\n<ul>\n<li>Kandke jalgadele ja p\u00f5lvedele enne ja p\u00e4rast treeningut.<\/li>\n<li>Enne magamaminekut masseerige s\u00fcgavsinist m\u00f5ne tilga baas\u00f5liga kasvavate laste jalgadele.<\/li>\n<li>P\u00e4rast rasket t\u00f5stmist t\u00f6\u00f6l v\u00f5i liikumise ajal h\u00f5\u00f5ruge s\u00fcgavsiniseid alaseljalihaseid<\/li>\n<li>Neile, kes t\u00f6\u00f6tavad arvutiga! Kasutage Deep Blue&#8217;i, et leevendada pingeid s\u00f5rmedel ja k\u00e4tel p\u00e4rast pikka p\u00e4eva arvuti taga t\u00f6\u00f6tamist. Lisaks rahustab ja leevendab aroom stressi.<\/li>\n<\/ul>\n<p><strong>doTERRA DEEP BLUE\u2122 eeterlike \u00f5lide segu koostisosad:<\/strong><\/p>\n<p>Wintergreen, kamper, piparm\u00fcnt, Ylang Ylang, Helichrysum, sinine tansy, sinine kummel ja Osmanthus<\/p>\n<p><strong>doTERRA DEEP BLUE\u2122 eeterlike \u00f5lide segu kasutusjuhendid:<\/strong><\/p>\n<p><strong>Kohalik kasutamine:<\/strong> kandke soovitud alale.<\/p>\n<p>Lahjendage doTERRA fraktsioneeriva kookos\u00f5liga, et v\u00e4hendada naha tundlikkust.<\/p>\n<p>&nbsp;<\/p>\n<p>Lisateave <strong>doTERRA DEEP BLUE\u2122<\/strong> kohta<strong> <\/strong><strong>Eeterlike \u00f5lide segu <\/strong>leiate allolevast videost.<\/p>\n<p><iframe title=\"Kuidas kasutada doTERRA s\u00fcgavsinist rulli\" src=\"https:\/\/www.youtube.com\/embed\/CXTXEAWOueI\" width=\"853\" height=\"480\" frameborder=\"0\" allowfullscreen=\"allowfullscreen\"><\/iframe><\/p>\n","protected":false},"excerpt":{"rendered":"<ul>\n<li>Kosutav aroom<\/li>\n<li>Leevendab lihasvalu<\/li>\n<li>Leevendab ebamugavustunnet ja valu treeningu ajal<\/li>\n<\/ul>\n","protected":false},"featured_media":12734,"template":"","meta":{"site-sidebar-layout":"default","site-content-layout":"default","ast-site-content-layout":"default","site-content-style":"default","site-sidebar-style":"default","ast-global-header-display":"","ast-banner-title-visibility":"","ast-main-header-display":"","ast-hfb-above-header-display":"","ast-hfb-below-header-display":"","ast-hfb-mobile-header-display":"","site-post-title":"","ast-breadcrumbs-content":"","ast-featured-img":"","footer-sml-layout":"","ast-disable-related-posts":"","theme-transparent-header-meta":"default","adv-header-id-meta":"","stick-header-meta":"","header-above-stick-meta":"","header-main-stick-meta":"","header-below-stick-meta":"","astra-migrate-meta-layouts":"default","ast-page-background-enabled":"default","ast-page-background-meta":{"desktop":{"background-color":"","background-image":"","background-repeat":"repeat","background-position":"center center","background-size":"auto","background-attachment":"scroll","background-type":"","background-media":"","overlay-type":"","overlay-color":"","overlay-opacity":"","overlay-gradient":""},"tablet":{"background-color":"","background-image":"","background-repeat":"repeat","background-position":"center center","background-size":"auto","background-attachment":"scroll","background-type":"","background-media":"","overlay-type":"","overlay-color":"","overlay-opacity":"","overlay-gradient":""},"mobile":{"background-color":"","background-image":"","background-repeat":"repeat","background-position":"center center","background-size":"auto","background-attachment":"scroll","background-type":"","background-media":"","overlay-type":"","overlay-color":"","overlay-opacity":"","overlay-gradient":""}},"ast-content-background-meta":{"desktop":{"background-color":"var(--ast-global-color-5)","background-image":"","background-repeat":"repeat","background-position":"center center","background-size":"auto","background-attachment":"scroll","background-type":"","background-media":"","overlay-type":"","overlay-color":"","overlay-opacity":"","overlay-gradient":""},"tablet":{"background-color":"var(--ast-global-color-5)","background-image":"","background-repeat":"repeat","background-position":"center center","background-size":"auto","background-attachment":"scroll","background-type":"","background-media":"","overlay-type":"","overlay-color":"","overlay-opacity":"","overlay-gradient":""},"mobile":{"background-color":"var(--ast-global-color-5)","background-image":"","background-repeat":"repeat","background-position":"center center","background-size":"auto","background-attachment":"scroll","background-type":"","background-media":"","overlay-type":"","overlay-color":"","overlay-opacity":"","overlay-gradient":""}}},"product_brand":[],"product_cat":[1683,1701,1699,1734],"product_tag":[721,1505,1534],"class_list":{"0":"post-16308","1":"product","2":"type-product","3":"status-publish","4":"has-post-thumbnail","6":"product_cat-deep-blue-tooted","7":"product_cat-eeterlike-olide-segud","8":"product_cat-eeterlikud-olid","9":"product_cat-massaaz","10":"product_tag-10-ml-et","11":"product_tag-deep-blue-et","12":"product_tag-eeterliku-oli-segu","13":"desktop-align-left","14":"tablet-align-left","15":"mobile-align-left","17":"first","18":"instock","19":"sale","20":"taxable","21":"shipping-taxable","22":"purchasable","23":"product-type-simple"},"_links":{"self":[{"href":"https:\/\/mamaterra.lt\/et\/wp-json\/wp\/v2\/product\/16308","targetHints":{"allow":["GET"]}}],"collection":[{"href":"https:\/\/mamaterra.lt\/et\/wp-json\/wp\/v2\/product"}],"about":[{"href":"https:\/\/mamaterra.lt\/et\/wp-json\/wp\/v2\/types\/product"}],"wp:featuredmedia":[{"embeddable":true,"href":"https:\/\/mamaterra.lt\/et\/wp-json\/wp\/v2\/media\/12734"}],"wp:attachment":[{"href":"https:\/\/mamaterra.lt\/et\/wp-json\/wp\/v2\/media?parent=16308"}],"wp:term":[{"taxonomy":"product_brand","embeddable":true,"href":"https:\/\/mamaterra.lt\/et\/wp-json\/wp\/v2\/product_brand?post=16308"},{"taxonomy":"product_cat","embeddable":true,"href":"https:\/\/mamaterra.lt\/et\/wp-json\/wp\/v2\/product_cat?post=16308"},{"taxonomy":"product_tag","embeddable":true,"href":"https:\/\/mamaterra.lt\/et\/wp-json\/wp\/v2\/product_tag?post=16308"}],"curies":[{"name":"wp","href":"https:\/\/api.w.org\/{rel}","templated":true}]}}