{"id":16305,"date":"2021-04-18T17:40:11","date_gmt":"2021-04-18T16:40:11","guid":{"rendered":"https:\/\/mamaterra.lt\/parduotuve\/maaratlemata\/spray-doterra-terrashield-pollule-30ml\/"},"modified":"2021-04-18T17:40:11","modified_gmt":"2021-04-18T16:40:11","slug":"pihusti-doterra-terrashield-vali-30ml","status":"publish","type":"product","link":"https:\/\/mamaterra.lt\/et\/parduotuve\/eeterlikud-olid\/eeterlike-olide-segud\/pihusti-doterra-terrashield-vali-30ml\/","title":{"rendered":"Spray doTERRA TerraShield\u2122 P\u00f5llule 30ml"},"content":{"rendered":"<p><strong>Spray doTERRA TerraShield\u2122 p\u00f5llule<\/strong><\/p>\n<p>30 ml<\/p>\n<p>&nbsp;<\/p>\n<p><strong>DoTERRA TerraShield\u2122 pihusti kirjeldus ja koostisosad:<\/strong><\/p>\n<p>TerraShield sprei \u00fchendab endas eeterlikke \u00f5lisid, mis on tuntud oma v\u00e4liskaitse poolest. See on looduslik ja t\u00f5hus \u00f5li v\u00e4litegevusteks.<\/p>\n<ul>\n<li>T\u00e4idab loodusliku ja t\u00f5husa barj\u00e4\u00e4ri funktsiooni<\/li>\n<li>Pakub looduslikku kaitset \u00f5ues<\/li>\n<li>TerraShield sprei mugavas pihustuspudelis on mugav omada k\u00f5ikjal, kuhu l\u00e4hete<\/li>\n<\/ul>\n<p>&nbsp;<\/p>\n<p>Lisateave <strong>doTERRA TerraShieldi\u2122<\/strong> kohta<strong> <\/strong><strong>P\u00f5llu pihusti <\/strong>leiate allolevast videost.<\/p>\n<p><iframe title=\"d\u014dTERRA Terrashield Spray\" src=\"https:\/\/www.youtube.com\/embed\/n-7NbYSwSPY\" width=\"853\" height=\"480\" frameborder=\"0\" allowfullscreen=\"allowfullscreen\"><\/iframe><\/p>\n","protected":false},"excerpt":{"rendered":"<ul>\n<li>T\u00e4idab loodusliku ja t\u00f5husa barj\u00e4\u00e4ri funktsiooni<\/li>\n<li>Pakub looduslikku kaitset \u00f5ues<\/li>\n<li>TerraShield sprei mugavas pihustuspudelis on mugav omada k\u00f5ikjal, kuhu l\u00e4hete<\/li>\n<\/ul>\n","protected":false},"featured_media":12545,"template":"","meta":{"site-sidebar-layout":"default","site-content-layout":"default","ast-site-content-layout":"default","site-content-style":"default","site-sidebar-style":"default","ast-global-header-display":"","ast-banner-title-visibility":"","ast-main-header-display":"","ast-hfb-above-header-display":"","ast-hfb-below-header-display":"","ast-hfb-mobile-header-display":"","site-post-title":"","ast-breadcrumbs-content":"","ast-featured-img":"","footer-sml-layout":"","ast-disable-related-posts":"","theme-transparent-header-meta":"default","adv-header-id-meta":"","stick-header-meta":"","header-above-stick-meta":"","header-main-stick-meta":"","header-below-stick-meta":"","astra-migrate-meta-layouts":"default","ast-page-background-enabled":"default","ast-page-background-meta":{"desktop":{"background-color":"","background-image":"","background-repeat":"repeat","background-position":"center center","background-size":"auto","background-attachment":"scroll","background-type":"","background-media":"","overlay-type":"","overlay-color":"","overlay-opacity":"","overlay-gradient":""},"tablet":{"background-color":"","background-image":"","background-repeat":"repeat","background-position":"center center","background-size":"auto","background-attachment":"scroll","background-type":"","background-media":"","overlay-type":"","overlay-color":"","overlay-opacity":"","overlay-gradient":""},"mobile":{"background-color":"","background-image":"","background-repeat":"repeat","background-position":"center center","background-size":"auto","background-attachment":"scroll","background-type":"","background-media":"","overlay-type":"","overlay-color":"","overlay-opacity":"","overlay-gradient":""}},"ast-content-background-meta":{"desktop":{"background-color":"var(--ast-global-color-5)","background-image":"","background-repeat":"repeat","background-position":"center center","background-size":"auto","background-attachment":"scroll","background-type":"","background-media":"","overlay-type":"","overlay-color":"","overlay-opacity":"","overlay-gradient":""},"tablet":{"background-color":"var(--ast-global-color-5)","background-image":"","background-repeat":"repeat","background-position":"center center","background-size":"auto","background-attachment":"scroll","background-type":"","background-media":"","overlay-type":"","overlay-color":"","overlay-opacity":"","overlay-gradient":""},"mobile":{"background-color":"var(--ast-global-color-5)","background-image":"","background-repeat":"repeat","background-position":"center center","background-size":"auto","background-attachment":"scroll","background-type":"","background-media":"","overlay-type":"","overlay-color":"","overlay-opacity":"","overlay-gradient":""}}},"product_brand":[],"product_cat":[1701,1699],"product_tag":[758,1534,1588,912],"class_list":{"0":"post-16305","1":"product","2":"type-product","3":"status-publish","4":"has-post-thumbnail","6":"product_cat-eeterlike-olide-segud","7":"product_cat-eeterlikud-olid","8":"product_tag-30-ml-et","9":"product_tag-eeterliku-oli-segu","10":"product_tag-pihusti","11":"product_tag-terrashield-et","12":"desktop-align-left","13":"tablet-align-left","14":"mobile-align-left","16":"first","17":"instock","18":"taxable","19":"shipping-taxable","20":"purchasable","21":"product-type-simple"},"_links":{"self":[{"href":"https:\/\/mamaterra.lt\/et\/wp-json\/wp\/v2\/product\/16305","targetHints":{"allow":["GET"]}}],"collection":[{"href":"https:\/\/mamaterra.lt\/et\/wp-json\/wp\/v2\/product"}],"about":[{"href":"https:\/\/mamaterra.lt\/et\/wp-json\/wp\/v2\/types\/product"}],"wp:featuredmedia":[{"embeddable":true,"href":"https:\/\/mamaterra.lt\/et\/wp-json\/wp\/v2\/media\/12545"}],"wp:attachment":[{"href":"https:\/\/mamaterra.lt\/et\/wp-json\/wp\/v2\/media?parent=16305"}],"wp:term":[{"taxonomy":"product_brand","embeddable":true,"href":"https:\/\/mamaterra.lt\/et\/wp-json\/wp\/v2\/product_brand?post=16305"},{"taxonomy":"product_cat","embeddable":true,"href":"https:\/\/mamaterra.lt\/et\/wp-json\/wp\/v2\/product_cat?post=16305"},{"taxonomy":"product_tag","embeddable":true,"href":"https:\/\/mamaterra.lt\/et\/wp-json\/wp\/v2\/product_tag?post=16305"}],"curies":[{"name":"wp","href":"https:\/\/api.w.org\/{rel}","templated":true}]}}