{"id":16284,"date":"2021-04-19T08:03:18","date_gmt":"2021-04-19T07:03:18","guid":{"rendered":"https:\/\/mamaterra.lt\/parduotuve\/maaratlemata\/magnoolia-magnolia-touch-doterra-eeterlike-olide-segu-10ml\/"},"modified":"2023-08-16T19:34:51","modified_gmt":"2023-08-16T18:34:51","slug":"magnoolia-magnoolia-puudutus-doterra-eeterlik-oli-segu-10ml","status":"publish","type":"product","link":"https:\/\/mamaterra.lt\/et\/parduotuve\/eeterlikud-olid\/puhtad-eeterlikud-olid\/magnoolia-magnoolia-puudutus-doterra-eeterlik-oli-segu-10ml\/","title":{"rendered":"Magnoolia (MAGNOLIA TOUCH) doTERRA eeterlike \u00f5lide segu 10ml"},"content":{"rendered":"<p><strong>Magnoolia (MAGNOLIA TOUCH) doTERRA eeterlike \u00f5lide segu<\/strong><\/p>\n<p>10 ml pudel kuuli aplikaatoriga<\/p>\n<p>&nbsp;<\/p>\n<p><strong>Magnoolia (MAGNOLIA TOUCH) doTERRA eeterlike \u00f5lide segu kirjeldus ja koostisosad:<\/strong><\/p>\n<p>Isikliku parf\u00fc\u00fcmina kasutataval Magnolia Touchil on meeli\u00fclendav ja v\u00e4rskendav aroom. Lisage oma igap\u00e4evasesse rutiini, et hoida nahk puhas ja niisutatud.<\/p>\n<ul>\n<li>Segage bergamoti v\u00f5i l\u00f5hnava kanangi\u00f5liga ja kandke nahale &#8211; see annab talle tervisliku v\u00e4limuse<\/li>\n<li>Kandke taldadele, et rahuneda ja l\u00f5\u00f5gastuda<\/li>\n<\/ul>\n<p>&nbsp;<\/p>\n<p>Lisateave <strong>magnoolia (MAGNOLIA TOUCH) doTERRA<\/strong> kohta <strong>Eeterlike \u00f5lide segu <\/strong>leiate allolevast videost.<\/p>\n<p><iframe title=\"doTERRA Magnolia eeterliku \u00f5li kiired n\u00e4pun\u00e4ited\" src=\"https:\/\/www.youtube.com\/embed\/n6CcQQCPfLE\" width=\"942\" height=\"530\" frameborder=\"0\" allowfullscreen=\"allowfullscreen\"><\/iframe><\/p>\n","protected":false},"excerpt":{"rendered":"<ul>\n<li>Segage bergamoti v\u00f5i l\u00f5hnava kanangi\u00f5liga ja kandke nahale &#8211; see annab talle tervisliku v\u00e4limuse<\/li>\n<li>Kandke taldadele, et rahuneda ja l\u00f5\u00f5gastuda<\/li>\n<\/ul>\n","protected":false},"featured_media":12320,"template":"","meta":{"site-sidebar-layout":"default","site-content-layout":"default","ast-site-content-layout":"default","site-content-style":"default","site-sidebar-style":"default","ast-global-header-display":"","ast-banner-title-visibility":"","ast-main-header-display":"","ast-hfb-above-header-display":"","ast-hfb-below-header-display":"","ast-hfb-mobile-header-display":"","site-post-title":"","ast-breadcrumbs-content":"","ast-featured-img":"","footer-sml-layout":"","ast-disable-related-posts":"","theme-transparent-header-meta":"default","adv-header-id-meta":"","stick-header-meta":"","header-above-stick-meta":"","header-main-stick-meta":"","header-below-stick-meta":"","astra-migrate-meta-layouts":"set","ast-page-background-enabled":"default","ast-page-background-meta":{"desktop":{"background-color":"","background-image":"","background-repeat":"repeat","background-position":"center center","background-size":"auto","background-attachment":"scroll","background-type":"","background-media":"","overlay-type":"","overlay-color":"","overlay-opacity":"","overlay-gradient":""},"tablet":{"background-color":"","background-image":"","background-repeat":"repeat","background-position":"center center","background-size":"auto","background-attachment":"scroll","background-type":"","background-media":"","overlay-type":"","overlay-color":"","overlay-opacity":"","overlay-gradient":""},"mobile":{"background-color":"","background-image":"","background-repeat":"repeat","background-position":"center center","background-size":"auto","background-attachment":"scroll","background-type":"","background-media":"","overlay-type":"","overlay-color":"","overlay-opacity":"","overlay-gradient":""}},"ast-content-background-meta":{"desktop":{"background-color":"var(--ast-global-color-5)","background-image":"","background-repeat":"repeat","background-position":"center center","background-size":"auto","background-attachment":"scroll","background-type":"","background-media":"","overlay-type":"","overlay-color":"","overlay-opacity":"","overlay-gradient":""},"tablet":{"background-color":"var(--ast-global-color-5)","background-image":"","background-repeat":"repeat","background-position":"center center","background-size":"auto","background-attachment":"scroll","background-type":"","background-media":"","overlay-type":"","overlay-color":"","overlay-opacity":"","overlay-gradient":""},"mobile":{"background-color":"var(--ast-global-color-5)","background-image":"","background-repeat":"repeat","background-position":"center center","background-size":"auto","background-attachment":"scroll","background-type":"","background-media":"","overlay-type":"","overlay-color":"","overlay-opacity":"","overlay-gradient":""}}},"product_brand":[],"product_cat":[1699,1741,1705,1753],"product_tag":[721,1534,1080,1084],"class_list":{"0":"post-16284","1":"product","2":"type-product","3":"status-publish","4":"has-post-thumbnail","6":"product_cat-eeterlikud-olid","7":"product_cat-naistele","8":"product_cat-puhtad-eeterlikud-olid","9":"product_cat-stressi-juhtimine","10":"product_tag-10-ml-et","11":"product_tag-eeterliku-oli-segu","12":"product_tag-magnolia-et","13":"product_tag-magnolia-touch-et","14":"desktop-align-left","15":"tablet-align-left","16":"mobile-align-left","18":"first","19":"instock","20":"taxable","21":"shipping-taxable","22":"purchasable","23":"product-type-simple"},"_links":{"self":[{"href":"https:\/\/mamaterra.lt\/et\/wp-json\/wp\/v2\/product\/16284","targetHints":{"allow":["GET"]}}],"collection":[{"href":"https:\/\/mamaterra.lt\/et\/wp-json\/wp\/v2\/product"}],"about":[{"href":"https:\/\/mamaterra.lt\/et\/wp-json\/wp\/v2\/types\/product"}],"wp:featuredmedia":[{"embeddable":true,"href":"https:\/\/mamaterra.lt\/et\/wp-json\/wp\/v2\/media\/12320"}],"wp:attachment":[{"href":"https:\/\/mamaterra.lt\/et\/wp-json\/wp\/v2\/media?parent=16284"}],"wp:term":[{"taxonomy":"product_brand","embeddable":true,"href":"https:\/\/mamaterra.lt\/et\/wp-json\/wp\/v2\/product_brand?post=16284"},{"taxonomy":"product_cat","embeddable":true,"href":"https:\/\/mamaterra.lt\/et\/wp-json\/wp\/v2\/product_cat?post=16284"},{"taxonomy":"product_tag","embeddable":true,"href":"https:\/\/mamaterra.lt\/et\/wp-json\/wp\/v2\/product_tag?post=16284"}],"curies":[{"name":"wp","href":"https:\/\/api.w.org\/{rel}","templated":true}]}}