{"id":16272,"date":"2021-04-19T08:17:38","date_gmt":"2021-04-19T07:17:38","guid":{"rendered":"https:\/\/mamaterra.lt\/parduotuve\/maaratlemata\/eeterlike-olide-komplekt-doterra-touch-8-erinevat-eeterlikku-oli-igauks-10ml\/"},"modified":"2021-04-19T08:17:38","modified_gmt":"2021-04-19T07:17:38","slug":"eeterlik-oli-komplekt-doterra-touch-8-erinev-eeterlik-oli-segud-x-10ml","status":"publish","type":"product","link":"https:\/\/mamaterra.lt\/et\/parduotuve\/eeterlikud-olid\/komplektid-ja-kollektsioonid\/eeterlik-oli-komplekt-doterra-touch-8-erinev-eeterlik-oli-segud-x-10ml\/","title":{"rendered":"Eeterlike \u00f5lide komplekt doTERRA TOUCH\u2122 (8 erinevat eeterlikku \u00f5li, iga\u00fcks 10ml)"},"content":{"rendered":"<p><strong>Eeterlike \u00f5lide komplekt doTERRA TOUCH\u2122<\/strong><\/p>\n<p>(8 erinevat eeterlikku \u00f5li 10ml)<\/p>\n<p>&nbsp;<\/p>\n<p><strong>Eeterlike \u00f5lide komplekti doTERRA TOUCH\u2122 kirjeldus ja koostis:<\/strong><\/p>\n<p>\u00dcheksast k\u00f5ige populaarsemast eeterlikust \u00f5list (lavendel, piparm\u00fcnt, boswellia, teepuu, ZenGest, doTERRA Air, On Guard, pune ja Deep Blue) koosnev doTERRA TOUCH komplekt on mugav ost k\u00f5igi pereliikmete vajadustele.<\/p>\n<ul>\n<li><strong>\u00dcheksa pudelit eeterlikke \u00f5lisid ja segusid mahuga 10 ml kuulaplikaatoriga:  <\/strong>\n<ol>\n<li>Lavendel<\/li>\n<li>Piparm\u00fcnti<\/li>\n<li>Boswellia<\/li>\n<li>Teepuu<\/li>\n<li>ZenGest\u2122<\/li>\n<li>doTERRA \u00f5hk\u2122<\/li>\n<li>Valvel\u2122<\/li>\n<li>Pune<\/li>\n<li>S\u00fcgav sinine\u2122<\/li>\n<\/ol>\n<\/li>\n<\/ul>\n","protected":false},"excerpt":{"rendered":"<ul>\n<li>\u00dcheksa pudelit eeterlikke \u00f5lisid ja segusid mahuga 10 ml kuulaplikaatoriga:\n<ol>\n<li>Lavendel<\/li>\n<li>Piparm\u00fcnti<\/li>\n<li>Boswellia<\/li>\n<li>Teepuu<\/li>\n<li>ZenGest\u2122<\/li>\n<li>doTERRA \u00f5hk\u2122<\/li>\n<li>Valvel\u2122<\/li>\n<li>Pune<\/li>\n<li>S\u00fcgav sinine\u2122<\/li>\n<\/ol>\n<\/li>\n<\/ul>\n","protected":false},"featured_media":12326,"template":"","meta":{"site-sidebar-layout":"default","site-content-layout":"default","ast-site-content-layout":"default","site-content-style":"default","site-sidebar-style":"default","ast-global-header-display":"","ast-banner-title-visibility":"","ast-main-header-display":"","ast-hfb-above-header-display":"","ast-hfb-below-header-display":"","ast-hfb-mobile-header-display":"","site-post-title":"","ast-breadcrumbs-content":"","ast-featured-img":"","footer-sml-layout":"","ast-disable-related-posts":"","theme-transparent-header-meta":"default","adv-header-id-meta":"","stick-header-meta":"","header-above-stick-meta":"","header-main-stick-meta":"","header-below-stick-meta":"","astra-migrate-meta-layouts":"default","ast-page-background-enabled":"default","ast-page-background-meta":{"desktop":{"background-color":"","background-image":"","background-repeat":"repeat","background-position":"center center","background-size":"auto","background-attachment":"scroll","background-type":"","background-media":"","overlay-type":"","overlay-color":"","overlay-opacity":"","overlay-gradient":""},"tablet":{"background-color":"","background-image":"","background-repeat":"repeat","background-position":"center center","background-size":"auto","background-attachment":"scroll","background-type":"","background-media":"","overlay-type":"","overlay-color":"","overlay-opacity":"","overlay-gradient":""},"mobile":{"background-color":"","background-image":"","background-repeat":"repeat","background-position":"center center","background-size":"auto","background-attachment":"scroll","background-type":"","background-media":"","overlay-type":"","overlay-color":"","overlay-opacity":"","overlay-gradient":""}},"ast-content-background-meta":{"desktop":{"background-color":"var(--ast-global-color-5)","background-image":"","background-repeat":"repeat","background-position":"center center","background-size":"auto","background-attachment":"scroll","background-type":"","background-media":"","overlay-type":"","overlay-color":"","overlay-opacity":"","overlay-gradient":""},"tablet":{"background-color":"var(--ast-global-color-5)","background-image":"","background-repeat":"repeat","background-position":"center center","background-size":"auto","background-attachment":"scroll","background-type":"","background-media":"","overlay-type":"","overlay-color":"","overlay-opacity":"","overlay-gradient":""},"mobile":{"background-color":"var(--ast-global-color-5)","background-image":"","background-repeat":"repeat","background-position":"center center","background-size":"auto","background-attachment":"scroll","background-type":"","background-media":"","overlay-type":"","overlay-color":"","overlay-opacity":"","overlay-gradient":""}}},"product_brand":[],"product_cat":[1699,1708],"product_tag":[747,1353,1505,1534,1532,1556,1597,1118,1093,1439,1028,1411],"class_list":{"0":"post-16272","1":"product","2":"type-product","3":"status-publish","4":"has-post-thumbnail","6":"product_cat-eeterlikud-olid","7":"product_cat-komplektid-ja-kollektsioonid","8":"product_tag-10ml-et-2","9":"product_tag-air-et","10":"product_tag-deep-blue-et","11":"product_tag-eeterliku-oli-segu","12":"product_tag-eeterlikud-olid","13":"product_tag-kollektsioonid","14":"product_tag-komplektid","15":"product_tag-lavender-et","16":"product_tag-melaleuca-et","17":"product_tag-on-guard-et","18":"product_tag-peppermint-et","19":"product_tag-zengest-et","20":"desktop-align-left","21":"tablet-align-left","22":"mobile-align-left","24":"first","25":"outofstock","26":"sale","27":"taxable","28":"shipping-taxable","29":"purchasable","30":"product-type-simple"},"_links":{"self":[{"href":"https:\/\/mamaterra.lt\/et\/wp-json\/wp\/v2\/product\/16272","targetHints":{"allow":["GET"]}}],"collection":[{"href":"https:\/\/mamaterra.lt\/et\/wp-json\/wp\/v2\/product"}],"about":[{"href":"https:\/\/mamaterra.lt\/et\/wp-json\/wp\/v2\/types\/product"}],"wp:featuredmedia":[{"embeddable":true,"href":"https:\/\/mamaterra.lt\/et\/wp-json\/wp\/v2\/media\/12326"}],"wp:attachment":[{"href":"https:\/\/mamaterra.lt\/et\/wp-json\/wp\/v2\/media?parent=16272"}],"wp:term":[{"taxonomy":"product_brand","embeddable":true,"href":"https:\/\/mamaterra.lt\/et\/wp-json\/wp\/v2\/product_brand?post=16272"},{"taxonomy":"product_cat","embeddable":true,"href":"https:\/\/mamaterra.lt\/et\/wp-json\/wp\/v2\/product_cat?post=16272"},{"taxonomy":"product_tag","embeddable":true,"href":"https:\/\/mamaterra.lt\/et\/wp-json\/wp\/v2\/product_tag?post=16272"}],"curies":[{"name":"wp","href":"https:\/\/api.w.org\/{rel}","templated":true}]}}