{"id":16259,"date":"2021-04-19T08:21:38","date_gmt":"2021-04-19T07:21:38","guid":{"rendered":"https:\/\/mamaterra.lt\/parduotuve\/maaratlemata\/eeterlike-olide-komplekt-doterra-eeterlike-aromaatsete-ainete-puudutus-6-erinevat-eeterlike-olide-segu-igauks-10ml\/"},"modified":"2021-04-19T08:21:38","modified_gmt":"2021-04-19T07:21:38","slug":"eeterlik-oli-komplekt-doterra-essentsiaalne-aromaatne-puudutus-6-erinev-eeterlik-oli-segud-x-10ml","status":"publish","type":"product","link":"https:\/\/mamaterra.lt\/et\/parduotuve\/eeterlikud-olid\/komplektid-ja-kollektsioonid\/eeterlik-oli-komplekt-doterra-essentsiaalne-aromaatne-puudutus-6-erinev-eeterlik-oli-segud-x-10ml\/","title":{"rendered":"Eeterlike \u00f5lide komplekt doTERRA eeterlike aromaatsete ainete\u2122 puudutus (6 erinevat eeterlike \u00f5lide segu, iga\u00fcks 10ml)"},"content":{"rendered":"<p><strong>Eeterlike \u00f5lide komplekt doTERRA ESSENTIAL AROMATICS\u2122 TOUCH<\/strong><\/p>\n<p>6 erinevat eeterlike \u00f5lide segu 10ml<\/p>\n<p>&nbsp;<\/p>\n<p><strong>Eeterlike \u00f5lide komplekti kirjeldus ja koostis doTERRA essential aromaatsed ained\u2122 TOUCH:<\/strong><\/p>\n<p>DOTERRA Essential Aromatics Touch komplekt koosneb kuuest ainulaadsest eeterlike \u00f5lide segust, mis on segatud fraktsioneeritud kookos\u00f5liga, villitud 10 ml pudelitesse palli aplikaatoriga, mis kannab segu mugavalt ja \u00f5rnalt nahale.<\/p>\n<p>Need patenteeritud segud m\u00f5jutavad sihikindlalt k\u00f5igi pereliikmete emotsionaalset heaolu ja neid saab iga p\u00e4ev rakendada konkreetsetele kehapiirkondadele, et s\u00e4ilitada tasakaal ja muuta meeleolu heledamaks.<\/p>\n<ul>\n<li><strong>Kuus pudelit eeterlikke \u00f5lisid ja nende segusid mahuga 10 ml kuulaplikaatoriga:<\/strong>\n<ol>\n<li>doTERRA motiveerida\u2122<\/li>\n<li>doTERRA Cheer\u2122<\/li>\n<li>doTERRA kirg\u2122<\/li>\n<li>doTERRA Andesta\u2122<\/li>\n<li>doTERRA konsool\u2122<\/li>\n<li>doTERRA rahu\u2122<\/li>\n<\/ol>\n<\/li>\n<\/ul>\n<p>Lisateavet <strong>doTERRA ESSENTIAL AROMATICS\u2122 TOUCH eeterlike \u00f5lide komplekti <\/strong>kohta leiate allolevast videost.<\/p>\n<p><iframe title=\"6 eeterlikku \u00f5li meeleolu muutmiseks | Emotsionaalne aroomiteraapia komplekt koos doTERRA-ga\" src=\"https:\/\/www.youtube.com\/embed\/a9MjZKmhws4\" width=\"942\" height=\"530\" frameborder=\"0\" allowfullscreen=\"allowfullscreen\"><\/iframe><\/p>\n","protected":false},"excerpt":{"rendered":"<ul>\n<li>Kuus pudelit eeterlikke \u00f5lisid ja nende segusid mahuga 10 ml kuulaplikaatoriga:\n<ol>\n<li>doTERRA motiveerida\u2122<\/li>\n<li>doTERRA Cheer\u2122<\/li>\n<li>doTERRA kirg\u2122<\/li>\n<li>doTERRA Andesta\u2122<\/li>\n<li>doTERRA konsool\u2122<\/li>\n<li>doTERRA rahu\u2122<\/li>\n<\/ol>\n<\/li>\n<\/ul>\n","protected":false},"featured_media":12533,"template":"","meta":{"site-sidebar-layout":"default","site-content-layout":"default","ast-site-content-layout":"default","site-content-style":"default","site-sidebar-style":"default","ast-global-header-display":"","ast-banner-title-visibility":"","ast-main-header-display":"","ast-hfb-above-header-display":"","ast-hfb-below-header-display":"","ast-hfb-mobile-header-display":"","site-post-title":"","ast-breadcrumbs-content":"","ast-featured-img":"","footer-sml-layout":"","ast-disable-related-posts":"","theme-transparent-header-meta":"default","adv-header-id-meta":"","stick-header-meta":"","header-above-stick-meta":"","header-main-stick-meta":"","header-below-stick-meta":"","astra-migrate-meta-layouts":"default","ast-page-background-enabled":"default","ast-page-background-meta":{"desktop":{"background-color":"","background-image":"","background-repeat":"repeat","background-position":"center center","background-size":"auto","background-attachment":"scroll","background-type":"","background-media":"","overlay-type":"","overlay-color":"","overlay-opacity":"","overlay-gradient":""},"tablet":{"background-color":"","background-image":"","background-repeat":"repeat","background-position":"center center","background-size":"auto","background-attachment":"scroll","background-type":"","background-media":"","overlay-type":"","overlay-color":"","overlay-opacity":"","overlay-gradient":""},"mobile":{"background-color":"","background-image":"","background-repeat":"repeat","background-position":"center center","background-size":"auto","background-attachment":"scroll","background-type":"","background-media":"","overlay-type":"","overlay-color":"","overlay-opacity":"","overlay-gradient":""}},"ast-content-background-meta":{"desktop":{"background-color":"var(--ast-global-color-5)","background-image":"","background-repeat":"repeat","background-position":"center center","background-size":"auto","background-attachment":"scroll","background-type":"","background-media":"","overlay-type":"","overlay-color":"","overlay-opacity":"","overlay-gradient":""},"tablet":{"background-color":"var(--ast-global-color-5)","background-image":"","background-repeat":"repeat","background-position":"center center","background-size":"auto","background-attachment":"scroll","background-type":"","background-media":"","overlay-type":"","overlay-color":"","overlay-opacity":"","overlay-gradient":""},"mobile":{"background-color":"var(--ast-global-color-5)","background-image":"","background-repeat":"repeat","background-position":"center center","background-size":"auto","background-attachment":"scroll","background-type":"","background-media":"","overlay-type":"","overlay-color":"","overlay-opacity":"","overlay-gradient":""}}},"product_brand":[],"product_cat":[1699,1708],"product_tag":[747,867,1521,1534,1490,1556,1597,1481,1454,1451],"class_list":{"0":"post-16259","1":"product","2":"type-product","3":"status-publish","4":"has-post-thumbnail","6":"product_cat-eeterlikud-olid","7":"product_cat-komplektid-ja-kollektsioonid","8":"product_tag-10ml-et-2","9":"product_tag-cheer-et","10":"product_tag-console-et","11":"product_tag-eeterliku-oli-segu","12":"product_tag-forgive-et","13":"product_tag-kollektsioonid","14":"product_tag-komplektid","15":"product_tag-motivate-et","16":"product_tag-passion-et","17":"product_tag-peace-et","18":"desktop-align-left","19":"tablet-align-left","20":"mobile-align-left","22":"first","23":"outofstock","24":"sale","25":"taxable","26":"shipping-taxable","27":"purchasable","28":"product-type-simple"},"_links":{"self":[{"href":"https:\/\/mamaterra.lt\/et\/wp-json\/wp\/v2\/product\/16259","targetHints":{"allow":["GET"]}}],"collection":[{"href":"https:\/\/mamaterra.lt\/et\/wp-json\/wp\/v2\/product"}],"about":[{"href":"https:\/\/mamaterra.lt\/et\/wp-json\/wp\/v2\/types\/product"}],"wp:featuredmedia":[{"embeddable":true,"href":"https:\/\/mamaterra.lt\/et\/wp-json\/wp\/v2\/media\/12533"}],"wp:attachment":[{"href":"https:\/\/mamaterra.lt\/et\/wp-json\/wp\/v2\/media?parent=16259"}],"wp:term":[{"taxonomy":"product_brand","embeddable":true,"href":"https:\/\/mamaterra.lt\/et\/wp-json\/wp\/v2\/product_brand?post=16259"},{"taxonomy":"product_cat","embeddable":true,"href":"https:\/\/mamaterra.lt\/et\/wp-json\/wp\/v2\/product_cat?post=16259"},{"taxonomy":"product_tag","embeddable":true,"href":"https:\/\/mamaterra.lt\/et\/wp-json\/wp\/v2\/product_tag?post=16259"}],"curies":[{"name":"wp","href":"https:\/\/api.w.org\/{rel}","templated":true}]}}