{"id":16256,"date":"2021-04-19T08:14:29","date_gmt":"2021-04-19T07:14:29","guid":{"rendered":"https:\/\/mamaterra.lt\/parduotuve\/maaratlemata\/eeterlike-olide-ja-eeterlike-olide-komplekt-perele-doterra-family-essentials-10-erinevat-eeterlikku-oli-igauks-5ml\/"},"modified":"2021-04-19T08:14:29","modified_gmt":"2021-04-19T07:14:29","slug":"eeterlik-oli-ja-eeterlik-oli-komplekt-doterra-family-essentials-10-different-essential-oil-x-5ml","status":"publish","type":"product","link":"https:\/\/mamaterra.lt\/et\/parduotuve\/eeterlikud-olid\/eeterlike-olide-segud\/eeterlik-oli-ja-eeterlik-oli-komplekt-doterra-family-essentials-10-different-essential-oil-x-5ml\/","title":{"rendered":"Eeterlike \u00f5lide ja eeterlike \u00f5lide komplekt perele doTERRA FAMILY ESSENTIALS (10 erinevat eeterlikku \u00f5li, iga\u00fcks 5ml)"},"content":{"rendered":"<p><strong>Eeterlike \u00f5lide ja eeterlike \u00f5lide komplekt perele doTERRA FAMILY ESSENTIALS<\/strong><\/p>\n<p>(10 erinevat eeterlikku \u00f5li 5ml)<\/p>\n<p>&nbsp;<\/p>\n<p><strong>PEREKONNA DOTERRA FAMILY ESSENTIALS eeterlike \u00f5lide ja eeterlike \u00f5lide komplekti kirjeldus ja koostis:<\/strong><\/p>\n<p>DoTERRA Family Essentials pere\u00f5lide komplekt koosneb 10 eeterlikust \u00f5list ja nende segudest \u2013 need on h\u00e4davajalikud igap\u00e4evased tooted, mis peavad vanematel k\u00e4eulatuses olema. Proovige lugematuid viise, kuidas doTERRA CPTG\u2122 eeterlikud \u00f5lid aitavad teil oma peret aidata.<\/p>\n<ul>\n<li><strong>K\u00fcmme pudelit eeterlikke \u00f5lisid mahuga 5 ml ja nende segud:<\/strong>\n<ol>\n<li>Lavendel<\/li>\n<li>Sidrun<\/li>\n<li>Piparm\u00fcnti<\/li>\n<li>Teepuu<\/li>\n<li>Pune<\/li>\n<li>Boswellia<\/li>\n<li>S\u00fcgav sinine\u2122<\/li>\n<li>doTERRA \u00f5hk\u2122<\/li>\n<li>ZenGest\u2122<\/li>\n<li>Valvel\u2122<\/li>\n<\/ol>\n<\/li>\n<\/ul>\n<p>&nbsp;<\/p>\n<p>Lisateavet <strong>doTERRA FAMILY ESSENTIALS\u2122 eeterlike \u00f5lide komplekti <\/strong>kohta leiate allolevast videost.<\/p>\n<p><iframe title=\"doTERRA Family Essentials Kit + Kuidas ma seda kasutan!\" src=\"https:\/\/www.youtube.com\/embed\/SGJ44RNsV7c\" width=\"942\" height=\"530\" frameborder=\"0\" allowfullscreen=\"allowfullscreen\"><\/iframe><\/p>\n","protected":false},"excerpt":{"rendered":"<ul>\n<li>K\u00fcmme pudelit eeterlikke \u00f5lisid mahuga 5 ml ja nende segud:\n<ol>\n<li>Lavendel<\/li>\n<li>Sidrun<\/li>\n<li>Piparm\u00fcnti<\/li>\n<li>Teepuu<\/li>\n<li>Pune<\/li>\n<li>Boswellia<\/li>\n<li>S\u00fcgav sinine\u2122<\/li>\n<li>doTERRA \u00f5hk\u2122<\/li>\n<li>ZenGest\u2122<\/li>\n<li>Valvel\u2122<\/li>\n<\/ol>\n<\/li>\n<\/ul>\n","protected":false},"featured_media":12530,"template":"","meta":{"site-sidebar-layout":"default","site-content-layout":"default","ast-site-content-layout":"default","site-content-style":"default","site-sidebar-style":"default","ast-global-header-display":"","ast-banner-title-visibility":"","ast-main-header-display":"","ast-hfb-above-header-display":"","ast-hfb-below-header-display":"","ast-hfb-mobile-header-display":"","site-post-title":"","ast-breadcrumbs-content":"","ast-featured-img":"","footer-sml-layout":"","ast-disable-related-posts":"","theme-transparent-header-meta":"default","adv-header-id-meta":"","stick-header-meta":"","header-above-stick-meta":"","header-main-stick-meta":"","header-below-stick-meta":"","astra-migrate-meta-layouts":"default","ast-page-background-enabled":"default","ast-page-background-meta":{"desktop":{"background-color":"","background-image":"","background-repeat":"repeat","background-position":"center center","background-size":"auto","background-attachment":"scroll","background-type":"","background-media":"","overlay-type":"","overlay-color":"","overlay-opacity":"","overlay-gradient":""},"tablet":{"background-color":"","background-image":"","background-repeat":"repeat","background-position":"center center","background-size":"auto","background-attachment":"scroll","background-type":"","background-media":"","overlay-type":"","overlay-color":"","overlay-opacity":"","overlay-gradient":""},"mobile":{"background-color":"","background-image":"","background-repeat":"repeat","background-position":"center center","background-size":"auto","background-attachment":"scroll","background-type":"","background-media":"","overlay-type":"","overlay-color":"","overlay-opacity":"","overlay-gradient":""}},"ast-content-background-meta":{"desktop":{"background-color":"var(--ast-global-color-5)","background-image":"","background-repeat":"repeat","background-position":"center center","background-size":"auto","background-attachment":"scroll","background-type":"","background-media":"","overlay-type":"","overlay-color":"","overlay-opacity":"","overlay-gradient":""},"tablet":{"background-color":"var(--ast-global-color-5)","background-image":"","background-repeat":"repeat","background-position":"center center","background-size":"auto","background-attachment":"scroll","background-type":"","background-media":"","overlay-type":"","overlay-color":"","overlay-opacity":"","overlay-gradient":""},"mobile":{"background-color":"var(--ast-global-color-5)","background-image":"","background-repeat":"repeat","background-position":"center center","background-size":"auto","background-attachment":"scroll","background-type":"","background-media":"","overlay-type":"","overlay-color":"","overlay-opacity":"","overlay-gradient":""}}},"product_brand":[],"product_cat":[1683,1701,1699,1708,1756,1737,1746,1705,1759,1753],"product_tag":[712,715,1534,1532,1485,1556,1597],"class_list":{"0":"post-16256","1":"product","2":"type-product","3":"status-publish","4":"has-post-thumbnail","6":"product_cat-deep-blue-tooted","7":"product_cat-eeterlike-olide-segud","8":"product_cat-eeterlikud-olid","9":"product_cat-komplektid-ja-kollektsioonid","10":"product_cat-lastele","11":"product_cat-magamiseks","12":"product_cat-on-guard-tooted","13":"product_cat-puhtad-eeterlikud-olid","14":"product_cat-seedimine","15":"product_cat-stressi-juhtimine","16":"product_tag-5-ml-et-2","17":"product_tag-5ml-et-2","18":"product_tag-eeterliku-oli-segu","19":"product_tag-eeterlikud-olid","20":"product_tag-family-essentials-et","21":"product_tag-kollektsioonid","22":"product_tag-komplektid","23":"desktop-align-left","24":"tablet-align-left","25":"mobile-align-left","27":"first","28":"instock","29":"sale","30":"taxable","31":"shipping-taxable","32":"purchasable","33":"product-type-simple"},"_links":{"self":[{"href":"https:\/\/mamaterra.lt\/et\/wp-json\/wp\/v2\/product\/16256","targetHints":{"allow":["GET"]}}],"collection":[{"href":"https:\/\/mamaterra.lt\/et\/wp-json\/wp\/v2\/product"}],"about":[{"href":"https:\/\/mamaterra.lt\/et\/wp-json\/wp\/v2\/types\/product"}],"wp:featuredmedia":[{"embeddable":true,"href":"https:\/\/mamaterra.lt\/et\/wp-json\/wp\/v2\/media\/12530"}],"wp:attachment":[{"href":"https:\/\/mamaterra.lt\/et\/wp-json\/wp\/v2\/media?parent=16256"}],"wp:term":[{"taxonomy":"product_brand","embeddable":true,"href":"https:\/\/mamaterra.lt\/et\/wp-json\/wp\/v2\/product_brand?post=16256"},{"taxonomy":"product_cat","embeddable":true,"href":"https:\/\/mamaterra.lt\/et\/wp-json\/wp\/v2\/product_cat?post=16256"},{"taxonomy":"product_tag","embeddable":true,"href":"https:\/\/mamaterra.lt\/et\/wp-json\/wp\/v2\/product_tag?post=16256"}],"curies":[{"name":"wp","href":"https:\/\/api.w.org\/{rel}","templated":true}]}}