{"id":16240,"date":"2021-04-19T08:09:21","date_gmt":"2021-04-19T07:09:21","guid":{"rendered":"https:\/\/mamaterra.lt\/parduotuve\/maaratlemata\/roos-rose-touch-doterra-eeterlike-olide-segu-10ml\/"},"modified":"2024-02-23T22:14:46","modified_gmt":"2024-02-23T21:14:46","slug":"roos-touch-doterra-eeterlik-oli-segu-10ml","status":"publish","type":"product","link":"https:\/\/mamaterra.lt\/et\/parduotuve\/eeterlikud-olid\/eeterlike-olide-segud\/roos-touch-doterra-eeterlik-oli-segu-10ml\/","title":{"rendered":"Roos (ROSE TOUCH) doTERRA eeterlike \u00f5lide segu 10ml"},"content":{"rendered":"<p><strong>Rose Touch doTERRA eeterlike \u00f5lide segu<\/strong><\/p>\n<p>10 ml pudel kuuli aplikaatoriga<\/p>\n<p>&nbsp;<\/p>\n<p><strong>Rose Touch doTERRA eeterlike \u00f5lide segu kirjeldus ja koostisosad:<\/strong><\/p>\n<p>doTERRA Rose Touch v\u00f5imaldab teil nautida roosi eeterliku \u00f5li tugevaid eeliseid mugavas palli aplikaatoriga pudelis. Seda segu saate kasutada kogu p\u00e4eva jooksul, et parandada oma meeleolu v\u00f5i osana nahahooldusrutiinist, et muuta nahk terveks.<\/p>\n<ul>\n<li>Emotsionaalselt meeli\u00fclendav<\/li>\n<li>S\u00e4ilitab nahas \u00f5ige niiskustasakaalu<\/li>\n<li>Annab nahale \u00fchtlase varju ja terve v\u00e4limuse<\/li>\n<\/ul>\n<p>&nbsp;<\/p>\n<p>Rohkem infot <strong>roosi (ROSE TOUCH) doTERRA<\/strong><strong>eeterlike \u00f5lide segu<\/strong> kohta leiad allolevast videost.<\/p>\n<p><iframe title=\"doTERRA Rose Touch (t\u00f5lgitud subtiitrid)\" src=\"https:\/\/www.youtube.com\/embed\/ikQYvXgTiJA\" width=\"942\" height=\"530\" frameborder=\"0\" allowfullscreen=\"allowfullscreen\"><\/iframe><\/p>\n","protected":false},"excerpt":{"rendered":"<ul>\n<li>Emotsionaalselt meeli\u00fclendav<\/li>\n<li>S\u00e4ilitab nahas \u00f5ige niiskustasakaalu<\/li>\n<li>Annab nahale \u00fchtlase varju ja terve v\u00e4limuse<\/li>\n<li><strong>23. &#8211; 29. veebruar 2024 saate 15ml Geraniumi kingituseks.<\/strong><\/li>\n<\/ul>\n","protected":false},"featured_media":12524,"template":"","meta":{"site-sidebar-layout":"default","site-content-layout":"default","ast-site-content-layout":"default","site-content-style":"default","site-sidebar-style":"default","ast-global-header-display":"","ast-banner-title-visibility":"","ast-main-header-display":"","ast-hfb-above-header-display":"","ast-hfb-below-header-display":"","ast-hfb-mobile-header-display":"","site-post-title":"","ast-breadcrumbs-content":"","ast-featured-img":"","footer-sml-layout":"","ast-disable-related-posts":"","theme-transparent-header-meta":"default","adv-header-id-meta":"","stick-header-meta":"","header-above-stick-meta":"","header-main-stick-meta":"","header-below-stick-meta":"","astra-migrate-meta-layouts":"set","ast-page-background-enabled":"default","ast-page-background-meta":{"desktop":{"background-color":"","background-image":"","background-repeat":"repeat","background-position":"center center","background-size":"auto","background-attachment":"scroll","background-type":"","background-media":"","overlay-type":"","overlay-color":"","overlay-opacity":"","overlay-gradient":""},"tablet":{"background-color":"","background-image":"","background-repeat":"repeat","background-position":"center center","background-size":"auto","background-attachment":"scroll","background-type":"","background-media":"","overlay-type":"","overlay-color":"","overlay-opacity":"","overlay-gradient":""},"mobile":{"background-color":"","background-image":"","background-repeat":"repeat","background-position":"center center","background-size":"auto","background-attachment":"scroll","background-type":"","background-media":"","overlay-type":"","overlay-color":"","overlay-opacity":"","overlay-gradient":""}},"ast-content-background-meta":{"desktop":{"background-color":"var(--ast-global-color-5)","background-image":"","background-repeat":"repeat","background-position":"center center","background-size":"auto","background-attachment":"scroll","background-type":"","background-media":"","overlay-type":"","overlay-color":"","overlay-opacity":"","overlay-gradient":""},"tablet":{"background-color":"var(--ast-global-color-5)","background-image":"","background-repeat":"repeat","background-position":"center center","background-size":"auto","background-attachment":"scroll","background-type":"","background-media":"","overlay-type":"","overlay-color":"","overlay-opacity":"","overlay-gradient":""},"mobile":{"background-color":"var(--ast-global-color-5)","background-image":"","background-repeat":"repeat","background-position":"center center","background-size":"auto","background-attachment":"scroll","background-type":"","background-media":"","overlay-type":"","overlay-color":"","overlay-opacity":"","overlay-gradient":""}}},"product_brand":[],"product_cat":[1701,1699],"product_tag":[721,1534,1007],"class_list":{"0":"post-16240","1":"product","2":"type-product","3":"status-publish","4":"has-post-thumbnail","6":"product_cat-eeterlike-olide-segud","7":"product_cat-eeterlikud-olid","8":"product_tag-10-ml-et","9":"product_tag-eeterliku-oli-segu","10":"product_tag-rose-touch-et","11":"desktop-align-left","12":"tablet-align-left","13":"mobile-align-left","15":"first","16":"instock","17":"sale","18":"taxable","19":"shipping-taxable","20":"purchasable","21":"product-type-simple"},"_links":{"self":[{"href":"https:\/\/mamaterra.lt\/et\/wp-json\/wp\/v2\/product\/16240","targetHints":{"allow":["GET"]}}],"collection":[{"href":"https:\/\/mamaterra.lt\/et\/wp-json\/wp\/v2\/product"}],"about":[{"href":"https:\/\/mamaterra.lt\/et\/wp-json\/wp\/v2\/types\/product"}],"wp:featuredmedia":[{"embeddable":true,"href":"https:\/\/mamaterra.lt\/et\/wp-json\/wp\/v2\/media\/12524"}],"wp:attachment":[{"href":"https:\/\/mamaterra.lt\/et\/wp-json\/wp\/v2\/media?parent=16240"}],"wp:term":[{"taxonomy":"product_brand","embeddable":true,"href":"https:\/\/mamaterra.lt\/et\/wp-json\/wp\/v2\/product_brand?post=16240"},{"taxonomy":"product_cat","embeddable":true,"href":"https:\/\/mamaterra.lt\/et\/wp-json\/wp\/v2\/product_cat?post=16240"},{"taxonomy":"product_tag","embeddable":true,"href":"https:\/\/mamaterra.lt\/et\/wp-json\/wp\/v2\/product_tag?post=16240"}],"curies":[{"name":"wp","href":"https:\/\/api.w.org\/{rel}","templated":true}]}}