{"id":16239,"date":"2021-04-19T08:19:47","date_gmt":"2021-04-19T07:19:47","guid":{"rendered":"https:\/\/mamaterra.lt\/parduotuve\/maaratlemata\/eeterlike-olide-komplekt-doterra-eeterlikud-aromaatsed-ained-6-erinevat-eeterlike-olide-segu-5ml\/"},"modified":"2021-04-19T08:19:47","modified_gmt":"2021-04-19T07:19:47","slug":"eeterlik-oli-komplekt-doterra-essentsiaalne-aromaatne-6-erinev-eeterlik-oli-segud-x-5ml","status":"publish","type":"product","link":"https:\/\/mamaterra.lt\/et\/parduotuve\/eeterlikud-olid\/eeterlike-olide-segud\/eeterlik-oli-komplekt-doterra-essentsiaalne-aromaatne-6-erinev-eeterlik-oli-segud-x-5ml\/","title":{"rendered":"Eeterlike \u00f5lide komplekt doTERRA eeterlikud aromaatsed ained\u2122 (6 erinevat eeterlike \u00f5lide segu 5ml)"},"content":{"rendered":"<p><strong>Eeterlike \u00f5lide komplekt doTERRA ESSENTIAL AROMATICS\u2122<\/strong><\/p>\n<p>6 erinevat eeterlike \u00f5lide segu 5ml<\/p>\n<p>&nbsp;<\/p>\n<p><strong>Eeterlike \u00f5lide komplekti doTERRA oluliste aromaatsete ainete\u2122 kirjeldus ja koostis:<\/strong><\/p>\n<p>Kasutades seda patenteeritud eeterlike \u00f5lide segude rida, mis peegeldab kuut emotsionaalse heaolu kategooriat, muutub emotsioonide juhtimine aromaatsel viisil lihtsaks ja k\u00f5igile k\u00e4ttesaadavaks.<\/p>\n<p>Iga \u00f5rn segu koosneb CPTG sertifitseeritud puhta testitud kvaliteediga\u2122 eeterlikest \u00f5lidest, mida saab kasutada aromaatselt v\u00f5i v\u00e4liselt ning mis aitavad s\u00e4ilitada tasakaalu ja heledamaks muuta teie muutuvat meeleolu.<\/p>\n<p>Vaid m\u00f5ni tilk neid looduslikke kompleksseid l\u00f5hnasegusid v\u00f5ib p\u00f5hjustada s\u00fcgavaid emotsionaalseid reaktsioone, mis aitavad teil koormast vabaneda, lohutust ja julgustust leida v\u00f5i inspireerida teid uuesti kirglikult unistama.<\/p>\n<ul>\n<li><strong>Kuus pudelit eeterlikke \u00f5lisid ja nende segusid mahus 5 ml:<\/strong>\n<ol>\n<li>doTERRA motiveerida\u2122<\/li>\n<li>doTERRA Cheer\u2122<\/li>\n<li>doTERRA kirg\u2122<\/li>\n<li>doTERRA Andesta\u2122<\/li>\n<li>doTERRA konsool\u2122<\/li>\n<li>doTERRA rahu\u2122<\/li>\n<\/ol>\n<\/li>\n<\/ul>\n<p>&nbsp;<\/p>\n<p>Lisateavet <strong>doTERRA ESSENTIAL AROMATICS\u2122 eeterlike \u00f5lide komplekti <\/strong>kohta leiate allolevast videost.<\/p>\n<p><iframe title=\"doTERRA Europe - oluliste aromaatsete ainete hajuskomplekt (t\u00f5lgitud subtiitrid)\" src=\"https:\/\/www.youtube.com\/embed\/4366lx1xlMw\" width=\"942\" height=\"530\" frameborder=\"0\" allowfullscreen=\"allowfullscreen\"><\/iframe><\/p>\n","protected":false},"excerpt":{"rendered":"<ul>\n<li>Kuus pudelit eeterlikke \u00f5lisid ja nende segusid mahus 5 ml:\n<ol>\n<li>doTERRA motiveerida\u2122<\/li>\n<li>doTERRA Cheer\u2122<\/li>\n<li>doTERRA kirg\u2122<\/li>\n<li>doTERRA Andesta\u2122<\/li>\n<li>doTERRA konsool\u2122<\/li>\n<li>doTERRA rahu\u2122<\/li>\n<\/ol>\n<\/li>\n<\/ul>\n","protected":false},"featured_media":12344,"template":"","meta":{"site-sidebar-layout":"default","site-content-layout":"default","ast-site-content-layout":"default","site-content-style":"default","site-sidebar-style":"default","ast-global-header-display":"","ast-banner-title-visibility":"","ast-main-header-display":"","ast-hfb-above-header-display":"","ast-hfb-below-header-display":"","ast-hfb-mobile-header-display":"","site-post-title":"","ast-breadcrumbs-content":"","ast-featured-img":"","footer-sml-layout":"","ast-disable-related-posts":"","theme-transparent-header-meta":"default","adv-header-id-meta":"","stick-header-meta":"","header-above-stick-meta":"","header-main-stick-meta":"","header-below-stick-meta":"","astra-migrate-meta-layouts":"default","ast-page-background-enabled":"default","ast-page-background-meta":{"desktop":{"background-color":"","background-image":"","background-repeat":"repeat","background-position":"center center","background-size":"auto","background-attachment":"scroll","background-type":"","background-media":"","overlay-type":"","overlay-color":"","overlay-opacity":"","overlay-gradient":""},"tablet":{"background-color":"","background-image":"","background-repeat":"repeat","background-position":"center center","background-size":"auto","background-attachment":"scroll","background-type":"","background-media":"","overlay-type":"","overlay-color":"","overlay-opacity":"","overlay-gradient":""},"mobile":{"background-color":"","background-image":"","background-repeat":"repeat","background-position":"center center","background-size":"auto","background-attachment":"scroll","background-type":"","background-media":"","overlay-type":"","overlay-color":"","overlay-opacity":"","overlay-gradient":""}},"ast-content-background-meta":{"desktop":{"background-color":"var(--ast-global-color-5)","background-image":"","background-repeat":"repeat","background-position":"center center","background-size":"auto","background-attachment":"scroll","background-type":"","background-media":"","overlay-type":"","overlay-color":"","overlay-opacity":"","overlay-gradient":""},"tablet":{"background-color":"var(--ast-global-color-5)","background-image":"","background-repeat":"repeat","background-position":"center center","background-size":"auto","background-attachment":"scroll","background-type":"","background-media":"","overlay-type":"","overlay-color":"","overlay-opacity":"","overlay-gradient":""},"mobile":{"background-color":"var(--ast-global-color-5)","background-image":"","background-repeat":"repeat","background-position":"center center","background-size":"auto","background-attachment":"scroll","background-type":"","background-media":"","overlay-type":"","overlay-color":"","overlay-opacity":"","overlay-gradient":""}}},"product_brand":[],"product_cat":[1701,1699,1708],"product_tag":[715,867,1521,1534,1490,1556,1597,1478,1454,1451],"class_list":{"0":"post-16239","1":"product","2":"type-product","3":"status-publish","4":"has-post-thumbnail","6":"product_cat-eeterlike-olide-segud","7":"product_cat-eeterlikud-olid","8":"product_cat-komplektid-ja-kollektsioonid","9":"product_tag-5ml-et-2","10":"product_tag-cheer-et","11":"product_tag-console-et","12":"product_tag-eeterliku-oli-segu","13":"product_tag-forgive-et","14":"product_tag-kollektsioonid","15":"product_tag-komplektid","16":"product_tag-motivat-et","17":"product_tag-passion-et","18":"product_tag-peace-et","19":"desktop-align-left","20":"tablet-align-left","21":"mobile-align-left","23":"first","24":"instock","25":"sale","26":"taxable","27":"shipping-taxable","28":"purchasable","29":"product-type-simple"},"_links":{"self":[{"href":"https:\/\/mamaterra.lt\/et\/wp-json\/wp\/v2\/product\/16239","targetHints":{"allow":["GET"]}}],"collection":[{"href":"https:\/\/mamaterra.lt\/et\/wp-json\/wp\/v2\/product"}],"about":[{"href":"https:\/\/mamaterra.lt\/et\/wp-json\/wp\/v2\/types\/product"}],"wp:featuredmedia":[{"embeddable":true,"href":"https:\/\/mamaterra.lt\/et\/wp-json\/wp\/v2\/media\/12344"}],"wp:attachment":[{"href":"https:\/\/mamaterra.lt\/et\/wp-json\/wp\/v2\/media?parent=16239"}],"wp:term":[{"taxonomy":"product_brand","embeddable":true,"href":"https:\/\/mamaterra.lt\/et\/wp-json\/wp\/v2\/product_brand?post=16239"},{"taxonomy":"product_cat","embeddable":true,"href":"https:\/\/mamaterra.lt\/et\/wp-json\/wp\/v2\/product_cat?post=16239"},{"taxonomy":"product_tag","embeddable":true,"href":"https:\/\/mamaterra.lt\/et\/wp-json\/wp\/v2\/product_tag?post=16239"}],"curies":[{"name":"wp","href":"https:\/\/api.w.org\/{rel}","templated":true}]}}