{"id":16234,"date":"2021-04-19T08:26:48","date_gmt":"2021-04-19T07:26:48","guid":{"rendered":"https:\/\/mamaterra.lt\/parduotuve\/maaratlemata\/eeterlike-olide-komplekt-doterra-aromatouch-tehnika-8-erinevat-eeterlikku-oli\/"},"modified":"2021-04-19T08:26:48","modified_gmt":"2021-04-19T07:26:48","slug":"eeterlik-oli-komplekt-doterra-aromatouch-tehnika-8-erinevad-eeterlikud-olid","status":"publish","type":"product","link":"https:\/\/mamaterra.lt\/et\/parduotuve\/eeterlikud-olid\/komplektid-ja-kollektsioonid\/eeterlik-oli-komplekt-doterra-aromatouch-tehnika-8-erinevad-eeterlikud-olid\/","title":{"rendered":"Eeterlike \u00f5lide komplekt doTERRA AROMATOUCH TEHNIKA\u2122 (8 erinevat eeterlikku \u00f5li)"},"content":{"rendered":"<p><strong>Eeterlike \u00f5lide komplekt doTERRA AROMATOUCH TEHNIKA\u2122 (8 erinevat eeterlikku \u00f5li)<\/strong><\/p>\n<p>8 eeterlikku \u00f5li 5ml ja fraktsioneeritud doTERRA kookos\u00f5li (115ml)<\/p>\n<p>&nbsp;<\/p>\n<p><strong>DOTERRA Aromatouch Technique\u2122 eeterlike \u00f5lide komplekt sisaldab:<\/strong><\/p>\n<ol>\n<li>Fraktsioneeritud <strong>doTERRA kookos\u00f5li<\/strong> (115ml).<\/li>\n<li>AromaTouch Technique esitluskast.<\/li>\n<li>doTERRA <strong>Petal 2.0 difuusor.<\/strong><\/li>\n<li>8 erinevat <strong>doTERRA eeterlikku \u00f5li ja eeterlike \u00f5lide segu, iga\u00fcks 5ml<\/strong> :\n<ul>\n<li style=\"list-style-type: none;\">\n<ul>\n<li>Lavendli eeterlik \u00f5li<\/li>\n<li>OnGuard eeterlike \u00f5lide segu<\/li>\n<li>Teepuu (MELALEUCA) eeterlik \u00f5li<\/li>\n<li>S\u00fcgavsinise eeterliku \u00f5li segu<\/li>\n<li>Piparm\u00fcndi eeterlik \u00f5li<\/li>\n<li>Loodusliku apelsini eeterlik \u00f5li<\/li>\n<li>doTERRA balance eeterlike \u00f5lide segu<\/li>\n<li>AromaTouch eeterlike \u00f5lide segu<\/li>\n<\/ul>\n<\/li>\n<\/ul>\n<\/li>\n<\/ol>\n<p>Suurendage CPTG\u2122 eeterlike \u00f5lide kasutamise eeliseid, lisades aroomipuudutuse tehnika oma terviserituaalidesse.<\/p>\n<p>&nbsp;<\/p>\n<p><strong>DoTERRA AROMATOUCH TECHNIQUE\u2122 eeterlike \u00f5lide komplekti<\/strong> kohta lisateabe saamiseks vaadake allolevat videot.<\/p>\n<p><iframe title=\"DoTERRA AromaTouchi tehnika\" src=\"https:\/\/www.youtube.com\/embed\/hPKWOfzussk\" width=\"853\" height=\"480\" frameborder=\"0\" allowfullscreen=\"allowfullscreen\"><\/iframe><\/p>\n","protected":false},"excerpt":{"rendered":"<ul>\n<li>Kaheksa CPTG doTERRA eeterlikku \u00f5li, mida kasutatakse aromatouch tehnikas 5 ml pudelites<\/li>\n<li>AromaTouch Technique esitluskast<\/li>\n<li>Ostes selle komplekti, saad ka doTERRA fraktsioneeritud kookos\u00f5li<\/li>\n<li>doTERRA Petal 2.0 hajuti<\/li>\n<\/ul>\n","protected":false},"featured_media":12536,"template":"","meta":{"site-sidebar-layout":"default","site-content-layout":"default","ast-site-content-layout":"default","site-content-style":"default","site-sidebar-style":"default","ast-global-header-display":"","ast-banner-title-visibility":"","ast-main-header-display":"","ast-hfb-above-header-display":"","ast-hfb-below-header-display":"","ast-hfb-mobile-header-display":"","site-post-title":"","ast-breadcrumbs-content":"","ast-featured-img":"","footer-sml-layout":"","ast-disable-related-posts":"","theme-transparent-header-meta":"default","adv-header-id-meta":"","stick-header-meta":"","header-above-stick-meta":"","header-main-stick-meta":"","header-below-stick-meta":"","astra-migrate-meta-layouts":"default","ast-page-background-enabled":"default","ast-page-background-meta":{"desktop":{"background-color":"","background-image":"","background-repeat":"repeat","background-position":"center center","background-size":"auto","background-attachment":"scroll","background-type":"","background-media":"","overlay-type":"","overlay-color":"","overlay-opacity":"","overlay-gradient":""},"tablet":{"background-color":"","background-image":"","background-repeat":"repeat","background-position":"center center","background-size":"auto","background-attachment":"scroll","background-type":"","background-media":"","overlay-type":"","overlay-color":"","overlay-opacity":"","overlay-gradient":""},"mobile":{"background-color":"","background-image":"","background-repeat":"repeat","background-position":"center center","background-size":"auto","background-attachment":"scroll","background-type":"","background-media":"","overlay-type":"","overlay-color":"","overlay-opacity":"","overlay-gradient":""}},"ast-content-background-meta":{"desktop":{"background-color":"var(--ast-global-color-5)","background-image":"","background-repeat":"repeat","background-position":"center center","background-size":"auto","background-attachment":"scroll","background-type":"","background-media":"","overlay-type":"","overlay-color":"","overlay-opacity":"","overlay-gradient":""},"tablet":{"background-color":"var(--ast-global-color-5)","background-image":"","background-repeat":"repeat","background-position":"center center","background-size":"auto","background-attachment":"scroll","background-type":"","background-media":"","overlay-type":"","overlay-color":"","overlay-opacity":"","overlay-gradient":""},"mobile":{"background-color":"var(--ast-global-color-5)","background-image":"","background-repeat":"repeat","background-position":"center center","background-size":"auto","background-attachment":"scroll","background-type":"","background-media":"","overlay-type":"","overlay-color":"","overlay-opacity":"","overlay-gradient":""}}},"product_brand":[],"product_cat":[1699,1708,1734],"product_tag":[715,1532,1556,1597,1576],"class_list":{"0":"post-16234","1":"product","2":"type-product","3":"status-publish","4":"has-post-thumbnail","6":"product_cat-eeterlikud-olid","7":"product_cat-komplektid-ja-kollektsioonid","8":"product_cat-massaaz","9":"product_tag-5ml-et-2","10":"product_tag-eeterlikud-olid","11":"product_tag-kollektsioonid","12":"product_tag-komplektid","13":"product_tag-toidulisandid","14":"desktop-align-left","15":"tablet-align-left","16":"mobile-align-left","18":"first","19":"instock","20":"taxable","21":"shipping-taxable","22":"purchasable","23":"product-type-simple"},"_links":{"self":[{"href":"https:\/\/mamaterra.lt\/et\/wp-json\/wp\/v2\/product\/16234","targetHints":{"allow":["GET"]}}],"collection":[{"href":"https:\/\/mamaterra.lt\/et\/wp-json\/wp\/v2\/product"}],"about":[{"href":"https:\/\/mamaterra.lt\/et\/wp-json\/wp\/v2\/types\/product"}],"wp:featuredmedia":[{"embeddable":true,"href":"https:\/\/mamaterra.lt\/et\/wp-json\/wp\/v2\/media\/12536"}],"wp:attachment":[{"href":"https:\/\/mamaterra.lt\/et\/wp-json\/wp\/v2\/media?parent=16234"}],"wp:term":[{"taxonomy":"product_brand","embeddable":true,"href":"https:\/\/mamaterra.lt\/et\/wp-json\/wp\/v2\/product_brand?post=16234"},{"taxonomy":"product_cat","embeddable":true,"href":"https:\/\/mamaterra.lt\/et\/wp-json\/wp\/v2\/product_cat?post=16234"},{"taxonomy":"product_tag","embeddable":true,"href":"https:\/\/mamaterra.lt\/et\/wp-json\/wp\/v2\/product_tag?post=16234"}],"curies":[{"name":"wp","href":"https:\/\/api.w.org\/{rel}","templated":true}]}}