{"id":16230,"date":"2021-04-19T08:31:04","date_gmt":"2021-04-19T07:31:04","guid":{"rendered":"https:\/\/mamaterra.lt\/parduotuve\/maaratlemata\/doterra-hajuti-petal-2-0\/"},"modified":"2021-04-19T08:31:04","modified_gmt":"2021-04-19T07:31:04","slug":"doterra-hajuti-kroonleht-2-0","status":"publish","type":"product","link":"https:\/\/mamaterra.lt\/et\/parduotuve\/hajutid\/doterra-hajuti-kroonleht-2-0\/","title":{"rendered":"doTERRA hajuti PETAL 2.0"},"content":{"rendered":"<p><strong>doTERRA Petal 2.0 hajuti<\/strong><\/p>\n<p>doTERRA kroonlehtede hajuti on v\u00e4ike ja h\u00f5lpsasti kasutatav hajuti, millel on mitmeid eeliseid. See mugav hajuti on stabiilne, kerge, lihtne kasutada.<\/p>\n<ul>\n<li>Kroonlehed 2.0 ultraheli difuusor<\/li>\n<li>Valikuline LED-valgustus<\/li>\n<li>2 ja 6 tundi pidevat t\u00f6\u00f6tamist ja 12 tundi vahelduvat t\u00f6\u00f6tamist (5 minutit sisse, 5 minutit v\u00e4lja) aurustamisseaded<\/li>\n<li>\u00c4\u00e4rmiselt kerge aur, mis katab kuni 33 m2 pinda<\/li>\n<\/ul>\n<p>&nbsp;<\/p>\n<p>Vaadake videot, kuidas kasutada kroonlehe 2.0 hajutit nende eeterlike \u00f5lidega.<\/p>\n<p><iframe title=\"YouTube'i videopleier\" src=\"https:\/\/www.youtube-nocookie.com\/embed\/OmkVmTKdqbc\" width=\"560\" height=\"315\" frameborder=\"0\" allowfullscreen=\"allowfullscreen\"><\/iframe><\/p>\n","protected":false},"excerpt":{"rendered":"<ul>\n<li>Kroonleht 2.0 &#8211; ultraheli hajuti<\/li>\n<li>Valikuline LED-valgustus<\/li>\n<li>2 ja 6 tundi pidevat t\u00f6\u00f6tamist ja 12 tundi vahelduvat t\u00f6\u00f6tamist (5 minutit sisse, 5 minutit v\u00e4lja) aurustamisseaded<\/li>\n<li>\u00c4\u00e4rmiselt kerge aur, mis katab kuni 33 m2 pinda<\/li>\n<li>\n<\/li>\n<\/ul>\n<div id=\"gtx-trans\" style=\"position: absolute; left: -46px; top: -3px;\">\n<div class=\"gtx-trans-icon\"><\/div>\n<\/div>\n","protected":false},"featured_media":12416,"template":"","meta":{"site-sidebar-layout":"default","site-content-layout":"default","ast-site-content-layout":"default","site-content-style":"default","site-sidebar-style":"default","ast-global-header-display":"","ast-banner-title-visibility":"","ast-main-header-display":"","ast-hfb-above-header-display":"","ast-hfb-below-header-display":"","ast-hfb-mobile-header-display":"","site-post-title":"","ast-breadcrumbs-content":"","ast-featured-img":"","footer-sml-layout":"","ast-disable-related-posts":"","theme-transparent-header-meta":"default","adv-header-id-meta":"","stick-header-meta":"","header-above-stick-meta":"","header-main-stick-meta":"","header-below-stick-meta":"","astra-migrate-meta-layouts":"default","ast-page-background-enabled":"default","ast-page-background-meta":{"desktop":{"background-color":"","background-image":"","background-repeat":"repeat","background-position":"center center","background-size":"auto","background-attachment":"scroll","background-type":"","background-media":"","overlay-type":"","overlay-color":"","overlay-opacity":"","overlay-gradient":""},"tablet":{"background-color":"","background-image":"","background-repeat":"repeat","background-position":"center center","background-size":"auto","background-attachment":"scroll","background-type":"","background-media":"","overlay-type":"","overlay-color":"","overlay-opacity":"","overlay-gradient":""},"mobile":{"background-color":"","background-image":"","background-repeat":"repeat","background-position":"center center","background-size":"auto","background-attachment":"scroll","background-type":"","background-media":"","overlay-type":"","overlay-color":"","overlay-opacity":"","overlay-gradient":""}},"ast-content-background-meta":{"desktop":{"background-color":"var(--ast-global-color-5)","background-image":"","background-repeat":"repeat","background-position":"center center","background-size":"auto","background-attachment":"scroll","background-type":"","background-media":"","overlay-type":"","overlay-color":"","overlay-opacity":"","overlay-gradient":""},"tablet":{"background-color":"var(--ast-global-color-5)","background-image":"","background-repeat":"repeat","background-position":"center center","background-size":"auto","background-attachment":"scroll","background-type":"","background-media":"","overlay-type":"","overlay-color":"","overlay-opacity":"","overlay-gradient":""},"mobile":{"background-color":"var(--ast-global-color-5)","background-image":"","background-repeat":"repeat","background-position":"center center","background-size":"auto","background-attachment":"scroll","background-type":"","background-media":"","overlay-type":"","overlay-color":"","overlay-opacity":"","overlay-gradient":""}}},"product_brand":[],"product_cat":[1687,1753],"product_tag":[1550,1526,1537,1446],"class_list":{"0":"post-16230","1":"product","2":"type-product","3":"status-publish","4":"has-post-thumbnail","6":"product_cat-hajutid","7":"product_cat-stressi-juhtimine","8":"product_tag-aroomiteraapia","9":"product_tag-hajuti","10":"product_tag-niisutus","11":"product_tag-petal-2-0-et","12":"desktop-align-left","13":"tablet-align-left","14":"mobile-align-left","16":"first","17":"instock","18":"taxable","19":"shipping-taxable","20":"purchasable","21":"product-type-simple"},"_links":{"self":[{"href":"https:\/\/mamaterra.lt\/et\/wp-json\/wp\/v2\/product\/16230","targetHints":{"allow":["GET"]}}],"collection":[{"href":"https:\/\/mamaterra.lt\/et\/wp-json\/wp\/v2\/product"}],"about":[{"href":"https:\/\/mamaterra.lt\/et\/wp-json\/wp\/v2\/types\/product"}],"wp:featuredmedia":[{"embeddable":true,"href":"https:\/\/mamaterra.lt\/et\/wp-json\/wp\/v2\/media\/12416"}],"wp:attachment":[{"href":"https:\/\/mamaterra.lt\/et\/wp-json\/wp\/v2\/media?parent=16230"}],"wp:term":[{"taxonomy":"product_brand","embeddable":true,"href":"https:\/\/mamaterra.lt\/et\/wp-json\/wp\/v2\/product_brand?post=16230"},{"taxonomy":"product_cat","embeddable":true,"href":"https:\/\/mamaterra.lt\/et\/wp-json\/wp\/v2\/product_cat?post=16230"},{"taxonomy":"product_tag","embeddable":true,"href":"https:\/\/mamaterra.lt\/et\/wp-json\/wp\/v2\/product_tag?post=16230"}],"curies":[{"name":"wp","href":"https:\/\/api.w.org\/{rel}","templated":true}]}}