{"id":16225,"date":"2021-04-19T08:39:51","date_gmt":"2021-04-19T07:39:51","guid":{"rendered":"https:\/\/mamaterra.lt\/parduotuve\/maaratlemata\/doterra-deep-blue-polufenool-toidulisandite-kompleks-60-kapslit\/"},"modified":"2021-04-19T08:39:51","modified_gmt":"2021-04-19T07:39:51","slug":"doterra-sugav-sinine-polufenool-toidulisand-kompleks-60-kapsel","status":"publish","type":"product","link":"https:\/\/mamaterra.lt\/et\/parduotuve\/eeterlikud-olid\/doterra-sugav-sinine-polufenool-toidulisand-kompleks-60-kapsel\/","title":{"rendered":"doTERRA DEEP BLUE POL\u00dcFENOOL toidulisandite kompleks (60 kapslit)"},"content":{"rendered":"<p><strong>doTERRA DEEP BLUE POL\u00dcFENOOL toidulisandite kompleks<\/strong><\/p>\n<p>60 kapslit<\/p>\n<p>&nbsp;<\/p>\n<p><strong>doTERRA DEEP BLUE POL\u00dcFENOOL toidulisand Kompleks Peamised eelised:<\/strong><\/p>\n<p>Deep Blue\u2122 kaubam\u00e4rgi nimi on rahustava toe s\u00fcnon\u00fc\u00fcm. Kasutage seda kompleksi, et t\u00e4iendada nahahooldustoodete ja teiste Deep Blue sarja toodete eeliseid.<\/p>\n<ul>\n<li>Sisaldab boswellia, kurkumi, rohelise tee, ingveri, granaat\u00f5una ja viinamarjaseemnete pol\u00fcfenooliekstrakte<\/li>\n<li>V\u00f5ib kasutada koos Deep Blue Rub\u2122 v\u00f5i s\u00fcgavsinise valuvaigistiga<\/li>\n<li>Taimetoitlaste kapslid ei sisalda naatriumlaur\u00fc\u00fclsulfaati<\/li>\n<\/ul>\n<p>&nbsp;<\/p>\n<p>Vaadake videot selle <strong>doTERRA DEEP BLUE POLYPHENOL Supplement Complex kohta.<\/strong><\/p>\n<p><iframe title=\"S\u00fcgavsinine pol\u00fcfenoolide kompleks\u00ae\" src=\"https:\/\/www.youtube.com\/embed\/6LkaHS_Wf8I\" width=\"946\" height=\"532\" frameborder=\"0\" allowfullscreen=\"allowfullscreen\"><\/iframe><\/p>\n","protected":false},"excerpt":{"rendered":"<ul>\n<li>Sisaldab boswellia, kurkumi, rohelise tee, ingveri, granaat\u00f5una ja viinamarjaseemnete pol\u00fcfenooliekstrakte<\/li>\n<li>V\u00f5ib kasutada koos Deep Blue Rub\u2122 v\u00f5i s\u00fcgavsinise valuvaigistiga<\/li>\n<li>Taimetoitlaste kapslid ei sisalda naatriumlaur\u00fc\u00fclsulfaati<\/li>\n<\/ul>\n","protected":false},"featured_media":12860,"template":"","meta":{"site-sidebar-layout":"default","site-content-layout":"default","ast-site-content-layout":"default","site-content-style":"default","site-sidebar-style":"default","ast-global-header-display":"","ast-banner-title-visibility":"","ast-main-header-display":"","ast-hfb-above-header-display":"","ast-hfb-below-header-display":"","ast-hfb-mobile-header-display":"","site-post-title":"","ast-breadcrumbs-content":"","ast-featured-img":"","footer-sml-layout":"","ast-disable-related-posts":"","theme-transparent-header-meta":"default","adv-header-id-meta":"","stick-header-meta":"","header-above-stick-meta":"","header-main-stick-meta":"","header-below-stick-meta":"","astra-migrate-meta-layouts":"default","ast-page-background-enabled":"default","ast-page-background-meta":{"desktop":{"background-color":"","background-image":"","background-repeat":"repeat","background-position":"center center","background-size":"auto","background-attachment":"scroll","background-type":"","background-media":"","overlay-type":"","overlay-color":"","overlay-opacity":"","overlay-gradient":""},"tablet":{"background-color":"","background-image":"","background-repeat":"repeat","background-position":"center center","background-size":"auto","background-attachment":"scroll","background-type":"","background-media":"","overlay-type":"","overlay-color":"","overlay-opacity":"","overlay-gradient":""},"mobile":{"background-color":"","background-image":"","background-repeat":"repeat","background-position":"center center","background-size":"auto","background-attachment":"scroll","background-type":"","background-media":"","overlay-type":"","overlay-color":"","overlay-opacity":"","overlay-gradient":""}},"ast-content-background-meta":{"desktop":{"background-color":"var(--ast-global-color-5)","background-image":"","background-repeat":"repeat","background-position":"center center","background-size":"auto","background-attachment":"scroll","background-type":"","background-media":"","overlay-type":"","overlay-color":"","overlay-opacity":"","overlay-gradient":""},"tablet":{"background-color":"var(--ast-global-color-5)","background-image":"","background-repeat":"repeat","background-position":"center center","background-size":"auto","background-attachment":"scroll","background-type":"","background-media":"","overlay-type":"","overlay-color":"","overlay-opacity":"","overlay-gradient":""},"mobile":{"background-color":"var(--ast-global-color-5)","background-image":"","background-repeat":"repeat","background-position":"center center","background-size":"auto","background-attachment":"scroll","background-type":"","background-media":"","overlay-type":"","overlay-color":"","overlay-opacity":"","overlay-gradient":""}}},"product_brand":[],"product_cat":[1699],"product_tag":[1505],"class_list":{"0":"post-16225","1":"product","2":"type-product","3":"status-publish","4":"has-post-thumbnail","6":"product_cat-eeterlikud-olid","7":"product_tag-deep-blue-et","8":"desktop-align-left","9":"tablet-align-left","10":"mobile-align-left","12":"first","13":"instock","14":"sale","15":"taxable","16":"shipping-taxable","17":"purchasable","18":"product-type-simple"},"_links":{"self":[{"href":"https:\/\/mamaterra.lt\/et\/wp-json\/wp\/v2\/product\/16225","targetHints":{"allow":["GET"]}}],"collection":[{"href":"https:\/\/mamaterra.lt\/et\/wp-json\/wp\/v2\/product"}],"about":[{"href":"https:\/\/mamaterra.lt\/et\/wp-json\/wp\/v2\/types\/product"}],"wp:featuredmedia":[{"embeddable":true,"href":"https:\/\/mamaterra.lt\/et\/wp-json\/wp\/v2\/media\/12860"}],"wp:attachment":[{"href":"https:\/\/mamaterra.lt\/et\/wp-json\/wp\/v2\/media?parent=16225"}],"wp:term":[{"taxonomy":"product_brand","embeddable":true,"href":"https:\/\/mamaterra.lt\/et\/wp-json\/wp\/v2\/product_brand?post=16225"},{"taxonomy":"product_cat","embeddable":true,"href":"https:\/\/mamaterra.lt\/et\/wp-json\/wp\/v2\/product_cat?post=16225"},{"taxonomy":"product_tag","embeddable":true,"href":"https:\/\/mamaterra.lt\/et\/wp-json\/wp\/v2\/product_tag?post=16225"}],"curies":[{"name":"wp","href":"https:\/\/api.w.org\/{rel}","templated":true}]}}