{"id":16220,"date":"2021-04-19T08:35:56","date_gmt":"2021-04-19T07:35:56","guid":{"rendered":"https:\/\/mamaterra.lt\/parduotuve\/maaratlemata\/doterra-toidulisand-digestzen-gx-assist-36g\/"},"modified":"2024-11-28T17:54:46","modified_gmt":"2024-11-28T16:54:46","slug":"doterra-digestzen-gx-assist-36g","status":"publish","type":"product","link":"https:\/\/mamaterra.lt\/et\/parduotuve\/eeterlikud-olid\/doterra-digestzen-gx-assist-36g\/","title":{"rendered":"doTERRA DigestZen\u2122 GX Assist\u2122 36g"},"content":{"rendered":"<p><strong>doTERRA DigestZen\u2122 GX Assist\u2122<\/strong><\/p>\n<p>36g &#8211; 60 pehmet kapslit<\/p>\n<p>&nbsp;<\/p>\n<p><strong>doTERRA DigestZen\u2122 GX Assisti peamised eelised\u2122:<\/strong><\/p>\n<p>GX Assist on CPTG sertifitseeritud puhta testitud kvaliteediga\u2122 eeterlike \u00f5lide ja kapr\u00fc\u00fclhappe kombinatsioon. GX Assist on 10 p\u00e4eva, p\u00e4rast mida tuleb PB Assist\u2122+ v\u00f5tta 20 p\u00e4eva.<\/p>\n<ul>\n<li>Oregano, teepuu (m\u00fcrt), sidrunheina, sidrunheina, piparm\u00fcndi ja t\u00fc\u00fcmiani ning kapr\u00fc\u00fclhappe eeterlike \u00f5lidega<\/li>\n<li>Kaetud pehmetes kapslites<\/li>\n<\/ul>\n<p>&nbsp;<\/p>\n<p>Vaadake videot selle <strong>DigestZen\u2122 GX Assist\u2122 toidulisandi kohta.<\/strong><\/p>\n<p><iframe title=\"Tervisliku seedimise toetamine - doTERRA GX Assist &amp; PB Assist\u00ae+\" src=\"https:\/\/www.youtube.com\/embed\/dLJNVBZY87I\" width=\"946\" height=\"532\" frameborder=\"0\" allowfullscreen=\"allowfullscreen\"><\/iframe><\/p>\n","protected":false},"excerpt":{"rendered":"<ul>\n<li>Oregano, teepuu (m\u00fcrt), sidrunheina, sidrunheina, piparm\u00fcndi ja t\u00fc\u00fcmiani ning kapr\u00fc\u00fclhappe eeterlike \u00f5lidega*<\/li>\n<li>Kaetud pehmetes kapslites<\/li>\n<\/ul>\n","protected":false},"featured_media":12428,"template":"","meta":{"site-sidebar-layout":"default","site-content-layout":"default","ast-site-content-layout":"default","site-content-style":"default","site-sidebar-style":"default","ast-global-header-display":"","ast-banner-title-visibility":"","ast-main-header-display":"","ast-hfb-above-header-display":"","ast-hfb-below-header-display":"","ast-hfb-mobile-header-display":"","site-post-title":"","ast-breadcrumbs-content":"","ast-featured-img":"","footer-sml-layout":"","ast-disable-related-posts":"","theme-transparent-header-meta":"default","adv-header-id-meta":"","stick-header-meta":"","header-above-stick-meta":"","header-main-stick-meta":"","header-below-stick-meta":"","astra-migrate-meta-layouts":"set","ast-page-background-enabled":"default","ast-page-background-meta":{"desktop":{"background-color":"","background-image":"","background-repeat":"repeat","background-position":"center center","background-size":"auto","background-attachment":"scroll","background-type":"","background-media":"","overlay-type":"","overlay-color":"","overlay-opacity":"","overlay-gradient":""},"tablet":{"background-color":"","background-image":"","background-repeat":"repeat","background-position":"center center","background-size":"auto","background-attachment":"scroll","background-type":"","background-media":"","overlay-type":"","overlay-color":"","overlay-opacity":"","overlay-gradient":""},"mobile":{"background-color":"","background-image":"","background-repeat":"repeat","background-position":"center center","background-size":"auto","background-attachment":"scroll","background-type":"","background-media":"","overlay-type":"","overlay-color":"","overlay-opacity":"","overlay-gradient":""}},"ast-content-background-meta":{"desktop":{"background-color":"var(--ast-global-color-5)","background-image":"","background-repeat":"repeat","background-position":"center center","background-size":"auto","background-attachment":"scroll","background-type":"","background-media":"","overlay-type":"","overlay-color":"","overlay-opacity":"","overlay-gradient":""},"tablet":{"background-color":"var(--ast-global-color-5)","background-image":"","background-repeat":"repeat","background-position":"center center","background-size":"auto","background-attachment":"scroll","background-type":"","background-media":"","overlay-type":"","overlay-color":"","overlay-opacity":"","overlay-gradient":""},"mobile":{"background-color":"var(--ast-global-color-5)","background-image":"","background-repeat":"repeat","background-position":"center center","background-size":"auto","background-attachment":"scroll","background-type":"","background-media":"","overlay-type":"","overlay-color":"","overlay-opacity":"","overlay-gradient":""}}},"product_brand":[],"product_cat":[1699],"product_tag":[761,1213,1552,1576],"class_list":{"0":"post-16220","1":"product","2":"type-product","3":"status-publish","4":"has-post-thumbnail","6":"product_cat-eeterlikud-olid","7":"product_tag-36g-et","8":"product_tag-digestzen-et","9":"product_tag-kapslid","10":"product_tag-toidulisandid","11":"desktop-align-left","12":"tablet-align-left","13":"mobile-align-left","15":"first","16":"instock","17":"taxable","18":"shipping-taxable","19":"purchasable","20":"product-type-simple"},"_links":{"self":[{"href":"https:\/\/mamaterra.lt\/et\/wp-json\/wp\/v2\/product\/16220","targetHints":{"allow":["GET"]}}],"collection":[{"href":"https:\/\/mamaterra.lt\/et\/wp-json\/wp\/v2\/product"}],"about":[{"href":"https:\/\/mamaterra.lt\/et\/wp-json\/wp\/v2\/types\/product"}],"wp:featuredmedia":[{"embeddable":true,"href":"https:\/\/mamaterra.lt\/et\/wp-json\/wp\/v2\/media\/12428"}],"wp:attachment":[{"href":"https:\/\/mamaterra.lt\/et\/wp-json\/wp\/v2\/media?parent=16220"}],"wp:term":[{"taxonomy":"product_brand","embeddable":true,"href":"https:\/\/mamaterra.lt\/et\/wp-json\/wp\/v2\/product_brand?post=16220"},{"taxonomy":"product_cat","embeddable":true,"href":"https:\/\/mamaterra.lt\/et\/wp-json\/wp\/v2\/product_cat?post=16220"},{"taxonomy":"product_tag","embeddable":true,"href":"https:\/\/mamaterra.lt\/et\/wp-json\/wp\/v2\/product_tag?post=16220"}],"curies":[{"name":"wp","href":"https:\/\/api.w.org\/{rel}","templated":true}]}}