{"id":16215,"date":"2021-04-19T08:29:28","date_gmt":"2021-04-19T07:29:28","guid":{"rendered":"https:\/\/mamaterra.lt\/parduotuve\/maaratlemata\/doterra-hajuti-pilot\/"},"modified":"2021-04-19T08:29:28","modified_gmt":"2021-04-19T07:29:28","slug":"doterra-hajuti-piloot","status":"publish","type":"product","link":"https:\/\/mamaterra.lt\/et\/parduotuve\/hajutid\/doterra-hajuti-piloot\/","title":{"rendered":"doTERRA hajuti PILOT"},"content":{"rendered":"<p><strong>doTERRA hajuti PILOT<\/strong><\/p>\n<p>&nbsp;<\/p>\n<p><strong>doTERRA hajuti PILOT Kirjeldus:<\/strong><\/p>\n<p>Mugav ja segadustevaba doTERRA Pilot sobib suurep\u00e4raselt v\u00e4iksematesse ruumidesse. Kompaktne ja neutraalne hajuti sobib igasse keskkonda. Ta v\u00f5ib reisida koos teiega autos, t\u00f6\u00f6le v\u00f5i lihtsalt maja \u00fcmber.<\/p>\n<p><strong>doTERRA hajuti PILOT funktsioonid:<\/strong><\/p>\n<ul>\n<li>Laetav aku \u2013 nii et te ei pea muretsema l\u00e4heduses asuva pistikupesa leidmise p\u00e4rast. USB-pistik ja 2.4A autoadapter.<\/li>\n<li>Reguleeritav aurustumistugevus: neli tundi pidevat t\u00f6\u00f6tamist v\u00f5i kaheksa tundi vahelduvat t\u00f6\u00f6tamist.<\/li>\n<li>Loodud vastutustundlikult, kasutades keskkonnas\u00f5bralikke materjale.<\/li>\n<li>Seda m\u00fc\u00fcakse koos mugava \u00fcmbrisega kandmiseks.<\/li>\n<\/ul>\n<p>&nbsp;<\/p>\n<p><strong>Lisateavet doTERRA Diffuser PILOT<\/strong> kohta leiate allolevast videost.<\/p>\n<p><iframe title=\"Piloothajuti\" src=\"https:\/\/www.youtube.com\/embed\/RwMpNnCxscU\" width=\"853\" height=\"480\" frameborder=\"0\" allowfullscreen=\"allowfullscreen\"><\/iframe><\/p>\n","protected":false},"excerpt":{"rendered":"<ul>\n<li>Reguleeritav aurustumistugevus: neli tundi pidevat t\u00f6\u00f6tamist v\u00f5i kaheksa tundi pidevat t\u00f6\u00f6tamist katkestustega<\/li>\n<li>Loodud vastutustundlikult, kasutades keskkonnas\u00f5bralikke materjale<\/li>\n<li>Laetav aku \u2013 nii et te ei pea muretsema l\u00e4heduses asuva pistikupesa leidmise p\u00e4rast. USB-pistik ja 2.4A autoadapter<\/li>\n<\/ul>\n","protected":false},"featured_media":13478,"template":"","meta":{"site-sidebar-layout":"default","site-content-layout":"default","ast-site-content-layout":"default","site-content-style":"default","site-sidebar-style":"default","ast-global-header-display":"","ast-banner-title-visibility":"","ast-main-header-display":"","ast-hfb-above-header-display":"","ast-hfb-below-header-display":"","ast-hfb-mobile-header-display":"","site-post-title":"","ast-breadcrumbs-content":"","ast-featured-img":"","footer-sml-layout":"","ast-disable-related-posts":"","theme-transparent-header-meta":"default","adv-header-id-meta":"","stick-header-meta":"","header-above-stick-meta":"","header-main-stick-meta":"","header-below-stick-meta":"","astra-migrate-meta-layouts":"default","ast-page-background-enabled":"default","ast-page-background-meta":{"desktop":{"background-color":"","background-image":"","background-repeat":"repeat","background-position":"center center","background-size":"auto","background-attachment":"scroll","background-type":"","background-media":"","overlay-type":"","overlay-color":"","overlay-opacity":"","overlay-gradient":""},"tablet":{"background-color":"","background-image":"","background-repeat":"repeat","background-position":"center center","background-size":"auto","background-attachment":"scroll","background-type":"","background-media":"","overlay-type":"","overlay-color":"","overlay-opacity":"","overlay-gradient":""},"mobile":{"background-color":"","background-image":"","background-repeat":"repeat","background-position":"center center","background-size":"auto","background-attachment":"scroll","background-type":"","background-media":"","overlay-type":"","overlay-color":"","overlay-opacity":"","overlay-gradient":""}},"ast-content-background-meta":{"desktop":{"background-color":"var(--ast-global-color-5)","background-image":"","background-repeat":"repeat","background-position":"center center","background-size":"auto","background-attachment":"scroll","background-type":"","background-media":"","overlay-type":"","overlay-color":"","overlay-opacity":"","overlay-gradient":""},"tablet":{"background-color":"var(--ast-global-color-5)","background-image":"","background-repeat":"repeat","background-position":"center center","background-size":"auto","background-attachment":"scroll","background-type":"","background-media":"","overlay-type":"","overlay-color":"","overlay-opacity":"","overlay-gradient":""},"mobile":{"background-color":"var(--ast-global-color-5)","background-image":"","background-repeat":"repeat","background-position":"center center","background-size":"auto","background-attachment":"scroll","background-type":"","background-media":"","overlay-type":"","overlay-color":"","overlay-opacity":"","overlay-gradient":""}}},"product_brand":[],"product_cat":[1687],"product_tag":[1550,1526,1012],"class_list":{"0":"post-16215","1":"product","2":"type-product","3":"status-publish","4":"has-post-thumbnail","6":"product_cat-hajutid","7":"product_tag-aroomiteraapia","8":"product_tag-hajuti","9":"product_tag-pilot-et","10":"desktop-align-left","11":"tablet-align-left","12":"mobile-align-left","14":"first","15":"outofstock","16":"taxable","17":"shipping-taxable","18":"purchasable","19":"product-type-simple"},"_links":{"self":[{"href":"https:\/\/mamaterra.lt\/et\/wp-json\/wp\/v2\/product\/16215","targetHints":{"allow":["GET"]}}],"collection":[{"href":"https:\/\/mamaterra.lt\/et\/wp-json\/wp\/v2\/product"}],"about":[{"href":"https:\/\/mamaterra.lt\/et\/wp-json\/wp\/v2\/types\/product"}],"wp:featuredmedia":[{"embeddable":true,"href":"https:\/\/mamaterra.lt\/et\/wp-json\/wp\/v2\/media\/13478"}],"wp:attachment":[{"href":"https:\/\/mamaterra.lt\/et\/wp-json\/wp\/v2\/media?parent=16215"}],"wp:term":[{"taxonomy":"product_brand","embeddable":true,"href":"https:\/\/mamaterra.lt\/et\/wp-json\/wp\/v2\/product_brand?post=16215"},{"taxonomy":"product_cat","embeddable":true,"href":"https:\/\/mamaterra.lt\/et\/wp-json\/wp\/v2\/product_cat?post=16215"},{"taxonomy":"product_tag","embeddable":true,"href":"https:\/\/mamaterra.lt\/et\/wp-json\/wp\/v2\/product_tag?post=16215"}],"curies":[{"name":"wp","href":"https:\/\/api.w.org\/{rel}","templated":true}]}}