{"id":16214,"date":"2021-04-19T09:42:06","date_gmt":"2021-04-19T08:42:06","guid":{"rendered":"https:\/\/mamaterra.lt\/parduotuve\/maaratlemata\/doterra-eeterlike-olide-segu-nahale-hd-clear-10ml\/"},"modified":"2021-04-19T09:42:06","modified_gmt":"2021-04-19T08:42:06","slug":"doterra-eeterlik-oli-segu-nahk-hd-clear-10ml","status":"publish","type":"product","link":"https:\/\/mamaterra.lt\/et\/parduotuve\/hugieen-ja-nahahooldus\/doterra-hd-clear-et\/doterra-eeterlik-oli-segu-nahk-hd-clear-10ml\/","title":{"rendered":"doTERRA eeterlike \u00f5lide segu nahale HD CLEAR 10ml\u2122"},"content":{"rendered":"<p><strong>doTERRA eeterlike \u00f5lide segu nahale HD CLEAR\u2122<\/strong><\/p>\n<p>10 ml pudel kuuli aplikaatoriga<\/p>\n<p>&nbsp;<\/p>\n<p><strong>doTERRA eeterlike \u00f5lide segu nahale HD CLEAR\u2122 \u00dcldised omadused:<\/strong><\/p>\n<p>HD-selge segu nahale, mida kantakse konkreetsetele piirkondadele v\u00f5i kogu n\u00e4ole, t\u00e4nu eeterlikele \u00f5lidele, mis toidavad nahka kompositsioonis, annab nahale puhta ja tervisliku v\u00e4limuse.<\/p>\n<ul>\n<li>Ainulaadse musta k\u00f6\u00f6mneseemne\u00f5li ja CPTG\u2122 kamperkaneeli, teepuu, eukal\u00fcpti, geraaniumi ja loorberi eeterlike \u00f5lidega<\/li>\n<li>V\u00e4hendab punetust ja annab nahale puhta v\u00e4limuse<\/li>\n<\/ul>\n<div id=\"gtx-trans\" style=\"position: absolute; left: -52px; top: 162px;\">\n<div class=\"gtx-trans-icon\"><\/div>\n<\/div>\n","protected":false},"excerpt":{"rendered":"<ul>\n<li>Ainulaadse musta k\u00f6\u00f6mneseemne\u00f5li ja CPTG\u2122 kamperkaneeli, teepuu, eukal\u00fcpti, geraaniumi ja loorberi eeterlike \u00f5lidega<\/li>\n<li>V\u00e4hendab punetust ja annab nahale puhta v\u00e4limuse<\/li>\n<\/ul>\n","protected":false},"featured_media":12461,"template":"","meta":{"site-sidebar-layout":"default","site-content-layout":"default","ast-site-content-layout":"default","site-content-style":"default","site-sidebar-style":"default","ast-global-header-display":"","ast-banner-title-visibility":"","ast-main-header-display":"","ast-hfb-above-header-display":"","ast-hfb-below-header-display":"","ast-hfb-mobile-header-display":"","site-post-title":"","ast-breadcrumbs-content":"","ast-featured-img":"","footer-sml-layout":"","ast-disable-related-posts":"","theme-transparent-header-meta":"default","adv-header-id-meta":"","stick-header-meta":"","header-above-stick-meta":"","header-main-stick-meta":"","header-below-stick-meta":"","astra-migrate-meta-layouts":"default","ast-page-background-enabled":"default","ast-page-background-meta":{"desktop":{"background-color":"","background-image":"","background-repeat":"repeat","background-position":"center center","background-size":"auto","background-attachment":"scroll","background-type":"","background-media":"","overlay-type":"","overlay-color":"","overlay-opacity":"","overlay-gradient":""},"tablet":{"background-color":"","background-image":"","background-repeat":"repeat","background-position":"center center","background-size":"auto","background-attachment":"scroll","background-type":"","background-media":"","overlay-type":"","overlay-color":"","overlay-opacity":"","overlay-gradient":""},"mobile":{"background-color":"","background-image":"","background-repeat":"repeat","background-position":"center center","background-size":"auto","background-attachment":"scroll","background-type":"","background-media":"","overlay-type":"","overlay-color":"","overlay-opacity":"","overlay-gradient":""}},"ast-content-background-meta":{"desktop":{"background-color":"var(--ast-global-color-5)","background-image":"","background-repeat":"repeat","background-position":"center center","background-size":"auto","background-attachment":"scroll","background-type":"","background-media":"","overlay-type":"","overlay-color":"","overlay-opacity":"","overlay-gradient":""},"tablet":{"background-color":"var(--ast-global-color-5)","background-image":"","background-repeat":"repeat","background-position":"center center","background-size":"auto","background-attachment":"scroll","background-type":"","background-media":"","overlay-type":"","overlay-color":"","overlay-opacity":"","overlay-gradient":""},"mobile":{"background-color":"var(--ast-global-color-5)","background-image":"","background-repeat":"repeat","background-position":"center center","background-size":"auto","background-attachment":"scroll","background-type":"","background-media":"","overlay-type":"","overlay-color":"","overlay-opacity":"","overlay-gradient":""}}},"product_brand":[],"product_cat":[1719,1701,1710],"product_tag":[721,1500],"class_list":{"0":"post-16214","1":"product","2":"type-product","3":"status-publish","4":"has-post-thumbnail","6":"product_cat-doterra-hd-clear-et","7":"product_cat-eeterlike-olide-segud","8":"product_cat-hugieen-ja-nahahooldus","9":"product_tag-10-ml-et","10":"product_tag-hd-clear-et","11":"desktop-align-left","12":"tablet-align-left","13":"mobile-align-left","15":"first","16":"instock","17":"taxable","18":"shipping-taxable","19":"purchasable","20":"product-type-simple"},"_links":{"self":[{"href":"https:\/\/mamaterra.lt\/et\/wp-json\/wp\/v2\/product\/16214","targetHints":{"allow":["GET"]}}],"collection":[{"href":"https:\/\/mamaterra.lt\/et\/wp-json\/wp\/v2\/product"}],"about":[{"href":"https:\/\/mamaterra.lt\/et\/wp-json\/wp\/v2\/types\/product"}],"wp:featuredmedia":[{"embeddable":true,"href":"https:\/\/mamaterra.lt\/et\/wp-json\/wp\/v2\/media\/12461"}],"wp:attachment":[{"href":"https:\/\/mamaterra.lt\/et\/wp-json\/wp\/v2\/media?parent=16214"}],"wp:term":[{"taxonomy":"product_brand","embeddable":true,"href":"https:\/\/mamaterra.lt\/et\/wp-json\/wp\/v2\/product_brand?post=16214"},{"taxonomy":"product_cat","embeddable":true,"href":"https:\/\/mamaterra.lt\/et\/wp-json\/wp\/v2\/product_cat?post=16214"},{"taxonomy":"product_tag","embeddable":true,"href":"https:\/\/mamaterra.lt\/et\/wp-json\/wp\/v2\/product_tag?post=16214"}],"curies":[{"name":"wp","href":"https:\/\/api.w.org\/{rel}","templated":true}]}}