{"id":16213,"date":"2021-04-19T08:38:56","date_gmt":"2021-04-19T07:38:56","guid":{"rendered":"https:\/\/mamaterra.lt\/parduotuve\/maaratlemata\/doterra-toidulisandite-kompleks-paremaks-seedimiseks-digestzen-terrazyme\/"},"modified":"2021-04-19T08:38:56","modified_gmt":"2021-04-19T07:38:56","slug":"doterra-toidulisand-kompleks-paremaks-seedimiseks-seedimine-terrasuum","status":"publish","type":"product","link":"https:\/\/mamaterra.lt\/et\/parduotuve\/eeterlikud-olid\/doterra-toidulisand-kompleks-paremaks-seedimiseks-seedimine-terrasuum\/","title":{"rendered":"doTERRA toidulisandite kompleks paremaks seedimiseks DigestZen TerraZyme\u2122"},"content":{"rendered":"<p><strong>doTERRA toidulisandite kompleks paremaks seedimiseks DigestZen TerraZyme\u2122<\/strong><\/p>\n<p>90 kapslit<\/p>\n<p>&nbsp;<\/p>\n<p><strong>doTERRA toidulisandite kompleks paremaks seedimiseks Digestzen TerraZyme&#8217;i peamised eelised:<\/strong><\/p>\n<p>Kompleks seedimise parandamiseks DigestZen TerraZyme on v\u00e4\u00e4rtuslik toidulisand seedetrakti tervise tugevdamiseks. TerraZyme toetab sinu kehas toimuvaid loomulikke seedeprotsesse. See sisaldab populaarset k\u00f5htu rahustavat segu doTERRA piparm\u00fcndist, ingverist ja k\u00f6\u00f6mneseemnetest.<\/p>\n<ul>\n<li>Patenteeritud segu aktiivsetest t\u00e4ie\u00f5iguslikest ens\u00fc\u00fcmidest<\/li>\n<li>HPMC taimsed kapslid ilma naatriumlaur\u00fc\u00fclsulfaadita<\/li>\n<li>Ohutu ja t\u00f5hus<\/li>\n<\/ul>\n<p>&nbsp;<\/p>\n<p>Vaadake videot selle <strong>doTERRA toidulisandite kompleksi kohta parema seedimise seedimiseksZen TerraZyme.<\/strong><\/p>\n<p><iframe title=\"Suurendage oma ens\u00fc\u00fcme TerraZyme'iga\" src=\"https:\/\/www.youtube.com\/embed\/UVvB7vraPiY\" width=\"946\" height=\"532\" frameborder=\"0\" allowfullscreen=\"allowfullscreen\"><\/iframe><\/p>\n","protected":false},"excerpt":{"rendered":"<ul>\n<li>Patenteeritud segu aktiivsetest t\u00e4ie\u00f5iguslikest ens\u00fc\u00fcmidest<\/li>\n<li>HPMC taimsed kapslid ilma naatriumlaur\u00fc\u00fclsulfaadita<\/li>\n<li>Ohutu ja t\u00f5hus<\/li>\n<li>TAIMETOITLASTE KAPSLID EI SISALDA NAATRIUMLAURILSULFAATI<\/li>\n<\/ul>\n","protected":false},"featured_media":12872,"template":"","meta":{"site-sidebar-layout":"default","site-content-layout":"default","ast-site-content-layout":"default","site-content-style":"default","site-sidebar-style":"default","ast-global-header-display":"","ast-banner-title-visibility":"","ast-main-header-display":"","ast-hfb-above-header-display":"","ast-hfb-below-header-display":"","ast-hfb-mobile-header-display":"","site-post-title":"","ast-breadcrumbs-content":"","ast-featured-img":"","footer-sml-layout":"","ast-disable-related-posts":"","theme-transparent-header-meta":"default","adv-header-id-meta":"","stick-header-meta":"","header-above-stick-meta":"","header-main-stick-meta":"","header-below-stick-meta":"","astra-migrate-meta-layouts":"default","ast-page-background-enabled":"default","ast-page-background-meta":{"desktop":{"background-color":"","background-image":"","background-repeat":"repeat","background-position":"center center","background-size":"auto","background-attachment":"scroll","background-type":"","background-media":"","overlay-type":"","overlay-color":"","overlay-opacity":"","overlay-gradient":""},"tablet":{"background-color":"","background-image":"","background-repeat":"repeat","background-position":"center center","background-size":"auto","background-attachment":"scroll","background-type":"","background-media":"","overlay-type":"","overlay-color":"","overlay-opacity":"","overlay-gradient":""},"mobile":{"background-color":"","background-image":"","background-repeat":"repeat","background-position":"center center","background-size":"auto","background-attachment":"scroll","background-type":"","background-media":"","overlay-type":"","overlay-color":"","overlay-opacity":"","overlay-gradient":""}},"ast-content-background-meta":{"desktop":{"background-color":"var(--ast-global-color-5)","background-image":"","background-repeat":"repeat","background-position":"center center","background-size":"auto","background-attachment":"scroll","background-type":"","background-media":"","overlay-type":"","overlay-color":"","overlay-opacity":"","overlay-gradient":""},"tablet":{"background-color":"var(--ast-global-color-5)","background-image":"","background-repeat":"repeat","background-position":"center center","background-size":"auto","background-attachment":"scroll","background-type":"","background-media":"","overlay-type":"","overlay-color":"","overlay-opacity":"","overlay-gradient":""},"mobile":{"background-color":"var(--ast-global-color-5)","background-image":"","background-repeat":"repeat","background-position":"center center","background-size":"auto","background-attachment":"scroll","background-type":"","background-media":"","overlay-type":"","overlay-color":"","overlay-opacity":"","overlay-gradient":""}}},"product_brand":[],"product_cat":[1699,1759],"product_tag":[1213,3382,3388,916],"class_list":{"0":"post-16213","1":"product","2":"type-product","3":"status-publish","4":"has-post-thumbnail","6":"product_cat-eeterlikud-olid","7":"product_cat-seedimine","8":"product_tag-digestzen-et","9":"product_tag-ensuumid","10":"product_tag-ensuumid-et","11":"product_tag-terrazyme-et","12":"desktop-align-left","13":"tablet-align-left","14":"mobile-align-left","16":"first","17":"outofstock","18":"taxable","19":"shipping-taxable","20":"purchasable","21":"product-type-simple"},"_links":{"self":[{"href":"https:\/\/mamaterra.lt\/et\/wp-json\/wp\/v2\/product\/16213","targetHints":{"allow":["GET"]}}],"collection":[{"href":"https:\/\/mamaterra.lt\/et\/wp-json\/wp\/v2\/product"}],"about":[{"href":"https:\/\/mamaterra.lt\/et\/wp-json\/wp\/v2\/types\/product"}],"wp:featuredmedia":[{"embeddable":true,"href":"https:\/\/mamaterra.lt\/et\/wp-json\/wp\/v2\/media\/12872"}],"wp:attachment":[{"href":"https:\/\/mamaterra.lt\/et\/wp-json\/wp\/v2\/media?parent=16213"}],"wp:term":[{"taxonomy":"product_brand","embeddable":true,"href":"https:\/\/mamaterra.lt\/et\/wp-json\/wp\/v2\/product_brand?post=16213"},{"taxonomy":"product_cat","embeddable":true,"href":"https:\/\/mamaterra.lt\/et\/wp-json\/wp\/v2\/product_cat?post=16213"},{"taxonomy":"product_tag","embeddable":true,"href":"https:\/\/mamaterra.lt\/et\/wp-json\/wp\/v2\/product_tag?post=16213"}],"curies":[{"name":"wp","href":"https:\/\/api.w.org\/{rel}","templated":true}]}}