{"id":16209,"date":"2021-04-19T08:34:36","date_gmt":"2021-04-19T07:34:36","guid":{"rendered":"https:\/\/mamaterra.lt\/parduotuve\/maaratlemata\/doterra-narimistabletid-digesttab\/"},"modified":"2021-04-19T08:34:36","modified_gmt":"2021-04-19T07:34:36","slug":"doterra-narimistabletid-digestzen-digesttab","status":"publish","type":"product","link":"https:\/\/mamaterra.lt\/et\/parduotuve\/eeterlikud-olid\/doterra-narimistabletid-digestzen-digesttab\/","title":{"rendered":"doTERRA n\u00e4rimistabletid DigestTab\u2122"},"content":{"rendered":"<p><strong>doTERRA n\u00e4rimistabletid DigestTab\u2122<\/strong><\/p>\n<p>100 n\u00e4rimistabletti<\/p>\n<p>&nbsp;<\/p>\n<p><strong>doTERRA DigestTab\u2122 Peamised eelised:<\/strong><\/p>\n<p>T\u00e4nu oma paljudele eelistele on DigestZen \u00fcks populaarsemaid doTERRA segusid. N\u00fc\u00fcdsest v\u00f5ib seda \u00e4\u00e4rmiselt t\u00f5husat segu v\u00f5tta mugavas n\u00e4rimistablettide vormis.<\/p>\n<ul>\n<li>Kaltsiumkarbonaadi tablett koos toetava seguga DigestZen, mis koosneb ingverist, apteegitillist, koriandriseemnetest, piparm\u00fcndist ja teistest eeterlikest \u00f5lidest<\/li>\n<li>M\u00f5eldud spetsiaalselt tundliku k\u00f5huga inimestele<\/li>\n<li>Kui piinavad m\u00e4ssulised happed<\/li>\n<\/ul>\n<p>&nbsp;<\/p>\n<p>Vaadake videot <strong>doTERRA DigestTabi\u2122 kohta.<\/strong><\/p>\n<p><iframe title=\"3 parimat doTERRA DigestTabi eelist\" src=\"https:\/\/www.youtube.com\/embed\/nZURPuLbWbg\" width=\"946\" height=\"532\" frameborder=\"0\" allowfullscreen=\"allowfullscreen\"><\/iframe><\/p>\n","protected":false},"excerpt":{"rendered":"<ul>\n<li>Kaltsiumkarbonaadi tablett koos toetava seguga DigestZen, mis koosneb ingverist, apteegitillist, koriandriseemnetest, piparm\u00fcndist ja teistest eeterlikest \u00f5lidest<\/li>\n<li>M\u00f5eldud spetsiaalselt tundliku k\u00f5huga inimestele<\/li>\n<li>Kustutab tulekahju maos<\/li>\n<\/ul>\n","protected":false},"featured_media":12875,"template":"","meta":{"site-sidebar-layout":"default","site-content-layout":"default","ast-site-content-layout":"default","site-content-style":"default","site-sidebar-style":"default","ast-global-header-display":"","ast-banner-title-visibility":"","ast-main-header-display":"","ast-hfb-above-header-display":"","ast-hfb-below-header-display":"","ast-hfb-mobile-header-display":"","site-post-title":"","ast-breadcrumbs-content":"","ast-featured-img":"","footer-sml-layout":"","ast-disable-related-posts":"","theme-transparent-header-meta":"default","adv-header-id-meta":"","stick-header-meta":"","header-above-stick-meta":"","header-main-stick-meta":"","header-below-stick-meta":"","astra-migrate-meta-layouts":"default","ast-page-background-enabled":"default","ast-page-background-meta":{"desktop":{"background-color":"","background-image":"","background-repeat":"repeat","background-position":"center center","background-size":"auto","background-attachment":"scroll","background-type":"","background-media":"","overlay-type":"","overlay-color":"","overlay-opacity":"","overlay-gradient":""},"tablet":{"background-color":"","background-image":"","background-repeat":"repeat","background-position":"center center","background-size":"auto","background-attachment":"scroll","background-type":"","background-media":"","overlay-type":"","overlay-color":"","overlay-opacity":"","overlay-gradient":""},"mobile":{"background-color":"","background-image":"","background-repeat":"repeat","background-position":"center center","background-size":"auto","background-attachment":"scroll","background-type":"","background-media":"","overlay-type":"","overlay-color":"","overlay-opacity":"","overlay-gradient":""}},"ast-content-background-meta":{"desktop":{"background-color":"var(--ast-global-color-5)","background-image":"","background-repeat":"repeat","background-position":"center center","background-size":"auto","background-attachment":"scroll","background-type":"","background-media":"","overlay-type":"","overlay-color":"","overlay-opacity":"","overlay-gradient":""},"tablet":{"background-color":"var(--ast-global-color-5)","background-image":"","background-repeat":"repeat","background-position":"center center","background-size":"auto","background-attachment":"scroll","background-type":"","background-media":"","overlay-type":"","overlay-color":"","overlay-opacity":"","overlay-gradient":""},"mobile":{"background-color":"var(--ast-global-color-5)","background-image":"","background-repeat":"repeat","background-position":"center center","background-size":"auto","background-attachment":"scroll","background-type":"","background-media":"","overlay-type":"","overlay-color":"","overlay-opacity":"","overlay-gradient":""}}},"product_brand":[],"product_cat":[1699],"product_tag":[1269,1552],"class_list":{"0":"post-16209","1":"product","2":"type-product","3":"status-publish","4":"has-post-thumbnail","6":"product_cat-eeterlikud-olid","7":"product_tag-digesttab-et","8":"product_tag-kapslid","9":"desktop-align-left","10":"tablet-align-left","11":"mobile-align-left","13":"first","14":"instock","15":"taxable","16":"shipping-taxable","17":"purchasable","18":"product-type-simple"},"_links":{"self":[{"href":"https:\/\/mamaterra.lt\/et\/wp-json\/wp\/v2\/product\/16209","targetHints":{"allow":["GET"]}}],"collection":[{"href":"https:\/\/mamaterra.lt\/et\/wp-json\/wp\/v2\/product"}],"about":[{"href":"https:\/\/mamaterra.lt\/et\/wp-json\/wp\/v2\/types\/product"}],"wp:featuredmedia":[{"embeddable":true,"href":"https:\/\/mamaterra.lt\/et\/wp-json\/wp\/v2\/media\/12875"}],"wp:attachment":[{"href":"https:\/\/mamaterra.lt\/et\/wp-json\/wp\/v2\/media?parent=16209"}],"wp:term":[{"taxonomy":"product_brand","embeddable":true,"href":"https:\/\/mamaterra.lt\/et\/wp-json\/wp\/v2\/product_brand?post=16209"},{"taxonomy":"product_cat","embeddable":true,"href":"https:\/\/mamaterra.lt\/et\/wp-json\/wp\/v2\/product_cat?post=16209"},{"taxonomy":"product_tag","embeddable":true,"href":"https:\/\/mamaterra.lt\/et\/wp-json\/wp\/v2\/product_tag?post=16209"}],"curies":[{"name":"wp","href":"https:\/\/api.w.org\/{rel}","templated":true}]}}