{"id":16204,"date":"2021-04-19T08:41:09","date_gmt":"2021-04-19T07:41:09","guid":{"rendered":"https:\/\/mamaterra.lt\/parduotuve\/maaratlemata\/doterra-toidulisand-ddr-prime-pehmed-kapslid\/"},"modified":"2021-04-19T08:41:09","modified_gmt":"2021-04-19T07:41:09","slug":"doterra-supplement-ddr-prime-sotkumine-kapslid","status":"publish","type":"product","link":"https:\/\/mamaterra.lt\/et\/parduotuve\/eeterlikud-olid\/eeterlike-olide-segud\/doterra-supplement-ddr-prime-sotkumine-kapslid\/","title":{"rendered":"doTERRA toidulisand DDR PRIME\u2122 pehmed kapslid"},"content":{"rendered":"<p><strong>doTERRA toidulisand DDR PRIME\u2122 pehmed kapslid<\/strong><\/p>\n<p>60 pehmet kapslit<\/p>\n<p>&nbsp;<\/p>\n<p><strong>doTERRA t\u00e4iendus DDR PRIME\u2122 Peamised eelised:<\/strong><\/p>\n<p>DDR Prime \u00fchendab nelgi, t\u00fc\u00fcmiani ja metsikute apelsinide eeterlikud \u00f5lid, millel on antioks\u00fcdantne toime. See segu on m\u00f5eldud keha ja rakkude kaitsmiseks oks\u00fcdatiivse stressi eest.<\/p>\n<ul>\n<li>Nelgi, t\u00fc\u00fcmiani ja metsikute apelsinide eeterlike \u00f5lidega<\/li>\n<li>Taimetoitlaste pehmetes kapslites<\/li>\n<\/ul>\n<p>&nbsp;<\/p>\n<p>Vaadake videot selle <strong>doTERRA DDR PRIME\u2122 toidulisandi kohta.<\/strong><\/p>\n<p><iframe title=\"DDR Prime\" src=\"https:\/\/www.youtube.com\/embed\/AJZyWXNSktc\" width=\"946\" height=\"532\" frameborder=\"0\" allowfullscreen=\"allowfullscreen\"><\/iframe><\/p>\n","protected":false},"excerpt":{"rendered":"<ul>\n<li>Nelgi, t\u00fc\u00fcmiani ja metsikute apelsinide eeterlike \u00f5lidega<\/li>\n<li>Taimetoitlaste pehmetes kapslites<\/li>\n<\/ul>\n","protected":false},"featured_media":12425,"template":"","meta":{"site-sidebar-layout":"default","site-content-layout":"default","ast-site-content-layout":"default","site-content-style":"default","site-sidebar-style":"default","ast-global-header-display":"","ast-banner-title-visibility":"","ast-main-header-display":"","ast-hfb-above-header-display":"","ast-hfb-below-header-display":"","ast-hfb-mobile-header-display":"","site-post-title":"","ast-breadcrumbs-content":"","ast-featured-img":"","footer-sml-layout":"","ast-disable-related-posts":"","theme-transparent-header-meta":"default","adv-header-id-meta":"","stick-header-meta":"","header-above-stick-meta":"","header-main-stick-meta":"","header-below-stick-meta":"","astra-migrate-meta-layouts":"default","ast-page-background-enabled":"default","ast-page-background-meta":{"desktop":{"background-color":"","background-image":"","background-repeat":"repeat","background-position":"center center","background-size":"auto","background-attachment":"scroll","background-type":"","background-media":"","overlay-type":"","overlay-color":"","overlay-opacity":"","overlay-gradient":""},"tablet":{"background-color":"","background-image":"","background-repeat":"repeat","background-position":"center center","background-size":"auto","background-attachment":"scroll","background-type":"","background-media":"","overlay-type":"","overlay-color":"","overlay-opacity":"","overlay-gradient":""},"mobile":{"background-color":"","background-image":"","background-repeat":"repeat","background-position":"center center","background-size":"auto","background-attachment":"scroll","background-type":"","background-media":"","overlay-type":"","overlay-color":"","overlay-opacity":"","overlay-gradient":""}},"ast-content-background-meta":{"desktop":{"background-color":"var(--ast-global-color-5)","background-image":"","background-repeat":"repeat","background-position":"center center","background-size":"auto","background-attachment":"scroll","background-type":"","background-media":"","overlay-type":"","overlay-color":"","overlay-opacity":"","overlay-gradient":""},"tablet":{"background-color":"var(--ast-global-color-5)","background-image":"","background-repeat":"repeat","background-position":"center center","background-size":"auto","background-attachment":"scroll","background-type":"","background-media":"","overlay-type":"","overlay-color":"","overlay-opacity":"","overlay-gradient":""},"mobile":{"background-color":"var(--ast-global-color-5)","background-image":"","background-repeat":"repeat","background-position":"center center","background-size":"auto","background-attachment":"scroll","background-type":"","background-media":"","overlay-type":"","overlay-color":"","overlay-opacity":"","overlay-gradient":""}}},"product_brand":[],"product_cat":[1701],"product_tag":[1520],"class_list":{"0":"post-16204","1":"product","2":"type-product","3":"status-publish","4":"has-post-thumbnail","6":"product_cat-eeterlike-olide-segud","7":"product_tag-ddr-prime-et","8":"desktop-align-left","9":"tablet-align-left","10":"mobile-align-left","12":"first","13":"instock","14":"taxable","15":"shipping-taxable","16":"purchasable","17":"product-type-simple"},"_links":{"self":[{"href":"https:\/\/mamaterra.lt\/et\/wp-json\/wp\/v2\/product\/16204","targetHints":{"allow":["GET"]}}],"collection":[{"href":"https:\/\/mamaterra.lt\/et\/wp-json\/wp\/v2\/product"}],"about":[{"href":"https:\/\/mamaterra.lt\/et\/wp-json\/wp\/v2\/types\/product"}],"wp:featuredmedia":[{"embeddable":true,"href":"https:\/\/mamaterra.lt\/et\/wp-json\/wp\/v2\/media\/12425"}],"wp:attachment":[{"href":"https:\/\/mamaterra.lt\/et\/wp-json\/wp\/v2\/media?parent=16204"}],"wp:term":[{"taxonomy":"product_brand","embeddable":true,"href":"https:\/\/mamaterra.lt\/et\/wp-json\/wp\/v2\/product_brand?post=16204"},{"taxonomy":"product_cat","embeddable":true,"href":"https:\/\/mamaterra.lt\/et\/wp-json\/wp\/v2\/product_cat?post=16204"},{"taxonomy":"product_tag","embeddable":true,"href":"https:\/\/mamaterra.lt\/et\/wp-json\/wp\/v2\/product_tag?post=16204"}],"curies":[{"name":"wp","href":"https:\/\/api.w.org\/{rel}","templated":true}]}}