{"id":16202,"date":"2021-04-19T08:51:11","date_gmt":"2021-04-19T07:51:11","guid":{"rendered":"https:\/\/mamaterra.lt\/parduotuve\/maaratlemata\/doterra-toidulisand-a2z-narimistabletid-60-tabletti\/"},"modified":"2021-04-19T08:51:11","modified_gmt":"2021-04-19T07:51:11","slug":"doterra-toidulisand-a2z-narimistabletid-60-tabletid","status":"publish","type":"product","link":"https:\/\/mamaterra.lt\/et\/parduotuve\/lastele\/doterra-toidulisand-a2z-narimistabletid-60-tabletid\/","title":{"rendered":"doTERRA toidulisand A2Z n\u00e4rimistabletid\u2122 (60 tabletti)"},"content":{"rendered":"<p>doTERRA A2Z N\u00c4RITAV\u2122<\/p>\n<p>60 tabletti<\/p>\n<p>dooTERRA a2z Chewable on patenteeritud koostisainete koostis, mis on v\u00e4lja t\u00f6\u00f6tatud lastele ja t\u00e4iskasvanutele, kellel on raskusi kapslite neelamisega. Need maitsvad n\u00e4rimistabletid koosnevad B-vitamiinide segust A-, C- ja E-vitamiinide segust ning mitmest taimeekstraktist.*<\/p>\n<ul>\n<li>B-vitamiinide segu A-, C- ja E-vitamiinide seguga<\/li>\n<li>Sisaldab taimeekstrakte. M\u00f5eldud kasutamiseks koos IQ Mega<\/li>\n<li>Maitsev arbuusi maitse<\/li>\n<\/ul>\n<div id=\"gtx-trans\" style=\"position: absolute; left: -23px; top: 162px;\">\n<div class=\"gtx-trans-icon\"><\/div>\n<\/div>\n","protected":false},"excerpt":{"rendered":"<ul>\n<li>B-vitamiinide segu A-, C- ja E-vitamiinide seguga<\/li>\n<li>Sisaldab taimeekstrakte. M\u00f5eldud kasutamiseks koos IQ Mega<\/li>\n<li>Maitsev arbuusi maitse<\/li>\n<\/ul>\n","protected":false},"featured_media":12866,"template":"","meta":{"site-sidebar-layout":"default","site-content-layout":"default","ast-site-content-layout":"default","site-content-style":"default","site-sidebar-style":"default","ast-global-header-display":"","ast-banner-title-visibility":"","ast-main-header-display":"","ast-hfb-above-header-display":"","ast-hfb-below-header-display":"","ast-hfb-mobile-header-display":"","site-post-title":"","ast-breadcrumbs-content":"","ast-featured-img":"","footer-sml-layout":"","ast-disable-related-posts":"","theme-transparent-header-meta":"default","adv-header-id-meta":"","stick-header-meta":"","header-above-stick-meta":"","header-main-stick-meta":"","header-below-stick-meta":"","astra-migrate-meta-layouts":"default","ast-page-background-enabled":"default","ast-page-background-meta":{"desktop":{"background-color":"","background-image":"","background-repeat":"repeat","background-position":"center center","background-size":"auto","background-attachment":"scroll","background-type":"","background-media":"","overlay-type":"","overlay-color":"","overlay-opacity":"","overlay-gradient":""},"tablet":{"background-color":"","background-image":"","background-repeat":"repeat","background-position":"center center","background-size":"auto","background-attachment":"scroll","background-type":"","background-media":"","overlay-type":"","overlay-color":"","overlay-opacity":"","overlay-gradient":""},"mobile":{"background-color":"","background-image":"","background-repeat":"repeat","background-position":"center center","background-size":"auto","background-attachment":"scroll","background-type":"","background-media":"","overlay-type":"","overlay-color":"","overlay-opacity":"","overlay-gradient":""}},"ast-content-background-meta":{"desktop":{"background-color":"var(--ast-global-color-5)","background-image":"","background-repeat":"repeat","background-position":"center center","background-size":"auto","background-attachment":"scroll","background-type":"","background-media":"","overlay-type":"","overlay-color":"","overlay-opacity":"","overlay-gradient":""},"tablet":{"background-color":"var(--ast-global-color-5)","background-image":"","background-repeat":"repeat","background-position":"center center","background-size":"auto","background-attachment":"scroll","background-type":"","background-media":"","overlay-type":"","overlay-color":"","overlay-opacity":"","overlay-gradient":""},"mobile":{"background-color":"var(--ast-global-color-5)","background-image":"","background-repeat":"repeat","background-position":"center center","background-size":"auto","background-attachment":"scroll","background-type":"","background-media":"","overlay-type":"","overlay-color":"","overlay-opacity":"","overlay-gradient":""}}},"product_brand":[],"product_cat":[1756],"product_tag":[1416],"class_list":{"0":"post-16202","1":"product","2":"type-product","3":"status-publish","4":"has-post-thumbnail","6":"product_cat-lastele","7":"product_tag-a2z-et","8":"desktop-align-left","9":"tablet-align-left","10":"mobile-align-left","12":"first","13":"instock","14":"taxable","15":"shipping-taxable","16":"purchasable","17":"product-type-simple"},"_links":{"self":[{"href":"https:\/\/mamaterra.lt\/et\/wp-json\/wp\/v2\/product\/16202","targetHints":{"allow":["GET"]}}],"collection":[{"href":"https:\/\/mamaterra.lt\/et\/wp-json\/wp\/v2\/product"}],"about":[{"href":"https:\/\/mamaterra.lt\/et\/wp-json\/wp\/v2\/types\/product"}],"wp:featuredmedia":[{"embeddable":true,"href":"https:\/\/mamaterra.lt\/et\/wp-json\/wp\/v2\/media\/12866"}],"wp:attachment":[{"href":"https:\/\/mamaterra.lt\/et\/wp-json\/wp\/v2\/media?parent=16202"}],"wp:term":[{"taxonomy":"product_brand","embeddable":true,"href":"https:\/\/mamaterra.lt\/et\/wp-json\/wp\/v2\/product_brand?post=16202"},{"taxonomy":"product_cat","embeddable":true,"href":"https:\/\/mamaterra.lt\/et\/wp-json\/wp\/v2\/product_cat?post=16202"},{"taxonomy":"product_tag","embeddable":true,"href":"https:\/\/mamaterra.lt\/et\/wp-json\/wp\/v2\/product_tag?post=16202"}],"curies":[{"name":"wp","href":"https:\/\/api.w.org\/{rel}","templated":true}]}}