{"id":16197,"date":"2021-04-19T08:43:33","date_gmt":"2021-04-19T07:43:33","guid":{"rendered":"https:\/\/mamaterra.lt\/parduotuve\/maaratlemata\/doterra-triease-pehmed-kapslid-28g\/"},"modified":"2024-05-18T20:31:32","modified_gmt":"2024-05-18T19:31:32","slug":"doterra-triease-pehme-geel-kapslid-28g","status":"publish","type":"product","link":"https:\/\/mamaterra.lt\/et\/parduotuve\/eeterlikud-olid\/eeterlike-olide-segud\/doterra-triease-pehme-geel-kapslid-28g\/","title":{"rendered":"doTERRA TriEase\u2122 pehmed kapslid 28g"},"content":{"rendered":"<p><strong>doTERRA TriEase\u2122 pehmed kapslid<\/strong><\/p>\n<p>28g &#8211; 60 pehmet kapslit<\/p>\n<p>&nbsp;<\/p>\n<p><strong>doTERRA TriEase\u2122 peamised eelised:<\/strong><\/p>\n<p>TriEase pehmed kapslid on loodud aastaaegu silmas pidades. TriEase pehmed kapslid, mis sisaldavad v\u00f5rdsetes osades sidruni, lavendli ja piparm\u00fcndi eeterlikke \u00f5lisid, muudavad selle segu v\u00f5tmise kiireks ja lihtsaks reisides, v\u00e4li\u00fcrituste k\u00fclastamisel ja igal pool mujal, kus seda k\u00f5ige rohkem vajate.<\/p>\n<ul>\n<li>Mugav ja h\u00f5lpsasti v\u00f5etav toidulisand, kui seda k\u00f5ige rohkem vajate<\/li>\n<li>Taimetoitlaste pehmetes kapslites<\/li>\n<\/ul>\n<p>&nbsp;<\/p>\n<p>Vaadake videot selle <strong>doTERRA TriEase\u2122 toidulisandi kohta.<\/strong><\/p>\n<p><iframe title=\"Breathin' Easy koos doTERRA TriEase Softgeelidega- hooajaline segu\" src=\"https:\/\/www.youtube.com\/embed\/599QgvaSXFw\" width=\"946\" height=\"532\" frameborder=\"0\" allowfullscreen=\"allowfullscreen\"><\/iframe><\/p>\n","protected":false},"excerpt":{"rendered":"<ul>\n<li>Mugav ja h\u00f5lpsasti v\u00f5etav toidulisand, kui seda k\u00f5ige rohkem vajate<\/li>\n<li>Taimetoitlaste pehmetes kapslites<\/li>\n<\/ul>\n","protected":false},"featured_media":12437,"template":"","meta":{"site-sidebar-layout":"default","site-content-layout":"default","ast-site-content-layout":"default","site-content-style":"default","site-sidebar-style":"default","ast-global-header-display":"","ast-banner-title-visibility":"","ast-main-header-display":"","ast-hfb-above-header-display":"","ast-hfb-below-header-display":"","ast-hfb-mobile-header-display":"","site-post-title":"","ast-breadcrumbs-content":"","ast-featured-img":"","footer-sml-layout":"","ast-disable-related-posts":"","theme-transparent-header-meta":"default","adv-header-id-meta":"","stick-header-meta":"","header-above-stick-meta":"","header-main-stick-meta":"","header-below-stick-meta":"","astra-migrate-meta-layouts":"set","ast-page-background-enabled":"default","ast-page-background-meta":{"desktop":{"background-color":"","background-image":"","background-repeat":"repeat","background-position":"center center","background-size":"auto","background-attachment":"scroll","background-type":"","background-media":"","overlay-type":"","overlay-color":"","overlay-opacity":"","overlay-gradient":""},"tablet":{"background-color":"","background-image":"","background-repeat":"repeat","background-position":"center center","background-size":"auto","background-attachment":"scroll","background-type":"","background-media":"","overlay-type":"","overlay-color":"","overlay-opacity":"","overlay-gradient":""},"mobile":{"background-color":"","background-image":"","background-repeat":"repeat","background-position":"center center","background-size":"auto","background-attachment":"scroll","background-type":"","background-media":"","overlay-type":"","overlay-color":"","overlay-opacity":"","overlay-gradient":""}},"ast-content-background-meta":{"desktop":{"background-color":"var(--ast-global-color-5)","background-image":"","background-repeat":"repeat","background-position":"center center","background-size":"auto","background-attachment":"scroll","background-type":"","background-media":"","overlay-type":"","overlay-color":"","overlay-opacity":"","overlay-gradient":""},"tablet":{"background-color":"var(--ast-global-color-5)","background-image":"","background-repeat":"repeat","background-position":"center center","background-size":"auto","background-attachment":"scroll","background-type":"","background-media":"","overlay-type":"","overlay-color":"","overlay-opacity":"","overlay-gradient":""},"mobile":{"background-color":"var(--ast-global-color-5)","background-image":"","background-repeat":"repeat","background-position":"center center","background-size":"auto","background-attachment":"scroll","background-type":"","background-media":"","overlay-type":"","overlay-color":"","overlay-opacity":"","overlay-gradient":""}}},"product_brand":[],"product_cat":[1701,1699,1729],"product_tag":[755,1552,1576],"class_list":{"0":"post-16197","1":"product","2":"type-product","3":"status-publish","4":"has-post-thumbnail","6":"product_cat-eeterlike-olide-segud","7":"product_cat-eeterlikud-olid","8":"product_cat-immuunsuse-tugevdamiseks","9":"product_tag-28g-et","10":"product_tag-kapslid","11":"product_tag-toidulisandid","12":"desktop-align-left","13":"tablet-align-left","14":"mobile-align-left","16":"first","17":"instock","18":"taxable","19":"shipping-taxable","20":"purchasable","21":"product-type-simple"},"_links":{"self":[{"href":"https:\/\/mamaterra.lt\/et\/wp-json\/wp\/v2\/product\/16197","targetHints":{"allow":["GET"]}}],"collection":[{"href":"https:\/\/mamaterra.lt\/et\/wp-json\/wp\/v2\/product"}],"about":[{"href":"https:\/\/mamaterra.lt\/et\/wp-json\/wp\/v2\/types\/product"}],"wp:featuredmedia":[{"embeddable":true,"href":"https:\/\/mamaterra.lt\/et\/wp-json\/wp\/v2\/media\/12437"}],"wp:attachment":[{"href":"https:\/\/mamaterra.lt\/et\/wp-json\/wp\/v2\/media?parent=16197"}],"wp:term":[{"taxonomy":"product_brand","embeddable":true,"href":"https:\/\/mamaterra.lt\/et\/wp-json\/wp\/v2\/product_brand?post=16197"},{"taxonomy":"product_cat","embeddable":true,"href":"https:\/\/mamaterra.lt\/et\/wp-json\/wp\/v2\/product_cat?post=16197"},{"taxonomy":"product_tag","embeddable":true,"href":"https:\/\/mamaterra.lt\/et\/wp-json\/wp\/v2\/product_tag?post=16197"}],"curies":[{"name":"wp","href":"https:\/\/api.w.org\/{rel}","templated":true}]}}