{"id":16192,"date":"2021-04-19T09:32:59","date_gmt":"2021-04-19T08:32:59","guid":{"rendered":"https:\/\/mamaterra.lt\/parduotuve\/maaratlemata\/seerum-juustele-juurtest-napunaideteni-doterra-salon-essentials-30ml\/"},"modified":"2021-04-19T09:32:59","modified_gmt":"2021-04-19T08:32:59","slug":"seerum-juustele-juurtest-otsteni-doterra-salon-essentials-30ml","status":"publish","type":"product","link":"https:\/\/mamaterra.lt\/et\/parduotuve\/hugieen-ja-nahahooldus\/salon-essentials-juuksehooldustooted\/seerum-juustele-juurtest-otsteni-doterra-salon-essentials-30ml\/","title":{"rendered":"Seerum juustele juurtest n\u00e4pun\u00e4ideteni doTERRA SALON ESSENTIALS\u2122 30ml"},"content":{"rendered":"<p><strong>Seerum juustele juurest otsani doTERRA SALON ESSENTIALS\u2122  <\/strong><\/p>\n<p>30 ml<\/p>\n<p>&nbsp;<\/p>\n<p><strong>Seerum juustele juurest otsani doTERRA SALON ESSENTIALS\u2122 Peamised eelised:<\/strong><\/p>\n<p>Seerum juustele juurtest otsteni m\u00f5jub soodsalt peanahale ja annab juustele maksimaalse tugevuse ja s\u00e4ra.<\/p>\n<ul>\n<li>Lavendli, piparm\u00fcndi, majoraani, seedri, lavendli, rosmariini, niaouli ja eukal\u00fcpti eeterlike \u00f5lidega<\/li>\n<li>Niisutab peanahka ja juukseid<\/li>\n<\/ul>\n<p class=\"p1\"><strong>Juuksehooldustoodete olulised koostise eelised:<\/strong><\/p>\n<ul>\n<li>Aitab kaitsta v\u00e4rvitud juukseid<\/li>\n<li>Juuksed tunduvad pehmed, l\u00e4ikivad ja meeldiv puudutada, nagu lihtsalt juuksurilt<\/li>\n<li>V\u00e4hendab juuste kahjustusi nende moodustumisel<\/li>\n<li>Hoiab peanaha puhta ja tervena<\/li>\n<li>Tugevad ja siledad juuksed<\/li>\n<li>Hoiab \u00e4ra juuste murdumise<\/li>\n<li>Patenteeritud eeterlike \u00f5lide segud annavad juustele ja peanahale terve v\u00e4limuse<\/li>\n<\/ul>\n<p>&nbsp;<\/p>\n<p>Lisateave <strong>doTERRA SALLON ESSENTALS seerumi kohta.<\/strong><\/p>\n<p><iframe title=\"Parim viis doTERRA juure kallutamiseks seerumi kasutamiseks\" src=\"https:\/\/www.youtube.com\/embed\/HOqdQkLrTV0\" width=\"946\" height=\"532\" frameborder=\"0\" allowfullscreen=\"allowfullscreen\"><\/iframe><\/p>\n","protected":false},"excerpt":{"rendered":"<ul>\n<li>Lavendli, piparm\u00fcndi, majoraani, seedri, lavendli, rosmariini, niaouli ja eukal\u00fcpti eeterlike \u00f5lidega<\/li>\n<li>Niisutab peanahka ja juukseid<\/li>\n<\/ul>\n","protected":false},"featured_media":12452,"template":"","meta":{"site-sidebar-layout":"default","site-content-layout":"default","ast-site-content-layout":"default","site-content-style":"default","site-sidebar-style":"default","ast-global-header-display":"","ast-banner-title-visibility":"","ast-main-header-display":"","ast-hfb-above-header-display":"","ast-hfb-below-header-display":"","ast-hfb-mobile-header-display":"","site-post-title":"","ast-breadcrumbs-content":"","ast-featured-img":"","footer-sml-layout":"","ast-disable-related-posts":"","theme-transparent-header-meta":"default","adv-header-id-meta":"","stick-header-meta":"","header-above-stick-meta":"","header-main-stick-meta":"","header-below-stick-meta":"","astra-migrate-meta-layouts":"default","ast-page-background-enabled":"default","ast-page-background-meta":{"desktop":{"background-color":"","background-image":"","background-repeat":"repeat","background-position":"center center","background-size":"auto","background-attachment":"scroll","background-type":"","background-media":"","overlay-type":"","overlay-color":"","overlay-opacity":"","overlay-gradient":""},"tablet":{"background-color":"","background-image":"","background-repeat":"repeat","background-position":"center center","background-size":"auto","background-attachment":"scroll","background-type":"","background-media":"","overlay-type":"","overlay-color":"","overlay-opacity":"","overlay-gradient":""},"mobile":{"background-color":"","background-image":"","background-repeat":"repeat","background-position":"center center","background-size":"auto","background-attachment":"scroll","background-type":"","background-media":"","overlay-type":"","overlay-color":"","overlay-opacity":"","overlay-gradient":""}},"ast-content-background-meta":{"desktop":{"background-color":"var(--ast-global-color-5)","background-image":"","background-repeat":"repeat","background-position":"center center","background-size":"auto","background-attachment":"scroll","background-type":"","background-media":"","overlay-type":"","overlay-color":"","overlay-opacity":"","overlay-gradient":""},"tablet":{"background-color":"var(--ast-global-color-5)","background-image":"","background-repeat":"repeat","background-position":"center center","background-size":"auto","background-attachment":"scroll","background-type":"","background-media":"","overlay-type":"","overlay-color":"","overlay-opacity":"","overlay-gradient":""},"mobile":{"background-color":"var(--ast-global-color-5)","background-image":"","background-repeat":"repeat","background-position":"center center","background-size":"auto","background-attachment":"scroll","background-type":"","background-media":"","overlay-type":"","overlay-color":"","overlay-opacity":"","overlay-gradient":""}}},"product_brand":[],"product_cat":[1710,1714],"product_tag":[758,1425,1600],"class_list":{"0":"post-16192","1":"product","2":"type-product","3":"status-publish","4":"has-post-thumbnail","6":"product_cat-hugieen-ja-nahahooldus","7":"product_cat-salon-essentials-juuksehooldustooted","8":"product_tag-30-ml-et","9":"product_tag-salon-essentials-et","10":"product_tag-seerum","11":"desktop-align-left","12":"tablet-align-left","13":"mobile-align-left","15":"first","16":"instock","17":"sale","18":"taxable","19":"shipping-taxable","20":"purchasable","21":"product-type-simple"},"_links":{"self":[{"href":"https:\/\/mamaterra.lt\/et\/wp-json\/wp\/v2\/product\/16192","targetHints":{"allow":["GET"]}}],"collection":[{"href":"https:\/\/mamaterra.lt\/et\/wp-json\/wp\/v2\/product"}],"about":[{"href":"https:\/\/mamaterra.lt\/et\/wp-json\/wp\/v2\/types\/product"}],"wp:featuredmedia":[{"embeddable":true,"href":"https:\/\/mamaterra.lt\/et\/wp-json\/wp\/v2\/media\/12452"}],"wp:attachment":[{"href":"https:\/\/mamaterra.lt\/et\/wp-json\/wp\/v2\/media?parent=16192"}],"wp:term":[{"taxonomy":"product_brand","embeddable":true,"href":"https:\/\/mamaterra.lt\/et\/wp-json\/wp\/v2\/product_brand?post=16192"},{"taxonomy":"product_cat","embeddable":true,"href":"https:\/\/mamaterra.lt\/et\/wp-json\/wp\/v2\/product_cat?post=16192"},{"taxonomy":"product_tag","embeddable":true,"href":"https:\/\/mamaterra.lt\/et\/wp-json\/wp\/v2\/product_tag?post=16192"}],"curies":[{"name":"wp","href":"https:\/\/api.w.org\/{rel}","templated":true}]}}