{"id":16189,"date":"2021-04-19T08:47:14","date_gmt":"2021-04-19T07:47:14","guid":{"rendered":"https:\/\/mamaterra.lt\/parduotuve\/maaratlemata\/doterra-toidulisandite-kompleks-rakkude-elujoulisuse-tagamiseks-alpha-crs\/"},"modified":"2021-04-19T08:47:14","modified_gmt":"2021-04-19T07:47:14","slug":"kauakestev-elujoudu-toetav-doterra-toidulisand-kompleks-alfa-crs","status":"publish","type":"product","link":"https:\/\/mamaterra.lt\/et\/parduotuve\/eeterlikud-olid\/kauakestev-elujoudu-toetav-doterra-toidulisand-kompleks-alfa-crs\/","title":{"rendered":"doTERRA toidulisandite kompleks rakkude eluj\u00f5ulisuse tagamiseks Alpha CRS\u2122 +"},"content":{"rendered":"<p><strong>doTERRA toidulisandite kompleks rakkude eluj\u00f5ulisuse tagamiseks Alpha CRS\u2122 +<\/strong><\/p>\n<p>120 kapslit<\/p>\n<p>&nbsp;<\/p>\n<p><strong>Rakkude eluj\u00f5ulisuse tugi Doterra toidulisandi kompleks ALPHA CRS + peamised eelised\u2122:<\/strong><\/p>\n<p>doTERRA Alpha CRS+ on patenteeritud valem, mis \u00fchendab endas tugeva koguse looduslikke taimeekstrakte. Alpha CRS+ on m\u00f5eldud igap\u00e4evaseks kasutamiseks koos xEO Mega v\u00f5i vEO Mega ja Microplex VMz-ga, edendades eluj\u00f5udu ja heaolu kogu elu jooksul.<\/p>\n<ul>\n<li>Taimetoidukapslid ei sisalda naatriumlaurilsulfaati, piima, nisu ega loomseid saadusi<\/li>\n<li>Igap\u00e4evaseks kasutamiseks koos xEO Mega v\u00f5i vEO Mega ja Microplex VMz-ga<\/li>\n<li>Taimetoitlaste kapslid ei sisalda naatriumlaur\u00fc\u00fclsulfaati<\/li>\n<\/ul>\n<p>&nbsp;<\/p>\n<p>Vaadake videot selle <strong>raku eluj\u00f5udu toetava DoTERRA toidulisandikompleksi ALPHA CRS\u2122 + kohta.<\/strong><\/p>\n<p><iframe title=\"Energialisand: doTERRA Alpha CRS+ eelised ja kasutusalad\" src=\"https:\/\/www.youtube.com\/embed\/3_Iv6wi-lY0\" width=\"946\" height=\"532\" frameborder=\"0\" allowfullscreen=\"allowfullscreen\"><\/iframe><\/p>\n","protected":false},"excerpt":{"rendered":"<ul>\n<li>Taimetoidukapslid ei sisalda naatriumlaurilsulfaati, piima, nisu ega loomseid saadusi<\/li>\n<li>Igap\u00e4evaseks kasutamiseks koos xEO Mega v\u00f5i vEO Mega ja Microplex VMz-ga<\/li>\n<li>Taimetoitlaste kapslid ei sisalda naatriumlaur\u00fc\u00fclsulfaati<\/li>\n<\/ul>\n","protected":false},"featured_media":12443,"template":"","meta":{"site-sidebar-layout":"default","site-content-layout":"default","ast-site-content-layout":"default","site-content-style":"default","site-sidebar-style":"default","ast-global-header-display":"","ast-banner-title-visibility":"","ast-main-header-display":"","ast-hfb-above-header-display":"","ast-hfb-below-header-display":"","ast-hfb-mobile-header-display":"","site-post-title":"","ast-breadcrumbs-content":"","ast-featured-img":"","footer-sml-layout":"","ast-disable-related-posts":"","theme-transparent-header-meta":"default","adv-header-id-meta":"","stick-header-meta":"","header-above-stick-meta":"","header-main-stick-meta":"","header-below-stick-meta":"","astra-migrate-meta-layouts":"default","ast-page-background-enabled":"default","ast-page-background-meta":{"desktop":{"background-color":"","background-image":"","background-repeat":"repeat","background-position":"center center","background-size":"auto","background-attachment":"scroll","background-type":"","background-media":"","overlay-type":"","overlay-color":"","overlay-opacity":"","overlay-gradient":""},"tablet":{"background-color":"","background-image":"","background-repeat":"repeat","background-position":"center center","background-size":"auto","background-attachment":"scroll","background-type":"","background-media":"","overlay-type":"","overlay-color":"","overlay-opacity":"","overlay-gradient":""},"mobile":{"background-color":"","background-image":"","background-repeat":"repeat","background-position":"center center","background-size":"auto","background-attachment":"scroll","background-type":"","background-media":"","overlay-type":"","overlay-color":"","overlay-opacity":"","overlay-gradient":""}},"ast-content-background-meta":{"desktop":{"background-color":"var(--ast-global-color-5)","background-image":"","background-repeat":"repeat","background-position":"center center","background-size":"auto","background-attachment":"scroll","background-type":"","background-media":"","overlay-type":"","overlay-color":"","overlay-opacity":"","overlay-gradient":""},"tablet":{"background-color":"var(--ast-global-color-5)","background-image":"","background-repeat":"repeat","background-position":"center center","background-size":"auto","background-attachment":"scroll","background-type":"","background-media":"","overlay-type":"","overlay-color":"","overlay-opacity":"","overlay-gradient":""},"mobile":{"background-color":"var(--ast-global-color-5)","background-image":"","background-repeat":"repeat","background-position":"center center","background-size":"auto","background-attachment":"scroll","background-type":"","background-media":"","overlay-type":"","overlay-color":"","overlay-opacity":"","overlay-gradient":""}}},"product_brand":[],"product_cat":[1699],"product_tag":[],"class_list":{"0":"post-16189","1":"product","2":"type-product","3":"status-publish","4":"has-post-thumbnail","6":"product_cat-eeterlikud-olid","7":"desktop-align-left","8":"tablet-align-left","9":"mobile-align-left","11":"first","12":"instock","13":"sale","14":"taxable","15":"shipping-taxable","16":"purchasable","17":"product-type-simple"},"_links":{"self":[{"href":"https:\/\/mamaterra.lt\/et\/wp-json\/wp\/v2\/product\/16189","targetHints":{"allow":["GET"]}}],"collection":[{"href":"https:\/\/mamaterra.lt\/et\/wp-json\/wp\/v2\/product"}],"about":[{"href":"https:\/\/mamaterra.lt\/et\/wp-json\/wp\/v2\/types\/product"}],"wp:featuredmedia":[{"embeddable":true,"href":"https:\/\/mamaterra.lt\/et\/wp-json\/wp\/v2\/media\/12443"}],"wp:attachment":[{"href":"https:\/\/mamaterra.lt\/et\/wp-json\/wp\/v2\/media?parent=16189"}],"wp:term":[{"taxonomy":"product_brand","embeddable":true,"href":"https:\/\/mamaterra.lt\/et\/wp-json\/wp\/v2\/product_brand?post=16189"},{"taxonomy":"product_cat","embeddable":true,"href":"https:\/\/mamaterra.lt\/et\/wp-json\/wp\/v2\/product_cat?post=16189"},{"taxonomy":"product_tag","embeddable":true,"href":"https:\/\/mamaterra.lt\/et\/wp-json\/wp\/v2\/product_tag?post=16189"}],"curies":[{"name":"wp","href":"https:\/\/api.w.org\/{rel}","templated":true}]}}